{"id":8271,"date":"2022-08-24T15:26:36","date_gmt":"2022-08-24T13:26:36","guid":{"rendered":"https:\/\/www.dressing-fashion.fr\/?post_type=product&#038;p=8271"},"modified":"2023-01-27T10:04:48","modified_gmt":"2023-01-27T09:04:48","slug":"robe-chemisier-betty-boop","status":"publish","type":"product","link":"https:\/\/www.dressing-fashion.fr\/index.php\/produit\/robe-chemisier-betty-boop\/","title":{"rendered":"Robe Chemisier Betty Boop"},"content":{"rendered":"<p>La robe chemisier revient pratiquement toutes les saisons et sa versatilit\u00e9 doit lui \u00eatre \u00e9troitement li\u00e9e. Il cr\u00e9e de nombreuses possibilit\u00e9s d&rsquo;utilisation et de composition, aide \u00e0 allonger la silhouette, peut \u00eatre utilis\u00e9 avec une ceinture pour marquer la taille, cr\u00e9er du volume l\u00e0 o\u00f9 vous en avez besoin ou m\u00eame d\u00e9guiser, selon le mode d&rsquo;utilisation. Ce mod\u00e8le a fi\u00e8re allure avec pratiquement tous les types de chaussures et un grand nombre d&rsquo;accessoires. Peut \u00eatre port\u00e9 par tous les \u00e2ges, pour n&rsquo;importe quel style.<\/p>\n<ul>\n<li>Taille unique allant du 38 au 46<\/li>\n<li>Manches longues<\/li>\n<li>Robe chemisier<\/li>\n<\/ul>\n<p>Mati\u00e8re : 100% Coton<\/p>\n<p>Le mannequin mesure 1m66 et taille un 42\/44.<\/p>\n<p>Les accessoires sont vendus s\u00e9par\u00e9ment.<\/p>\n<p>Lavage en machine \u00e0 froid \u2013 Programme d\u00e9licat \u2013 Eau de javel interdite<\/p>\n<p>&nbsp;<\/p>\n<p>&nbsp;<\/p>\n","protected":false},"excerpt":{"rendered":"<p>La robe chemisier revient pratiquement toutes les saisons et sa versatilit\u00e9 doit lui \u00eatre \u00e9troitement li\u00e9e. Il cr\u00e9e de nombreuses possibilit\u00e9s d&rsquo;utilisation et de composition, aide \u00e0 allonger la silhouette, peut \u00eatre utilis\u00e9 avec une ceinture pour marquer la taille, cr\u00e9er du volume l\u00e0 o\u00f9 vous en avez besoin ou m\u00eame d\u00e9guiser, selon le mode [&hellip;]<\/p>\n","protected":false},"featured_media":8276,"comment_status":"open","ping_status":"closed","template":"","meta":{"site-sidebar-layout":"default","site-content-layout":"default","ast-site-content-layout":"default","site-content-style":"default","site-sidebar-style":"default","ast-global-header-display":"","ast-banner-title-visibility":"","ast-main-header-display":"","ast-hfb-above-header-display":"","ast-hfb-below-header-display":"","ast-hfb-mobile-header-display":"","site-post-title":"","ast-breadcrumbs-content":"","ast-featured-img":"","footer-sml-layout":"","ast-disable-related-posts":"","theme-transparent-header-meta":"default","adv-header-id-meta":"","stick-header-meta":"","header-above-stick-meta":"","header-main-stick-meta":"","header-below-stick-meta":"","astra-migrate-meta-layouts":"default","ast-page-background-enabled":"default","ast-page-background-meta":{"desktop":{"background-color":"","background-image":"","background-repeat":"repeat","background-position":"center center","background-size":"auto","background-attachment":"scroll","background-type":"","background-media":"","overlay-type":"","overlay-color":"","overlay-opacity":"","overlay-gradient":""},"tablet":{"background-color":"","background-image":"","background-repeat":"repeat","background-position":"center center","background-size":"auto","background-attachment":"scroll","background-type":"","background-media":"","overlay-type":"","overlay-color":"","overlay-opacity":"","overlay-gradient":""},"mobile":{"background-color":"","background-image":"","background-repeat":"repeat","background-position":"center center","background-size":"auto","background-attachment":"scroll","background-type":"","background-media":"","overlay-type":"","overlay-color":"","overlay-opacity":"","overlay-gradient":""}},"ast-content-background-meta":{"desktop":{"background-color":"var(--ast-global-color-5)","background-image":"","background-repeat":"repeat","background-position":"center center","background-size":"auto","background-attachment":"scroll","background-type":"","background-media":"","overlay-type":"","overlay-color":"","overlay-opacity":"","overlay-gradient":""},"tablet":{"background-color":"var(--ast-global-color-5)","background-image":"","background-repeat":"repeat","background-position":"center center","background-size":"auto","background-attachment":"scroll","background-type":"","background-media":"","overlay-type":"","overlay-color":"","overlay-opacity":"","overlay-gradient":""},"mobile":{"background-color":"var(--ast-global-color-5)","background-image":"","background-repeat":"repeat","background-position":"center center","background-size":"auto","background-attachment":"scroll","background-type":"","background-media":"","overlay-type":"","overlay-color":"","overlay-opacity":"","overlay-gradient":""}},"_glsr_average":0,"_glsr_ranking":0,"_glsr_reviews":0},"product_brand":[],"product_cat":[59,31,24],"product_tag":[],"class_list":{"0":"post-8271","1":"product","2":"type-product","3":"status-publish","4":"has-post-thumbnail","6":"product_cat-bon-plan","7":"product_cat-robes","8":"product_cat-vetements","9":"desktop-align-left","10":"tablet-align-left","11":"mobile-align-left","13":"first","14":"outofstock","15":"sale","16":"shipping-taxable","17":"purchasable","18":"product-type-simple"},"jetpack_sharing_enabled":true,"_links":{"self":[{"href":"https:\/\/www.dressing-fashion.fr\/index.php\/wp-json\/wp\/v2\/product\/8271","targetHints":{"allow":["GET"]}}],"collection":[{"href":"https:\/\/www.dressing-fashion.fr\/index.php\/wp-json\/wp\/v2\/product"}],"about":[{"href":"https:\/\/www.dressing-fashion.fr\/index.php\/wp-json\/wp\/v2\/types\/product"}],"replies":[{"embeddable":true,"href":"https:\/\/www.dressing-fashion.fr\/index.php\/wp-json\/wp\/v2\/comments?post=8271"}],"version-history":[{"count":2,"href":"https:\/\/www.dressing-fashion.fr\/index.php\/wp-json\/wp\/v2\/product\/8271\/revisions"}],"predecessor-version":[{"id":12379,"href":"https:\/\/www.dressing-fashion.fr\/index.php\/wp-json\/wp\/v2\/product\/8271\/revisions\/12379"}],"wp:featuredmedia":[{"embeddable":true,"href":"https:\/\/www.dressing-fashion.fr\/index.php\/wp-json\/wp\/v2\/media\/8276"}],"wp:attachment":[{"href":"https:\/\/www.dressing-fashion.fr\/index.php\/wp-json\/wp\/v2\/media?parent=8271"}],"wp:term":[{"taxonomy":"product_brand","embeddable":true,"href":"https:\/\/www.dressing-fashion.fr\/index.php\/wp-json\/wp\/v2\/product_brand?post=8271"},{"taxonomy":"product_cat","embeddable":true,"href":"https:\/\/www.dressing-fashion.fr\/index.php\/wp-json\/wp\/v2\/product_cat?post=8271"},{"taxonomy":"product_tag","embeddable":true,"href":"https:\/\/www.dressing-fashion.fr\/index.php\/wp-json\/wp\/v2\/product_tag?post=8271"}],"curies":[{"name":"wp","href":"https:\/\/api.w.org\/{rel}","templated":true}]}}