{"id":30640,"date":"2026-04-06T11:31:10","date_gmt":"2026-04-06T09:31:10","guid":{"rendered":"https:\/\/www.dressing-fashion.fr\/?post_type=product&#038;p=30640"},"modified":"2026-04-06T11:47:41","modified_gmt":"2026-04-06T09:47:41","slug":"ensemble-elza-kaki","status":"publish","type":"product","link":"https:\/\/www.dressing-fashion.fr\/index.php\/produit\/ensemble-elza-kaki\/","title":{"rendered":"Ensemble Elza &#8211; Kaki"},"content":{"rendered":"<p>Ensemble fluide satin\u00e9 Kaki compos\u00e9 d\u2019une blouse oversize asym\u00e9trique et d\u2019un pantalon large assorti.<\/p>\n<p>Sa coupe ample et \u00e9l\u00e9gante apporte un tr\u00e8s beau tomb\u00e9 et beaucoup de confort. La blouse est plus courte \u00e0 l\u2019avant et plus longue \u00e0 l\u2019arri\u00e8re, ce qui affine la silhouette tout en couvrant joliment les hanches. Le pantalon large, fluide et sans poches, poss\u00e8de une taille \u00e9lastique avec lien de serrage pour un port\u00e9 confortable.<\/p>\n<p>Taille unique pouvant convenir environ du 42 au 52.<\/p>\n<p>Blouse :<br \/>\n\u2022 Tour de poitrine : 160 cm<br \/>\n\u2022 Longueur devant : 75 cm<br \/>\n\u2022 Longueur derri\u00e8re : 92 cm<\/p>\n<p>Pantalon :<br \/>\n\u2022 Tour de taille \u00e9lastique \u00e9tir\u00e9 : 130 cm<br \/>\n\u2022 Longueur : 109 cm<\/p>\n<p>Mati\u00e8re satin\u00e9e, fluide, l\u00e9g\u00e8re et tr\u00e8s agr\u00e9able \u00e0 porter. Un ensemble chic, confortable et facile \u00e0 accessoiriser aussi bien avec des sandales qu\u2019avec des bijoux plus habill\u00e9s.<\/p>\n<p>Remarque : les photos sont retouch\u00e9es et les couleurs peuvent l\u00e9g\u00e8rement varier selon la lumi\u00e8re et l\u2019\u00e9cran.<\/p>\n<p>Le mannequin mesure 1m70 et taille un 46<\/p>\n<p>Les accessoires sont vendus s\u00e9par\u00e9ment.<\/p>\n<p>&nbsp;<\/p>\n<p>&nbsp;<\/p>\n","protected":false},"excerpt":{"rendered":"<p>Ensemble fluide satin\u00e9 Kaki compos\u00e9 d\u2019une blouse oversize asym\u00e9trique et d\u2019un pantalon large assorti. Sa coupe ample et \u00e9l\u00e9gante apporte un tr\u00e8s beau tomb\u00e9 et beaucoup de confort. La blouse est plus courte \u00e0 l\u2019avant et plus longue \u00e0 l\u2019arri\u00e8re, ce qui affine la silhouette tout en couvrant joliment les hanches. Le pantalon large, fluide [&hellip;]<\/p>\n","protected":false},"featured_media":30644,"comment_status":"open","ping_status":"closed","template":"","meta":{"site-sidebar-layout":"default","site-content-layout":"default","ast-site-content-layout":"default","site-content-style":"default","site-sidebar-style":"default","ast-global-header-display":"","ast-banner-title-visibility":"","ast-main-header-display":"","ast-hfb-above-header-display":"","ast-hfb-below-header-display":"","ast-hfb-mobile-header-display":"","site-post-title":"","ast-breadcrumbs-content":"","ast-featured-img":"","footer-sml-layout":"","ast-disable-related-posts":"","theme-transparent-header-meta":"default","adv-header-id-meta":"","stick-header-meta":"","header-above-stick-meta":"","header-main-stick-meta":"","header-below-stick-meta":"","astra-migrate-meta-layouts":"set","ast-page-background-enabled":"default","ast-page-background-meta":{"desktop":{"background-color":"","background-image":"","background-repeat":"repeat","background-position":"center center","background-size":"auto","background-attachment":"scroll","background-type":"","background-media":"","overlay-type":"","overlay-color":"","overlay-opacity":"","overlay-gradient":""},"tablet":{"background-color":"","background-image":"","background-repeat":"repeat","background-position":"center center","background-size":"auto","background-attachment":"scroll","background-type":"","background-media":"","overlay-type":"","overlay-color":"","overlay-opacity":"","overlay-gradient":""},"mobile":{"background-color":"","background-image":"","background-repeat":"repeat","background-position":"center center","background-size":"auto","background-attachment":"scroll","background-type":"","background-media":"","overlay-type":"","overlay-color":"","overlay-opacity":"","overlay-gradient":""}},"ast-content-background-meta":{"desktop":{"background-color":"var(--ast-global-color-5)","background-image":"","background-repeat":"repeat","background-position":"center center","background-size":"auto","background-attachment":"scroll","background-type":"","background-media":"","overlay-type":"","overlay-color":"","overlay-opacity":"","overlay-gradient":""},"tablet":{"background-color":"var(--ast-global-color-5)","background-image":"","background-repeat":"repeat","background-position":"center center","background-size":"auto","background-attachment":"scroll","background-type":"","background-media":"","overlay-type":"","overlay-color":"","overlay-opacity":"","overlay-gradient":""},"mobile":{"background-color":"var(--ast-global-color-5)","background-image":"","background-repeat":"repeat","background-position":"center center","background-size":"auto","background-attachment":"scroll","background-type":"","background-media":"","overlay-type":"","overlay-color":"","overlay-opacity":"","overlay-gradient":""}},"_glsr_average":0,"_glsr_ranking":0,"_glsr_reviews":0},"product_brand":[],"product_cat":[227,35,108,84],"product_tag":[],"class_list":{"0":"post-30640","1":"product","2":"type-product","3":"status-publish","4":"has-post-thumbnail","6":"product_cat-ensemble","7":"product_cat-grandes-tailles","8":"product_cat-nouveautes-de-la-semaine","9":"product_cat-nouvellecollection","10":"desktop-align-left","11":"tablet-align-left","12":"mobile-align-left","14":"first","15":"instock","16":"shipping-taxable","17":"purchasable","18":"product-type-simple"},"jetpack_sharing_enabled":true,"_links":{"self":[{"href":"https:\/\/www.dressing-fashion.fr\/index.php\/wp-json\/wp\/v2\/product\/30640","targetHints":{"allow":["GET"]}}],"collection":[{"href":"https:\/\/www.dressing-fashion.fr\/index.php\/wp-json\/wp\/v2\/product"}],"about":[{"href":"https:\/\/www.dressing-fashion.fr\/index.php\/wp-json\/wp\/v2\/types\/product"}],"replies":[{"embeddable":true,"href":"https:\/\/www.dressing-fashion.fr\/index.php\/wp-json\/wp\/v2\/comments?post=30640"}],"version-history":[{"count":1,"href":"https:\/\/www.dressing-fashion.fr\/index.php\/wp-json\/wp\/v2\/product\/30640\/revisions"}],"predecessor-version":[{"id":30645,"href":"https:\/\/www.dressing-fashion.fr\/index.php\/wp-json\/wp\/v2\/product\/30640\/revisions\/30645"}],"wp:featuredmedia":[{"embeddable":true,"href":"https:\/\/www.dressing-fashion.fr\/index.php\/wp-json\/wp\/v2\/media\/30644"}],"wp:attachment":[{"href":"https:\/\/www.dressing-fashion.fr\/index.php\/wp-json\/wp\/v2\/media?parent=30640"}],"wp:term":[{"taxonomy":"product_brand","embeddable":true,"href":"https:\/\/www.dressing-fashion.fr\/index.php\/wp-json\/wp\/v2\/product_brand?post=30640"},{"taxonomy":"product_cat","embeddable":true,"href":"https:\/\/www.dressing-fashion.fr\/index.php\/wp-json\/wp\/v2\/product_cat?post=30640"},{"taxonomy":"product_tag","embeddable":true,"href":"https:\/\/www.dressing-fashion.fr\/index.php\/wp-json\/wp\/v2\/product_tag?post=30640"}],"curies":[{"name":"wp","href":"https:\/\/api.w.org\/{rel}","templated":true}]}}