{"id":30518,"date":"2026-02-20T15:32:40","date_gmt":"2026-02-20T14:32:40","guid":{"rendered":"https:\/\/www.dressing-fashion.fr\/?post_type=product&#038;p=30518"},"modified":"2026-02-20T15:58:17","modified_gmt":"2026-02-20T14:58:17","slug":"sac-a-dos-paloma","status":"publish","type":"product","link":"https:\/\/www.dressing-fashion.fr\/index.php\/produit\/sac-a-dos-paloma\/","title":{"rendered":"Sac \u00e0 dos Paloma"},"content":{"rendered":"<p>Sac \u00e0 dos femme \u2013 coloris Apricot &amp; Kaki<\/p>\n<p>\u00c9l\u00e9gant, pratique et facile \u00e0 porter au quotidien, ce sac \u00e0 dos femme en similicuir grain\u00e9 s\u00e9duit par ses coloris doux et intemporels. Id\u00e9al pour accompagner toutes vos tenues, du casual au plus habill\u00e9.<\/p>\n<p>Son format compact mais spacieux permet d\u2019emporter l\u2019essentiel tout en gardant les mains libres. Le rabat avec bouton aimant\u00e9 s\u00e9curise l\u2019ouverture, tandis que les multiples compartiments zipp\u00e9s facilitent l\u2019organisation.<\/p>\n<p>\u00c0 l\u2019int\u00e9rieur, une grande poche principale doubl\u00e9e, compl\u00e9t\u00e9e par une poche zipp\u00e9e pour les petits objets. Une poche arri\u00e8re zipp\u00e9e discr\u00e8te permet de garder vos effets personnels en s\u00e9curit\u00e9.<\/p>\n<p>Les bretelles r\u00e9glables assurent un confort optimal, et la poign\u00e9e sup\u00e9rieure permet \u00e9galement un port\u00e9 \u00e0 la main.<\/p>\n<p>Coloris disponibles :<br \/>\n* Apricot : beige abricot doux et lumineux<br \/>\n* Kaki : nuance taupe \/ brun clair (kaki non vert)<\/p>\n<p>Caract\u00e9ristiques :<br \/>\n* Mati\u00e8re : similicuir (PU) effet grain\u00e9<br \/>\n* Dimensions : environ 27 \u00d7 30 \u00d7 12 cm<br \/>\n* Rabat avec fermeture aimant\u00e9e<br \/>\n* Plusieurs compartiments zipp\u00e9s<br \/>\n* Poche int\u00e9rieure zipp\u00e9e<br \/>\n* Poche arri\u00e8re zipp\u00e9e s\u00e9curis\u00e9e<br \/>\n* Bretelles r\u00e9glables<br \/>\n* Poign\u00e9e solide sur le dessus<\/p>\n<p>Un mod\u00e8le chic et fonctionnel, parfait pour le quotidien, les sorties ou les voyages.<\/p>\n","protected":false},"excerpt":{"rendered":"<p>Sac \u00e0 dos femme \u2013 coloris Apricot &amp; Kaki \u00c9l\u00e9gant, pratique et facile \u00e0 porter au quotidien, ce sac \u00e0 dos femme en similicuir grain\u00e9 s\u00e9duit par ses coloris doux et intemporels. Id\u00e9al pour accompagner toutes vos tenues, du casual au plus habill\u00e9. Son format compact mais spacieux permet d\u2019emporter l\u2019essentiel tout en gardant les [&hellip;]<\/p>\n","protected":false},"featured_media":30530,"comment_status":"open","ping_status":"closed","template":"","meta":{"site-sidebar-layout":"default","site-content-layout":"default","ast-site-content-layout":"default","site-content-style":"default","site-sidebar-style":"default","ast-global-header-display":"","ast-banner-title-visibility":"","ast-main-header-display":"","ast-hfb-above-header-display":"","ast-hfb-below-header-display":"","ast-hfb-mobile-header-display":"","site-post-title":"","ast-breadcrumbs-content":"","ast-featured-img":"","footer-sml-layout":"","ast-disable-related-posts":"","theme-transparent-header-meta":"default","adv-header-id-meta":"","stick-header-meta":"","header-above-stick-meta":"","header-main-stick-meta":"","header-below-stick-meta":"","astra-migrate-meta-layouts":"set","ast-page-background-enabled":"default","ast-page-background-meta":{"desktop":{"background-color":"","background-image":"","background-repeat":"repeat","background-position":"center center","background-size":"auto","background-attachment":"scroll","background-type":"","background-media":"","overlay-type":"","overlay-color":"","overlay-opacity":"","overlay-gradient":""},"tablet":{"background-color":"","background-image":"","background-repeat":"repeat","background-position":"center center","background-size":"auto","background-attachment":"scroll","background-type":"","background-media":"","overlay-type":"","overlay-color":"","overlay-opacity":"","overlay-gradient":""},"mobile":{"background-color":"","background-image":"","background-repeat":"repeat","background-position":"center center","background-size":"auto","background-attachment":"scroll","background-type":"","background-media":"","overlay-type":"","overlay-color":"","overlay-opacity":"","overlay-gradient":""}},"ast-content-background-meta":{"desktop":{"background-color":"var(--ast-global-color-5)","background-image":"","background-repeat":"repeat","background-position":"center center","background-size":"auto","background-attachment":"scroll","background-type":"","background-media":"","overlay-type":"","overlay-color":"","overlay-opacity":"","overlay-gradient":""},"tablet":{"background-color":"var(--ast-global-color-5)","background-image":"","background-repeat":"repeat","background-position":"center center","background-size":"auto","background-attachment":"scroll","background-type":"","background-media":"","overlay-type":"","overlay-color":"","overlay-opacity":"","overlay-gradient":""},"mobile":{"background-color":"var(--ast-global-color-5)","background-image":"","background-repeat":"repeat","background-position":"center center","background-size":"auto","background-attachment":"scroll","background-type":"","background-media":"","overlay-type":"","overlay-color":"","overlay-opacity":"","overlay-gradient":""}},"_glsr_average":0,"_glsr_ranking":0,"_glsr_reviews":0},"product_brand":[],"product_cat":[48,59,108,57],"product_tag":[],"class_list":{"0":"post-30518","1":"product","2":"type-product","3":"status-publish","4":"has-post-thumbnail","6":"product_cat-accessoires","7":"product_cat-bon-plan","8":"product_cat-nouveautes-de-la-semaine","9":"product_cat-sacs","10":"desktop-align-left","11":"tablet-align-left","12":"mobile-align-left","14":"first","15":"instock","16":"sale","17":"shipping-taxable","18":"purchasable","19":"product-type-variable"},"jetpack_sharing_enabled":true,"_links":{"self":[{"href":"https:\/\/www.dressing-fashion.fr\/index.php\/wp-json\/wp\/v2\/product\/30518","targetHints":{"allow":["GET"]}}],"collection":[{"href":"https:\/\/www.dressing-fashion.fr\/index.php\/wp-json\/wp\/v2\/product"}],"about":[{"href":"https:\/\/www.dressing-fashion.fr\/index.php\/wp-json\/wp\/v2\/types\/product"}],"replies":[{"embeddable":true,"href":"https:\/\/www.dressing-fashion.fr\/index.php\/wp-json\/wp\/v2\/comments?post=30518"}],"version-history":[{"count":1,"href":"https:\/\/www.dressing-fashion.fr\/index.php\/wp-json\/wp\/v2\/product\/30518\/revisions"}],"predecessor-version":[{"id":30534,"href":"https:\/\/www.dressing-fashion.fr\/index.php\/wp-json\/wp\/v2\/product\/30518\/revisions\/30534"}],"wp:featuredmedia":[{"embeddable":true,"href":"https:\/\/www.dressing-fashion.fr\/index.php\/wp-json\/wp\/v2\/media\/30530"}],"wp:attachment":[{"href":"https:\/\/www.dressing-fashion.fr\/index.php\/wp-json\/wp\/v2\/media?parent=30518"}],"wp:term":[{"taxonomy":"product_brand","embeddable":true,"href":"https:\/\/www.dressing-fashion.fr\/index.php\/wp-json\/wp\/v2\/product_brand?post=30518"},{"taxonomy":"product_cat","embeddable":true,"href":"https:\/\/www.dressing-fashion.fr\/index.php\/wp-json\/wp\/v2\/product_cat?post=30518"},{"taxonomy":"product_tag","embeddable":true,"href":"https:\/\/www.dressing-fashion.fr\/index.php\/wp-json\/wp\/v2\/product_tag?post=30518"}],"curies":[{"name":"wp","href":"https:\/\/api.w.org\/{rel}","templated":true}]}}