{"id":30503,"date":"2026-02-19T17:21:57","date_gmt":"2026-02-19T16:21:57","guid":{"rendered":"https:\/\/www.dressing-fashion.fr\/?post_type=product&#038;p=30503"},"modified":"2026-02-19T17:34:26","modified_gmt":"2026-02-19T16:34:26","slug":"sac-a-dos-lia","status":"publish","type":"product","link":"https:\/\/www.dressing-fashion.fr\/index.php\/produit\/sac-a-dos-lia\/","title":{"rendered":"Sac \u00e0 dos Lia"},"content":{"rendered":"<p>Sac \u00e0 dos Lia \u2014 Compact, moderne et \u00e9l\u00e9gant<\/p>\n<p>Le sac \u00e0 dos Lia s\u00e9duit par son design compact, moderne et intemporel. Con\u00e7u en similicuir effet grain\u00e9, il allie \u00e9l\u00e9gance et praticit\u00e9 pour accompagner toutes vos journ\u00e9es avec style.<\/p>\n<p>Son format l\u00e9ger permet d\u2019emporter l\u2019essentiel tout en gardant les mains libres. Id\u00e9al pour la ville, le travail, les sorties ou les voyages.<\/p>\n<p>Caract\u00e9ristiques<br \/>\n\u2022 Mati\u00e8re : similicuir (cuir PU) effet grain\u00e9<br \/>\n\u2022 Fermeture principale zipp\u00e9e<br \/>\n\u2022 1 poche avant zipp\u00e9e<br \/>\n\u2022 2 poches lat\u00e9rales<br \/>\n\u2022 1 compartiment int\u00e9rieur zipp\u00e9<br \/>\n\u2022 Bretelles r\u00e9glables et confortables<br \/>\n\u2022 Coloris : marron camel, beige et noir<\/p>\n<p>Dimensions<br \/>\n\u2022 Environ 23 \u00d7 29 \u00d7 12 cm<\/p>\n","protected":false},"excerpt":{"rendered":"<p>Sac \u00e0 dos Lia \u2014 Compact, moderne et \u00e9l\u00e9gant Le sac \u00e0 dos Lia s\u00e9duit par son design compact, moderne et intemporel. Con\u00e7u en similicuir effet grain\u00e9, il allie \u00e9l\u00e9gance et praticit\u00e9 pour accompagner toutes vos journ\u00e9es avec style. Son format l\u00e9ger permet d\u2019emporter l\u2019essentiel tout en gardant les mains libres. Id\u00e9al pour la ville, [&hellip;]<\/p>\n","protected":false},"featured_media":30515,"comment_status":"open","ping_status":"closed","template":"","meta":{"site-sidebar-layout":"default","site-content-layout":"default","ast-site-content-layout":"default","site-content-style":"default","site-sidebar-style":"default","ast-global-header-display":"","ast-banner-title-visibility":"","ast-main-header-display":"","ast-hfb-above-header-display":"","ast-hfb-below-header-display":"","ast-hfb-mobile-header-display":"","site-post-title":"","ast-breadcrumbs-content":"","ast-featured-img":"","footer-sml-layout":"","ast-disable-related-posts":"","theme-transparent-header-meta":"default","adv-header-id-meta":"","stick-header-meta":"","header-above-stick-meta":"","header-main-stick-meta":"","header-below-stick-meta":"","astra-migrate-meta-layouts":"set","ast-page-background-enabled":"default","ast-page-background-meta":{"desktop":{"background-color":"","background-image":"","background-repeat":"repeat","background-position":"center center","background-size":"auto","background-attachment":"scroll","background-type":"","background-media":"","overlay-type":"","overlay-color":"","overlay-opacity":"","overlay-gradient":""},"tablet":{"background-color":"","background-image":"","background-repeat":"repeat","background-position":"center center","background-size":"auto","background-attachment":"scroll","background-type":"","background-media":"","overlay-type":"","overlay-color":"","overlay-opacity":"","overlay-gradient":""},"mobile":{"background-color":"","background-image":"","background-repeat":"repeat","background-position":"center center","background-size":"auto","background-attachment":"scroll","background-type":"","background-media":"","overlay-type":"","overlay-color":"","overlay-opacity":"","overlay-gradient":""}},"ast-content-background-meta":{"desktop":{"background-color":"var(--ast-global-color-5)","background-image":"","background-repeat":"repeat","background-position":"center center","background-size":"auto","background-attachment":"scroll","background-type":"","background-media":"","overlay-type":"","overlay-color":"","overlay-opacity":"","overlay-gradient":""},"tablet":{"background-color":"var(--ast-global-color-5)","background-image":"","background-repeat":"repeat","background-position":"center center","background-size":"auto","background-attachment":"scroll","background-type":"","background-media":"","overlay-type":"","overlay-color":"","overlay-opacity":"","overlay-gradient":""},"mobile":{"background-color":"var(--ast-global-color-5)","background-image":"","background-repeat":"repeat","background-position":"center center","background-size":"auto","background-attachment":"scroll","background-type":"","background-media":"","overlay-type":"","overlay-color":"","overlay-opacity":"","overlay-gradient":""}},"_glsr_average":0,"_glsr_ranking":0,"_glsr_reviews":0},"product_brand":[],"product_cat":[48,59,108,57],"product_tag":[],"class_list":{"0":"post-30503","1":"product","2":"type-product","3":"status-publish","4":"has-post-thumbnail","6":"product_cat-accessoires","7":"product_cat-bon-plan","8":"product_cat-nouveautes-de-la-semaine","9":"product_cat-sacs","10":"desktop-align-left","11":"tablet-align-left","12":"mobile-align-left","14":"first","15":"instock","16":"sale","17":"shipping-taxable","18":"purchasable","19":"product-type-simple"},"jetpack_sharing_enabled":true,"_links":{"self":[{"href":"https:\/\/www.dressing-fashion.fr\/index.php\/wp-json\/wp\/v2\/product\/30503","targetHints":{"allow":["GET"]}}],"collection":[{"href":"https:\/\/www.dressing-fashion.fr\/index.php\/wp-json\/wp\/v2\/product"}],"about":[{"href":"https:\/\/www.dressing-fashion.fr\/index.php\/wp-json\/wp\/v2\/types\/product"}],"replies":[{"embeddable":true,"href":"https:\/\/www.dressing-fashion.fr\/index.php\/wp-json\/wp\/v2\/comments?post=30503"}],"version-history":[{"count":2,"href":"https:\/\/www.dressing-fashion.fr\/index.php\/wp-json\/wp\/v2\/product\/30503\/revisions"}],"predecessor-version":[{"id":30517,"href":"https:\/\/www.dressing-fashion.fr\/index.php\/wp-json\/wp\/v2\/product\/30503\/revisions\/30517"}],"wp:featuredmedia":[{"embeddable":true,"href":"https:\/\/www.dressing-fashion.fr\/index.php\/wp-json\/wp\/v2\/media\/30515"}],"wp:attachment":[{"href":"https:\/\/www.dressing-fashion.fr\/index.php\/wp-json\/wp\/v2\/media?parent=30503"}],"wp:term":[{"taxonomy":"product_brand","embeddable":true,"href":"https:\/\/www.dressing-fashion.fr\/index.php\/wp-json\/wp\/v2\/product_brand?post=30503"},{"taxonomy":"product_cat","embeddable":true,"href":"https:\/\/www.dressing-fashion.fr\/index.php\/wp-json\/wp\/v2\/product_cat?post=30503"},{"taxonomy":"product_tag","embeddable":true,"href":"https:\/\/www.dressing-fashion.fr\/index.php\/wp-json\/wp\/v2\/product_tag?post=30503"}],"curies":[{"name":"wp","href":"https:\/\/api.w.org\/{rel}","templated":true}]}}