{"id":30467,"date":"2026-02-19T16:58:18","date_gmt":"2026-02-19T15:58:18","guid":{"rendered":"https:\/\/www.dressing-fashion.fr\/?post_type=product&#038;p=30467"},"modified":"2026-02-19T17:12:04","modified_gmt":"2026-02-19T16:12:04","slug":"porte-telephone-porte-cartes","status":"publish","type":"product","link":"https:\/\/www.dressing-fashion.fr\/index.php\/produit\/porte-telephone-porte-cartes\/","title":{"rendered":"Porte-t\u00e9l\u00e9phone &#038; porte-cartes"},"content":{"rendered":"<p>&nbsp;<\/p>\n<p>Pratique, compact et tr\u00e8s chic, ce porte-t\u00e9l\u00e9phone avec compartiment pour cartes est l\u2019accessoire id\u00e9al pour garder l\u2019essentiel \u00e0 port\u00e9e de main sans s\u2019encombrer d\u2019un sac volumineux. Son design matelass\u00e9 intemporel s\u2019adapte aussi bien \u00e0 une tenue casual qu\u2019\u00e0 un look plus habill\u00e9.<\/p>\n<p>Disponible en 4 coloris : noir, camel, blanc et beige.<\/p>\n<p>\u2728 D\u00e9tails<br \/>\n\u2022 Mati\u00e8re : similicuir<br \/>\n\u2022 Dimensions : 18 \u00d7 12 \u00d7 5 cm<br \/>\n\u2022 Compartiment principal pour t\u00e9l\u00e9phone<br \/>\n\u2022 Emplacement pour 3 cartes<br \/>\n\u2022 Fermeture par rabat avec fermoir m\u00e9tallique<br \/>\n\u2022 Bandouli\u00e8re r\u00e9glable<br \/>\n\u2022 Longueur totale bandouli\u00e8re : 70 cm<\/p>\n","protected":false},"excerpt":{"rendered":"<p>&nbsp; Pratique, compact et tr\u00e8s chic, ce porte-t\u00e9l\u00e9phone avec compartiment pour cartes est l\u2019accessoire id\u00e9al pour garder l\u2019essentiel \u00e0 port\u00e9e de main sans s\u2019encombrer d\u2019un sac volumineux. Son design matelass\u00e9 intemporel s\u2019adapte aussi bien \u00e0 une tenue casual qu\u2019\u00e0 un look plus habill\u00e9. Disponible en 4 coloris : noir, camel, blanc et beige. \u2728 D\u00e9tails [&hellip;]<\/p>\n","protected":false},"featured_media":30485,"comment_status":"open","ping_status":"closed","template":"","meta":{"site-sidebar-layout":"default","site-content-layout":"default","ast-site-content-layout":"default","site-content-style":"default","site-sidebar-style":"default","ast-global-header-display":"","ast-banner-title-visibility":"","ast-main-header-display":"","ast-hfb-above-header-display":"","ast-hfb-below-header-display":"","ast-hfb-mobile-header-display":"","site-post-title":"","ast-breadcrumbs-content":"","ast-featured-img":"","footer-sml-layout":"","ast-disable-related-posts":"","theme-transparent-header-meta":"default","adv-header-id-meta":"","stick-header-meta":"","header-above-stick-meta":"","header-main-stick-meta":"","header-below-stick-meta":"","astra-migrate-meta-layouts":"set","ast-page-background-enabled":"default","ast-page-background-meta":{"desktop":{"background-color":"","background-image":"","background-repeat":"repeat","background-position":"center center","background-size":"auto","background-attachment":"scroll","background-type":"","background-media":"","overlay-type":"","overlay-color":"","overlay-opacity":"","overlay-gradient":""},"tablet":{"background-color":"","background-image":"","background-repeat":"repeat","background-position":"center center","background-size":"auto","background-attachment":"scroll","background-type":"","background-media":"","overlay-type":"","overlay-color":"","overlay-opacity":"","overlay-gradient":""},"mobile":{"background-color":"","background-image":"","background-repeat":"repeat","background-position":"center center","background-size":"auto","background-attachment":"scroll","background-type":"","background-media":"","overlay-type":"","overlay-color":"","overlay-opacity":"","overlay-gradient":""}},"ast-content-background-meta":{"desktop":{"background-color":"var(--ast-global-color-5)","background-image":"","background-repeat":"repeat","background-position":"center center","background-size":"auto","background-attachment":"scroll","background-type":"","background-media":"","overlay-type":"","overlay-color":"","overlay-opacity":"","overlay-gradient":""},"tablet":{"background-color":"var(--ast-global-color-5)","background-image":"","background-repeat":"repeat","background-position":"center center","background-size":"auto","background-attachment":"scroll","background-type":"","background-media":"","overlay-type":"","overlay-color":"","overlay-opacity":"","overlay-gradient":""},"mobile":{"background-color":"var(--ast-global-color-5)","background-image":"","background-repeat":"repeat","background-position":"center center","background-size":"auto","background-attachment":"scroll","background-type":"","background-media":"","overlay-type":"","overlay-color":"","overlay-opacity":"","overlay-gradient":""}},"_glsr_average":0,"_glsr_ranking":0,"_glsr_reviews":0},"product_brand":[],"product_cat":[48,108,398,57],"product_tag":[],"class_list":{"0":"post-30467","1":"product","2":"type-product","3":"status-publish","4":"has-post-thumbnail","6":"product_cat-accessoires","7":"product_cat-nouveautes-de-la-semaine","8":"product_cat-porte-telephone","9":"product_cat-sacs","10":"desktop-align-left","11":"tablet-align-left","12":"mobile-align-left","14":"first","15":"instock","16":"shipping-taxable","17":"purchasable","18":"product-type-variable"},"jetpack_sharing_enabled":true,"_links":{"self":[{"href":"https:\/\/www.dressing-fashion.fr\/index.php\/wp-json\/wp\/v2\/product\/30467","targetHints":{"allow":["GET"]}}],"collection":[{"href":"https:\/\/www.dressing-fashion.fr\/index.php\/wp-json\/wp\/v2\/product"}],"about":[{"href":"https:\/\/www.dressing-fashion.fr\/index.php\/wp-json\/wp\/v2\/types\/product"}],"replies":[{"embeddable":true,"href":"https:\/\/www.dressing-fashion.fr\/index.php\/wp-json\/wp\/v2\/comments?post=30467"}],"version-history":[{"count":2,"href":"https:\/\/www.dressing-fashion.fr\/index.php\/wp-json\/wp\/v2\/product\/30467\/revisions"}],"predecessor-version":[{"id":30502,"href":"https:\/\/www.dressing-fashion.fr\/index.php\/wp-json\/wp\/v2\/product\/30467\/revisions\/30502"}],"wp:featuredmedia":[{"embeddable":true,"href":"https:\/\/www.dressing-fashion.fr\/index.php\/wp-json\/wp\/v2\/media\/30485"}],"wp:attachment":[{"href":"https:\/\/www.dressing-fashion.fr\/index.php\/wp-json\/wp\/v2\/media?parent=30467"}],"wp:term":[{"taxonomy":"product_brand","embeddable":true,"href":"https:\/\/www.dressing-fashion.fr\/index.php\/wp-json\/wp\/v2\/product_brand?post=30467"},{"taxonomy":"product_cat","embeddable":true,"href":"https:\/\/www.dressing-fashion.fr\/index.php\/wp-json\/wp\/v2\/product_cat?post=30467"},{"taxonomy":"product_tag","embeddable":true,"href":"https:\/\/www.dressing-fashion.fr\/index.php\/wp-json\/wp\/v2\/product_tag?post=30467"}],"curies":[{"name":"wp","href":"https:\/\/api.w.org\/{rel}","templated":true}]}}