{"id":30396,"date":"2026-02-10T17:26:32","date_gmt":"2026-02-10T16:26:32","guid":{"rendered":"https:\/\/www.dressing-fashion.fr\/?post_type=product&#038;p=30396"},"modified":"2026-02-10T17:37:00","modified_gmt":"2026-02-10T16:37:00","slug":"pantalon-juno","status":"publish","type":"product","link":"https:\/\/www.dressing-fashion.fr\/index.php\/produit\/pantalon-juno\/","title":{"rendered":"Pantalon Juno"},"content":{"rendered":"<p>&nbsp;<\/p>\n<p>Pantalon Juno \u2013 Camel &amp; Noir<\/p>\n<p>Pantalon en similicuir souple, au style jogging chic, \u00e0 la fois moderne, \u00e9l\u00e9gant et tr\u00e8s confortable \u00e0 porter.<\/p>\n<p>Sa taille \u00e9lastiqu\u00e9e avec cordon ajustable assure un excellent maintien, tandis que les poches lat\u00e9rales apportent praticit\u00e9 et style au quotidien.<\/p>\n<p>D\u00e9tails :<br \/>\n\u2022 Coupe jogging moderne et flatteuse<br \/>\n\u2022 Taille \u00e9lastique avec cordon de serrage<br \/>\n\u2022 Poches lat\u00e9rales<br \/>\n\u2022 Mati\u00e8re similicuir douce et agr\u00e9able<br \/>\n\u2022 Longueur du pantalon : 94 cm<\/p>\n<p>Taille :<br \/>\n\u2022 Taille indiqu\u00e9e XXL<br \/>\n\u2022 Correspond du 44 au 46<\/p>\n<p>Couleurs disponibles :<br \/>\n\u2022 Camel<br \/>\n\u2022 Noir<\/p>\n<p>Un pantalon polyvalent qui se marie facilement avec le noir, le blanc, le beige ou le jean, pour un look chic et tendance, de jour comme de nuit.<\/p>\n<p>Remarque : les photos sont retouch\u00e9es et les couleurs peuvent l\u00e9g\u00e8rement varier selon la lumi\u00e8re et l\u2019\u00e9cran.<\/p>\n<p>Le mannequin mesure 1,70 m et porte habituellement du 42\/44.<\/p>\n<p>Conseils d\u2019entretien :<br \/>\nLavage en machine \u00e0 froid \u2013 Programme d\u00e9licat \u2013 Eau de javel interdite.<\/p>\n","protected":false},"excerpt":{"rendered":"<p>&nbsp; Pantalon Juno \u2013 Camel &amp; Noir Pantalon en similicuir souple, au style jogging chic, \u00e0 la fois moderne, \u00e9l\u00e9gant et tr\u00e8s confortable \u00e0 porter. Sa taille \u00e9lastiqu\u00e9e avec cordon ajustable assure un excellent maintien, tandis que les poches lat\u00e9rales apportent praticit\u00e9 et style au quotidien. D\u00e9tails : \u2022 Coupe jogging moderne et flatteuse \u2022 [&hellip;]<\/p>\n","protected":false},"featured_media":30401,"comment_status":"open","ping_status":"closed","template":"","meta":{"site-sidebar-layout":"default","site-content-layout":"default","ast-site-content-layout":"default","site-content-style":"default","site-sidebar-style":"default","ast-global-header-display":"","ast-banner-title-visibility":"","ast-main-header-display":"","ast-hfb-above-header-display":"","ast-hfb-below-header-display":"","ast-hfb-mobile-header-display":"","site-post-title":"","ast-breadcrumbs-content":"","ast-featured-img":"","footer-sml-layout":"","ast-disable-related-posts":"","theme-transparent-header-meta":"default","adv-header-id-meta":"","stick-header-meta":"","header-above-stick-meta":"","header-main-stick-meta":"","header-below-stick-meta":"","astra-migrate-meta-layouts":"set","ast-page-background-enabled":"default","ast-page-background-meta":{"desktop":{"background-color":"","background-image":"","background-repeat":"repeat","background-position":"center center","background-size":"auto","background-attachment":"scroll","background-type":"","background-media":"","overlay-type":"","overlay-color":"","overlay-opacity":"","overlay-gradient":""},"tablet":{"background-color":"","background-image":"","background-repeat":"repeat","background-position":"center center","background-size":"auto","background-attachment":"scroll","background-type":"","background-media":"","overlay-type":"","overlay-color":"","overlay-opacity":"","overlay-gradient":""},"mobile":{"background-color":"","background-image":"","background-repeat":"repeat","background-position":"center center","background-size":"auto","background-attachment":"scroll","background-type":"","background-media":"","overlay-type":"","overlay-color":"","overlay-opacity":"","overlay-gradient":""}},"ast-content-background-meta":{"desktop":{"background-color":"var(--ast-global-color-5)","background-image":"","background-repeat":"repeat","background-position":"center center","background-size":"auto","background-attachment":"scroll","background-type":"","background-media":"","overlay-type":"","overlay-color":"","overlay-opacity":"","overlay-gradient":""},"tablet":{"background-color":"var(--ast-global-color-5)","background-image":"","background-repeat":"repeat","background-position":"center center","background-size":"auto","background-attachment":"scroll","background-type":"","background-media":"","overlay-type":"","overlay-color":"","overlay-opacity":"","overlay-gradient":""},"mobile":{"background-color":"var(--ast-global-color-5)","background-image":"","background-repeat":"repeat","background-position":"center center","background-size":"auto","background-attachment":"scroll","background-type":"","background-media":"","overlay-type":"","overlay-color":"","overlay-opacity":"","overlay-gradient":""}},"_glsr_average":0,"_glsr_ranking":0,"_glsr_reviews":0},"product_brand":[],"product_cat":[108,30,24],"product_tag":[],"class_list":{"0":"post-30396","1":"product","2":"type-product","3":"status-publish","4":"has-post-thumbnail","6":"product_cat-nouveautes-de-la-semaine","7":"product_cat-pantalons","8":"product_cat-vetements","9":"desktop-align-left","10":"tablet-align-left","11":"mobile-align-left","13":"first","14":"instock","15":"shipping-taxable","16":"purchasable","17":"product-type-variable"},"jetpack_sharing_enabled":true,"_links":{"self":[{"href":"https:\/\/www.dressing-fashion.fr\/index.php\/wp-json\/wp\/v2\/product\/30396","targetHints":{"allow":["GET"]}}],"collection":[{"href":"https:\/\/www.dressing-fashion.fr\/index.php\/wp-json\/wp\/v2\/product"}],"about":[{"href":"https:\/\/www.dressing-fashion.fr\/index.php\/wp-json\/wp\/v2\/types\/product"}],"replies":[{"embeddable":true,"href":"https:\/\/www.dressing-fashion.fr\/index.php\/wp-json\/wp\/v2\/comments?post=30396"}],"version-history":[{"count":2,"href":"https:\/\/www.dressing-fashion.fr\/index.php\/wp-json\/wp\/v2\/product\/30396\/revisions"}],"predecessor-version":[{"id":30410,"href":"https:\/\/www.dressing-fashion.fr\/index.php\/wp-json\/wp\/v2\/product\/30396\/revisions\/30410"}],"wp:featuredmedia":[{"embeddable":true,"href":"https:\/\/www.dressing-fashion.fr\/index.php\/wp-json\/wp\/v2\/media\/30401"}],"wp:attachment":[{"href":"https:\/\/www.dressing-fashion.fr\/index.php\/wp-json\/wp\/v2\/media?parent=30396"}],"wp:term":[{"taxonomy":"product_brand","embeddable":true,"href":"https:\/\/www.dressing-fashion.fr\/index.php\/wp-json\/wp\/v2\/product_brand?post=30396"},{"taxonomy":"product_cat","embeddable":true,"href":"https:\/\/www.dressing-fashion.fr\/index.php\/wp-json\/wp\/v2\/product_cat?post=30396"},{"taxonomy":"product_tag","embeddable":true,"href":"https:\/\/www.dressing-fashion.fr\/index.php\/wp-json\/wp\/v2\/product_tag?post=30396"}],"curies":[{"name":"wp","href":"https:\/\/api.w.org\/{rel}","templated":true}]}}