{"id":30367,"date":"2026-02-10T16:36:40","date_gmt":"2026-02-10T15:36:40","guid":{"rendered":"https:\/\/www.dressing-fashion.fr\/?post_type=product&#038;p=30367"},"modified":"2026-02-10T16:50:47","modified_gmt":"2026-02-10T15:50:47","slug":"petit-sac-lu","status":"publish","type":"product","link":"https:\/\/www.dressing-fashion.fr\/index.php\/produit\/petit-sac-lu\/","title":{"rendered":"Petit Sac Lu"},"content":{"rendered":"<p>Petit sac au style estival et naturel, confectionn\u00e9 en papier tress\u00e9. Son format compact est id\u00e9al pour transporter l\u2019essentiel au quotidien, tout en apportant une touche boh\u00e8me et \u00e9l\u00e9gante \u00e0 vos tenues.<\/p>\n<p>Les anses sont joliment habill\u00e9es d\u2019un foulard imprim\u00e9, qui apporte une note color\u00e9e et f\u00e9minine.<br \/>\nL\u2019int\u00e9rieur est doubl\u00e9 en textile et dot\u00e9 d\u2019une fermeture zipp\u00e9e, pour plus de praticit\u00e9 et de s\u00e9curit\u00e9.<\/p>\n<p>Un petit sac l\u00e9ger et facile \u00e0 porter, parfait pour la ville, les balades ou les journ\u00e9es d\u2019\u00e9t\u00e9.<\/p>\n<p>D\u00e9tails :<br \/>\n\u2022 Ext\u00e9rieur : papier tress\u00e9<br \/>\n\u2022 Doublure : polyester \/ textile<br \/>\n\u2022 Fermeture zipp\u00e9e<br \/>\n\u2022 Port\u00e9 main ou \u00e9paule<br \/>\n\u2022 D\u00e9tail foulard sur les anses<\/p>\n<p>Dimensions :<br \/>\n\u2022 Largeur : 29 cm<br \/>\n\u2022 Longueur : 23 cm<br \/>\n\u2022 Profondeur : 12 cm<br \/>\n\u2022 Longueur de l\u2019anse bandouli\u00e8re : 60 cm<\/p>\n<p>\u2728 Remarque : les photos sont retouch\u00e9es et les couleurs peuvent l\u00e9g\u00e8rement varier selon la lumi\u00e8re et l\u2019\u00e9cran.<\/p>\n","protected":false},"excerpt":{"rendered":"<p>Petit sac au style estival et naturel, confectionn\u00e9 en papier tress\u00e9. Son format compact est id\u00e9al pour transporter l\u2019essentiel au quotidien, tout en apportant une touche boh\u00e8me et \u00e9l\u00e9gante \u00e0 vos tenues. Les anses sont joliment habill\u00e9es d\u2019un foulard imprim\u00e9, qui apporte une note color\u00e9e et f\u00e9minine. L\u2019int\u00e9rieur est doubl\u00e9 en textile et dot\u00e9 d\u2019une [&hellip;]<\/p>\n","protected":false},"featured_media":30370,"comment_status":"open","ping_status":"closed","template":"","meta":{"site-sidebar-layout":"default","site-content-layout":"default","ast-site-content-layout":"default","site-content-style":"default","site-sidebar-style":"default","ast-global-header-display":"","ast-banner-title-visibility":"","ast-main-header-display":"","ast-hfb-above-header-display":"","ast-hfb-below-header-display":"","ast-hfb-mobile-header-display":"","site-post-title":"","ast-breadcrumbs-content":"","ast-featured-img":"","footer-sml-layout":"","ast-disable-related-posts":"","theme-transparent-header-meta":"default","adv-header-id-meta":"","stick-header-meta":"","header-above-stick-meta":"","header-main-stick-meta":"","header-below-stick-meta":"","astra-migrate-meta-layouts":"set","ast-page-background-enabled":"default","ast-page-background-meta":{"desktop":{"background-color":"","background-image":"","background-repeat":"repeat","background-position":"center center","background-size":"auto","background-attachment":"scroll","background-type":"","background-media":"","overlay-type":"","overlay-color":"","overlay-opacity":"","overlay-gradient":""},"tablet":{"background-color":"","background-image":"","background-repeat":"repeat","background-position":"center center","background-size":"auto","background-attachment":"scroll","background-type":"","background-media":"","overlay-type":"","overlay-color":"","overlay-opacity":"","overlay-gradient":""},"mobile":{"background-color":"","background-image":"","background-repeat":"repeat","background-position":"center center","background-size":"auto","background-attachment":"scroll","background-type":"","background-media":"","overlay-type":"","overlay-color":"","overlay-opacity":"","overlay-gradient":""}},"ast-content-background-meta":{"desktop":{"background-color":"var(--ast-global-color-5)","background-image":"","background-repeat":"repeat","background-position":"center center","background-size":"auto","background-attachment":"scroll","background-type":"","background-media":"","overlay-type":"","overlay-color":"","overlay-opacity":"","overlay-gradient":""},"tablet":{"background-color":"var(--ast-global-color-5)","background-image":"","background-repeat":"repeat","background-position":"center center","background-size":"auto","background-attachment":"scroll","background-type":"","background-media":"","overlay-type":"","overlay-color":"","overlay-opacity":"","overlay-gradient":""},"mobile":{"background-color":"var(--ast-global-color-5)","background-image":"","background-repeat":"repeat","background-position":"center center","background-size":"auto","background-attachment":"scroll","background-type":"","background-media":"","overlay-type":"","overlay-color":"","overlay-opacity":"","overlay-gradient":""}},"_glsr_average":0,"_glsr_ranking":0,"_glsr_reviews":0},"product_brand":[],"product_cat":[48,108,84,57],"product_tag":[],"class_list":{"0":"post-30367","1":"product","2":"type-product","3":"status-publish","4":"has-post-thumbnail","6":"product_cat-accessoires","7":"product_cat-nouveautes-de-la-semaine","8":"product_cat-nouvellecollection","9":"product_cat-sacs","10":"desktop-align-left","11":"tablet-align-left","12":"mobile-align-left","14":"first","15":"instock","16":"shipping-taxable","17":"purchasable","18":"product-type-simple"},"jetpack_sharing_enabled":true,"_links":{"self":[{"href":"https:\/\/www.dressing-fashion.fr\/index.php\/wp-json\/wp\/v2\/product\/30367","targetHints":{"allow":["GET"]}}],"collection":[{"href":"https:\/\/www.dressing-fashion.fr\/index.php\/wp-json\/wp\/v2\/product"}],"about":[{"href":"https:\/\/www.dressing-fashion.fr\/index.php\/wp-json\/wp\/v2\/types\/product"}],"replies":[{"embeddable":true,"href":"https:\/\/www.dressing-fashion.fr\/index.php\/wp-json\/wp\/v2\/comments?post=30367"}],"version-history":[{"count":1,"href":"https:\/\/www.dressing-fashion.fr\/index.php\/wp-json\/wp\/v2\/product\/30367\/revisions"}],"predecessor-version":[{"id":30374,"href":"https:\/\/www.dressing-fashion.fr\/index.php\/wp-json\/wp\/v2\/product\/30367\/revisions\/30374"}],"wp:featuredmedia":[{"embeddable":true,"href":"https:\/\/www.dressing-fashion.fr\/index.php\/wp-json\/wp\/v2\/media\/30370"}],"wp:attachment":[{"href":"https:\/\/www.dressing-fashion.fr\/index.php\/wp-json\/wp\/v2\/media?parent=30367"}],"wp:term":[{"taxonomy":"product_brand","embeddable":true,"href":"https:\/\/www.dressing-fashion.fr\/index.php\/wp-json\/wp\/v2\/product_brand?post=30367"},{"taxonomy":"product_cat","embeddable":true,"href":"https:\/\/www.dressing-fashion.fr\/index.php\/wp-json\/wp\/v2\/product_cat?post=30367"},{"taxonomy":"product_tag","embeddable":true,"href":"https:\/\/www.dressing-fashion.fr\/index.php\/wp-json\/wp\/v2\/product_tag?post=30367"}],"curies":[{"name":"wp","href":"https:\/\/api.w.org\/{rel}","templated":true}]}}