{"id":29964,"date":"2026-01-28T09:31:03","date_gmt":"2026-01-28T08:31:03","guid":{"rendered":"https:\/\/www.dressing-fashion.fr\/?post_type=product&#038;p=29964"},"modified":"2026-03-10T11:09:50","modified_gmt":"2026-03-10T10:09:50","slug":"pull-malefique-green","status":"publish","type":"product","link":"https:\/\/www.dressing-fashion.fr\/index.php\/produit\/pull-malefique-green\/","title":{"rendered":"Pull Mal\u00e9fique Green"},"content":{"rendered":"<p>Pull Mal\u00e9fique Green<\/p>\n<p>Pull oversize \u00e0 imprim\u00e9 fantaisie Mal\u00e9fique, aux tons verts profonds et myst\u00e9rieux.<br \/>\nUn mod\u00e8le original et affirm\u00e9, id\u00e9al pour celles qui aiment un style audacieux, moderne et confortable.<\/p>\n<p>Sa coupe ample offre une grande libert\u00e9 de mouvement et un tomb\u00e9 fluide, parfait \u00e0 porter avec une jupe, un legging ou un pantalon.<br \/>\nLa mati\u00e8re extensible assure un excellent confort au quotidien.<\/p>\n<p>D\u00e9tails :<br \/>\n\u2022 Pull oversize<br \/>\n\u2022 Imprim\u00e9 fantaisie esprit Mal\u00e9fique<br \/>\n\u2022 Coupe ample et confortable<br \/>\n\u2022 Coloris : vert et noir<\/p>\n<p>Mati\u00e8re :<br \/>\n\u2022 95 % polyester<br \/>\n\u2022 5 % \u00e9lasthanne<\/p>\n<p>Mesures \u00e0 plat :<br \/>\n\u2022 Tour de poitrine : 146 cm<br \/>\n\u2022 Tour de hanches : 148 cm<br \/>\n\u2022 Longueur : 80 cm<\/p>\n<p>\ud83d\udc49 Convient parfaitement aux morphologies pulpeuses gr\u00e2ce \u00e0 sa coupe g\u00e9n\u00e9reuse.<\/p>\n<p>Remarque :<br \/>\nLes photos sont retouch\u00e9es et les couleurs peuvent l\u00e9g\u00e8rement varier selon la lumi\u00e8re et l\u2019\u00e9cran.<\/p>\n<p>Adapt\u00e9 aux femmes recherchant une pi\u00e8ce originale, chaude et confortable, id\u00e9ale pour illuminer l\u2019hiver.<\/p>\n<p>Notre mannequin mesure 1,66 m et porte une taille 42.<\/p>\n<p>Accessoires non inclus.<\/p>\n<p>Entretien :<\/p>\n<p>Lavage \u00e0 froid \u2013 Programme d\u00e9licat<br \/>\nEau de javel interdite<br \/>\nS\u00e9chage \u00e0 l\u2019air libre conseill\u00e9<\/p>\n<p>&nbsp;<\/p>\n","protected":false},"excerpt":{"rendered":"<p>Pull Mal\u00e9fique Green Pull oversize \u00e0 imprim\u00e9 fantaisie Mal\u00e9fique, aux tons verts profonds et myst\u00e9rieux. Un mod\u00e8le original et affirm\u00e9, id\u00e9al pour celles qui aiment un style audacieux, moderne et confortable. Sa coupe ample offre une grande libert\u00e9 de mouvement et un tomb\u00e9 fluide, parfait \u00e0 porter avec une jupe, un legging ou un pantalon. [&hellip;]<\/p>\n","protected":false},"featured_media":29969,"comment_status":"open","ping_status":"closed","template":"","meta":{"site-sidebar-layout":"default","site-content-layout":"default","ast-site-content-layout":"default","site-content-style":"default","site-sidebar-style":"default","ast-global-header-display":"","ast-banner-title-visibility":"","ast-main-header-display":"","ast-hfb-above-header-display":"","ast-hfb-below-header-display":"","ast-hfb-mobile-header-display":"","site-post-title":"","ast-breadcrumbs-content":"","ast-featured-img":"","footer-sml-layout":"","ast-disable-related-posts":"","theme-transparent-header-meta":"default","adv-header-id-meta":"","stick-header-meta":"","header-above-stick-meta":"","header-main-stick-meta":"","header-below-stick-meta":"","astra-migrate-meta-layouts":"set","ast-page-background-enabled":"default","ast-page-background-meta":{"desktop":{"background-color":"","background-image":"","background-repeat":"repeat","background-position":"center center","background-size":"auto","background-attachment":"scroll","background-type":"","background-media":"","overlay-type":"","overlay-color":"","overlay-opacity":"","overlay-gradient":""},"tablet":{"background-color":"","background-image":"","background-repeat":"repeat","background-position":"center center","background-size":"auto","background-attachment":"scroll","background-type":"","background-media":"","overlay-type":"","overlay-color":"","overlay-opacity":"","overlay-gradient":""},"mobile":{"background-color":"","background-image":"","background-repeat":"repeat","background-position":"center center","background-size":"auto","background-attachment":"scroll","background-type":"","background-media":"","overlay-type":"","overlay-color":"","overlay-opacity":"","overlay-gradient":""}},"ast-content-background-meta":{"desktop":{"background-color":"var(--ast-global-color-5)","background-image":"","background-repeat":"repeat","background-position":"center center","background-size":"auto","background-attachment":"scroll","background-type":"","background-media":"","overlay-type":"","overlay-color":"","overlay-opacity":"","overlay-gradient":""},"tablet":{"background-color":"var(--ast-global-color-5)","background-image":"","background-repeat":"repeat","background-position":"center center","background-size":"auto","background-attachment":"scroll","background-type":"","background-media":"","overlay-type":"","overlay-color":"","overlay-opacity":"","overlay-gradient":""},"mobile":{"background-color":"var(--ast-global-color-5)","background-image":"","background-repeat":"repeat","background-position":"center center","background-size":"auto","background-attachment":"scroll","background-type":"","background-media":"","overlay-type":"","overlay-color":"","overlay-opacity":"","overlay-gradient":""}},"_glsr_average":0,"_glsr_ranking":0,"_glsr_reviews":0},"product_brand":[],"product_cat":[59,294,35,108,84,33],"product_tag":[],"class_list":{"0":"post-29964","1":"product","2":"type-product","3":"status-publish","4":"has-post-thumbnail","6":"product_cat-bon-plan","7":"product_cat-collectionfun","8":"product_cat-grandes-tailles","9":"product_cat-nouveautes-de-la-semaine","10":"product_cat-nouvellecollection","11":"product_cat-sweats","12":"desktop-align-left","13":"tablet-align-left","14":"mobile-align-left","16":"first","17":"outofstock","18":"sale","19":"shipping-taxable","20":"purchasable","21":"product-type-simple"},"jetpack_sharing_enabled":true,"_links":{"self":[{"href":"https:\/\/www.dressing-fashion.fr\/index.php\/wp-json\/wp\/v2\/product\/29964","targetHints":{"allow":["GET"]}}],"collection":[{"href":"https:\/\/www.dressing-fashion.fr\/index.php\/wp-json\/wp\/v2\/product"}],"about":[{"href":"https:\/\/www.dressing-fashion.fr\/index.php\/wp-json\/wp\/v2\/types\/product"}],"replies":[{"embeddable":true,"href":"https:\/\/www.dressing-fashion.fr\/index.php\/wp-json\/wp\/v2\/comments?post=29964"}],"version-history":[{"count":1,"href":"https:\/\/www.dressing-fashion.fr\/index.php\/wp-json\/wp\/v2\/product\/29964\/revisions"}],"predecessor-version":[{"id":29970,"href":"https:\/\/www.dressing-fashion.fr\/index.php\/wp-json\/wp\/v2\/product\/29964\/revisions\/29970"}],"wp:featuredmedia":[{"embeddable":true,"href":"https:\/\/www.dressing-fashion.fr\/index.php\/wp-json\/wp\/v2\/media\/29969"}],"wp:attachment":[{"href":"https:\/\/www.dressing-fashion.fr\/index.php\/wp-json\/wp\/v2\/media?parent=29964"}],"wp:term":[{"taxonomy":"product_brand","embeddable":true,"href":"https:\/\/www.dressing-fashion.fr\/index.php\/wp-json\/wp\/v2\/product_brand?post=29964"},{"taxonomy":"product_cat","embeddable":true,"href":"https:\/\/www.dressing-fashion.fr\/index.php\/wp-json\/wp\/v2\/product_cat?post=29964"},{"taxonomy":"product_tag","embeddable":true,"href":"https:\/\/www.dressing-fashion.fr\/index.php\/wp-json\/wp\/v2\/product_tag?post=29964"}],"curies":[{"name":"wp","href":"https:\/\/api.w.org\/{rel}","templated":true}]}}