{"id":29311,"date":"2025-11-26T17:34:27","date_gmt":"2025-11-26T16:34:27","guid":{"rendered":"https:\/\/www.dressing-fashion.fr\/?post_type=product&#038;p=29311"},"modified":"2026-03-03T16:54:12","modified_gmt":"2026-03-03T15:54:12","slug":"pyjama-happy-girl-grande-taille","status":"publish","type":"product","link":"https:\/\/www.dressing-fashion.fr\/index.php\/produit\/pyjama-happy-girl-grande-taille\/","title":{"rendered":"Pyjama Happy Girl Grande Taille"},"content":{"rendered":"<p>&nbsp;<\/p>\n<p>Pyjama Fun \u2013 Made in Italy<\/p>\n<p>Pyjama confortable, doux et id\u00e9al pour vos moments de d\u00e9tente.<br \/>\nLe haut pr\u00e9sente une coupe ample et agr\u00e9able \u00e0 porter, tandis que le pantalon offre un tomb\u00e9 fluide gr\u00e2ce \u00e0 sa taille \u00e9lastiqu\u00e9e.<br \/>\nUn ensemble pratique, fun et tr\u00e8s confortable pour toutes les saisons.<\/p>\n<p>Haut :<br \/>\n* Tour de poitrine : 138 cm<br \/>\n* Longueur : 65 cm<br \/>\n* Mati\u00e8re : coton et \u00e9lasthanne<br \/>\n* Coupe ample \u2013 manches longues<br \/>\n* Impression avant (selon mod\u00e8le)<\/p>\n<p>Pantalon :<br \/>\n* Tour de taille (\u00e9tir\u00e9) : 136 cm<br \/>\n* Longueur : 102 cm<br \/>\n* Taille \u00e9lastiqu\u00e9e confortable<br \/>\n* Coupe droite et fluide<\/p>\n<p>Fabrication :<br \/>\nMade in Italy \ud83c\uddee\ud83c\uddf9<\/p>\n<p>Remarque : les photos sont retouch\u00e9es et les couleurs peuvent l\u00e9g\u00e8rement varier selon la lumi\u00e8re et l\u2019\u00e9cran.<\/p>\n<p>&nbsp;<\/p>\n<p>&nbsp;<\/p>\n<p>Le mannequin mesure 1m73 et taille un 46<\/p>\n<p>Les accessoires sont vendus s\u00e9par\u00e9ment.<\/p>\n<p>Lavage en machine \u00e0 froid \u2013 Programme d\u00e9licat \u2013 Eau de javel interdite<\/p>\n","protected":false},"excerpt":{"rendered":"<p>&nbsp; Pyjama Fun \u2013 Made in Italy Pyjama confortable, doux et id\u00e9al pour vos moments de d\u00e9tente. Le haut pr\u00e9sente une coupe ample et agr\u00e9able \u00e0 porter, tandis que le pantalon offre un tomb\u00e9 fluide gr\u00e2ce \u00e0 sa taille \u00e9lastiqu\u00e9e. Un ensemble pratique, fun et tr\u00e8s confortable pour toutes les saisons. Haut : * Tour [&hellip;]<\/p>\n","protected":false},"featured_media":29316,"comment_status":"open","ping_status":"closed","template":"","meta":{"site-sidebar-layout":"default","site-content-layout":"default","ast-site-content-layout":"default","site-content-style":"default","site-sidebar-style":"default","ast-global-header-display":"","ast-banner-title-visibility":"","ast-main-header-display":"","ast-hfb-above-header-display":"","ast-hfb-below-header-display":"","ast-hfb-mobile-header-display":"","site-post-title":"","ast-breadcrumbs-content":"","ast-featured-img":"","footer-sml-layout":"","ast-disable-related-posts":"","theme-transparent-header-meta":"default","adv-header-id-meta":"","stick-header-meta":"","header-above-stick-meta":"","header-main-stick-meta":"","header-below-stick-meta":"","astra-migrate-meta-layouts":"set","ast-page-background-enabled":"default","ast-page-background-meta":{"desktop":{"background-color":"","background-image":"","background-repeat":"repeat","background-position":"center center","background-size":"auto","background-attachment":"scroll","background-type":"","background-media":"","overlay-type":"","overlay-color":"","overlay-opacity":"","overlay-gradient":""},"tablet":{"background-color":"","background-image":"","background-repeat":"repeat","background-position":"center center","background-size":"auto","background-attachment":"scroll","background-type":"","background-media":"","overlay-type":"","overlay-color":"","overlay-opacity":"","overlay-gradient":""},"mobile":{"background-color":"","background-image":"","background-repeat":"repeat","background-position":"center center","background-size":"auto","background-attachment":"scroll","background-type":"","background-media":"","overlay-type":"","overlay-color":"","overlay-opacity":"","overlay-gradient":""}},"ast-content-background-meta":{"desktop":{"background-color":"var(--ast-global-color-5)","background-image":"","background-repeat":"repeat","background-position":"center center","background-size":"auto","background-attachment":"scroll","background-type":"","background-media":"","overlay-type":"","overlay-color":"","overlay-opacity":"","overlay-gradient":""},"tablet":{"background-color":"var(--ast-global-color-5)","background-image":"","background-repeat":"repeat","background-position":"center center","background-size":"auto","background-attachment":"scroll","background-type":"","background-media":"","overlay-type":"","overlay-color":"","overlay-opacity":"","overlay-gradient":""},"mobile":{"background-color":"var(--ast-global-color-5)","background-image":"","background-repeat":"repeat","background-position":"center center","background-size":"auto","background-attachment":"scroll","background-type":"","background-media":"","overlay-type":"","overlay-color":"","overlay-opacity":"","overlay-gradient":""}},"_glsr_average":0,"_glsr_ranking":0,"_glsr_reviews":0},"product_brand":[],"product_cat":[59,294,26,35,108,84,386,24],"product_tag":[],"class_list":{"0":"post-29311","1":"product","2":"type-product","3":"status-publish","4":"has-post-thumbnail","6":"product_cat-bon-plan","7":"product_cat-collectionfun","8":"product_cat-gilets-et-pulls","9":"product_cat-grandes-tailles","10":"product_cat-nouveautes-de-la-semaine","11":"product_cat-nouvellecollection","12":"product_cat-pyjama","13":"product_cat-vetements","14":"desktop-align-left","15":"tablet-align-left","16":"mobile-align-left","18":"first","19":"outofstock","20":"sale","21":"shipping-taxable","22":"purchasable","23":"product-type-simple"},"jetpack_sharing_enabled":true,"_links":{"self":[{"href":"https:\/\/www.dressing-fashion.fr\/index.php\/wp-json\/wp\/v2\/product\/29311","targetHints":{"allow":["GET"]}}],"collection":[{"href":"https:\/\/www.dressing-fashion.fr\/index.php\/wp-json\/wp\/v2\/product"}],"about":[{"href":"https:\/\/www.dressing-fashion.fr\/index.php\/wp-json\/wp\/v2\/types\/product"}],"replies":[{"embeddable":true,"href":"https:\/\/www.dressing-fashion.fr\/index.php\/wp-json\/wp\/v2\/comments?post=29311"}],"version-history":[{"count":1,"href":"https:\/\/www.dressing-fashion.fr\/index.php\/wp-json\/wp\/v2\/product\/29311\/revisions"}],"predecessor-version":[{"id":29317,"href":"https:\/\/www.dressing-fashion.fr\/index.php\/wp-json\/wp\/v2\/product\/29311\/revisions\/29317"}],"wp:featuredmedia":[{"embeddable":true,"href":"https:\/\/www.dressing-fashion.fr\/index.php\/wp-json\/wp\/v2\/media\/29316"}],"wp:attachment":[{"href":"https:\/\/www.dressing-fashion.fr\/index.php\/wp-json\/wp\/v2\/media?parent=29311"}],"wp:term":[{"taxonomy":"product_brand","embeddable":true,"href":"https:\/\/www.dressing-fashion.fr\/index.php\/wp-json\/wp\/v2\/product_brand?post=29311"},{"taxonomy":"product_cat","embeddable":true,"href":"https:\/\/www.dressing-fashion.fr\/index.php\/wp-json\/wp\/v2\/product_cat?post=29311"},{"taxonomy":"product_tag","embeddable":true,"href":"https:\/\/www.dressing-fashion.fr\/index.php\/wp-json\/wp\/v2\/product_tag?post=29311"}],"curies":[{"name":"wp","href":"https:\/\/api.w.org\/{rel}","templated":true}]}}