{"id":29170,"date":"2025-12-07T17:15:42","date_gmt":"2025-12-07T16:15:42","guid":{"rendered":"https:\/\/www.dressing-fashion.fr\/?post_type=product&#038;p=29170"},"modified":"2025-12-09T18:07:56","modified_gmt":"2025-12-09T17:07:56","slug":"robe-glamour","status":"publish","type":"product","link":"https:\/\/www.dressing-fashion.fr\/index.php\/produit\/robe-glamour\/","title":{"rendered":"Robe Glamour"},"content":{"rendered":"<p>Robe Glamour \ud83c\udf1f<\/p>\n<p>Une pi\u00e8ce unique qui allie \u00e9l\u00e9gance et originalit\u00e9.<br \/>\nCette robe noire est sublim\u00e9e par un magnifique papillon brod\u00e9 de perles et de strass dor\u00e9s, symbole de f\u00e9minit\u00e9 et de raffinement. Les d\u00e9tails imprim\u00e9s l\u00e9opard sur l\u2019encolure, les poignets et l\u2019ourlet apportent une touche moderne et audacieuse.<\/p>\n<p>D\u00e9tails :<br \/>\n\u2022 Tour de poitrine : 130 cm<br \/>\n\u2022 Tour de hanches : 130 cm<br \/>\n\u2022 Longueur : 104 cm<br \/>\n\u2022 Mati\u00e8re : 95% viscose, 5% lycra \u2013 confort et souplesse<br \/>\n\u2022 Fabrication : Turquie<\/p>\n<p>Une robe glamour, id\u00e9ale pour vos soir\u00e9es ou vos moments chics, qui ne passera jamais inaper\u00e7ue \u2728<\/p>\n<p>&nbsp;<\/p>\n<p>Infos mannequin :<br \/>\nLe mannequin mesure 1,70 m et porte habituellement du 46<\/p>\n<p>Entretien :<br \/>\nLavage d\u00e9licat , \u00e0 l\u2019envers.<br \/>\nNe pas s\u00e9cher en machine.<br \/>\nRepassage doux si n\u00e9cessaire.<\/p>\n<p>Eau de Javel : Interdite<\/p>\n<p>&nbsp;<\/p>\n","protected":false},"excerpt":{"rendered":"<p>Robe Glamour \ud83c\udf1f Une pi\u00e8ce unique qui allie \u00e9l\u00e9gance et originalit\u00e9. Cette robe noire est sublim\u00e9e par un magnifique papillon brod\u00e9 de perles et de strass dor\u00e9s, symbole de f\u00e9minit\u00e9 et de raffinement. Les d\u00e9tails imprim\u00e9s l\u00e9opard sur l\u2019encolure, les poignets et l\u2019ourlet apportent une touche moderne et audacieuse. D\u00e9tails : \u2022 Tour de poitrine [&hellip;]<\/p>\n","protected":false},"featured_media":29176,"comment_status":"open","ping_status":"closed","template":"","meta":{"site-sidebar-layout":"default","site-content-layout":"default","ast-site-content-layout":"default","site-content-style":"default","site-sidebar-style":"default","ast-global-header-display":"","ast-banner-title-visibility":"","ast-main-header-display":"","ast-hfb-above-header-display":"","ast-hfb-below-header-display":"","ast-hfb-mobile-header-display":"","site-post-title":"","ast-breadcrumbs-content":"","ast-featured-img":"","footer-sml-layout":"","ast-disable-related-posts":"","theme-transparent-header-meta":"default","adv-header-id-meta":"","stick-header-meta":"","header-above-stick-meta":"","header-main-stick-meta":"","header-below-stick-meta":"","astra-migrate-meta-layouts":"set","ast-page-background-enabled":"default","ast-page-background-meta":{"desktop":{"background-color":"","background-image":"","background-repeat":"repeat","background-position":"center center","background-size":"auto","background-attachment":"scroll","background-type":"","background-media":"","overlay-type":"","overlay-color":"","overlay-opacity":"","overlay-gradient":""},"tablet":{"background-color":"","background-image":"","background-repeat":"repeat","background-position":"center center","background-size":"auto","background-attachment":"scroll","background-type":"","background-media":"","overlay-type":"","overlay-color":"","overlay-opacity":"","overlay-gradient":""},"mobile":{"background-color":"","background-image":"","background-repeat":"repeat","background-position":"center center","background-size":"auto","background-attachment":"scroll","background-type":"","background-media":"","overlay-type":"","overlay-color":"","overlay-opacity":"","overlay-gradient":""}},"ast-content-background-meta":{"desktop":{"background-color":"var(--ast-global-color-5)","background-image":"","background-repeat":"repeat","background-position":"center center","background-size":"auto","background-attachment":"scroll","background-type":"","background-media":"","overlay-type":"","overlay-color":"","overlay-opacity":"","overlay-gradient":""},"tablet":{"background-color":"var(--ast-global-color-5)","background-image":"","background-repeat":"repeat","background-position":"center center","background-size":"auto","background-attachment":"scroll","background-type":"","background-media":"","overlay-type":"","overlay-color":"","overlay-opacity":"","overlay-gradient":""},"mobile":{"background-color":"var(--ast-global-color-5)","background-image":"","background-repeat":"repeat","background-position":"center center","background-size":"auto","background-attachment":"scroll","background-type":"","background-media":"","overlay-type":"","overlay-color":"","overlay-opacity":"","overlay-gradient":""}},"_glsr_average":0,"_glsr_ranking":0,"_glsr_reviews":0},"product_brand":[],"product_cat":[35,108,84,41,24],"product_tag":[],"class_list":{"0":"post-29170","1":"product","2":"type-product","3":"status-publish","4":"has-post-thumbnail","6":"product_cat-grandes-tailles","7":"product_cat-nouveautes-de-la-semaine","8":"product_cat-nouvellecollection","9":"product_cat-robes-grandes-tailles","10":"product_cat-vetements","11":"desktop-align-left","12":"tablet-align-left","13":"mobile-align-left","15":"first","16":"outofstock","17":"sale","18":"shipping-taxable","19":"purchasable","20":"product-type-simple"},"jetpack_sharing_enabled":true,"_links":{"self":[{"href":"https:\/\/www.dressing-fashion.fr\/index.php\/wp-json\/wp\/v2\/product\/29170","targetHints":{"allow":["GET"]}}],"collection":[{"href":"https:\/\/www.dressing-fashion.fr\/index.php\/wp-json\/wp\/v2\/product"}],"about":[{"href":"https:\/\/www.dressing-fashion.fr\/index.php\/wp-json\/wp\/v2\/types\/product"}],"replies":[{"embeddable":true,"href":"https:\/\/www.dressing-fashion.fr\/index.php\/wp-json\/wp\/v2\/comments?post=29170"}],"version-history":[{"count":1,"href":"https:\/\/www.dressing-fashion.fr\/index.php\/wp-json\/wp\/v2\/product\/29170\/revisions"}],"predecessor-version":[{"id":29177,"href":"https:\/\/www.dressing-fashion.fr\/index.php\/wp-json\/wp\/v2\/product\/29170\/revisions\/29177"}],"wp:featuredmedia":[{"embeddable":true,"href":"https:\/\/www.dressing-fashion.fr\/index.php\/wp-json\/wp\/v2\/media\/29176"}],"wp:attachment":[{"href":"https:\/\/www.dressing-fashion.fr\/index.php\/wp-json\/wp\/v2\/media?parent=29170"}],"wp:term":[{"taxonomy":"product_brand","embeddable":true,"href":"https:\/\/www.dressing-fashion.fr\/index.php\/wp-json\/wp\/v2\/product_brand?post=29170"},{"taxonomy":"product_cat","embeddable":true,"href":"https:\/\/www.dressing-fashion.fr\/index.php\/wp-json\/wp\/v2\/product_cat?post=29170"},{"taxonomy":"product_tag","embeddable":true,"href":"https:\/\/www.dressing-fashion.fr\/index.php\/wp-json\/wp\/v2\/product_tag?post=29170"}],"curies":[{"name":"wp","href":"https:\/\/api.w.org\/{rel}","templated":true}]}}