{"id":29097,"date":"2025-12-07T16:59:22","date_gmt":"2025-12-07T15:59:22","guid":{"rendered":"https:\/\/www.dressing-fashion.fr\/?post_type=product&#038;p=29097"},"modified":"2026-01-05T23:01:14","modified_gmt":"2026-01-05T22:01:14","slug":"robe-plissee-noir","status":"publish","type":"product","link":"https:\/\/www.dressing-fashion.fr\/index.php\/produit\/robe-plissee-noir\/","title":{"rendered":"Robe pliss\u00e9e Noir"},"content":{"rendered":"<p>Robe pliss\u00e9e \u00e9l\u00e9gante avec d\u00e9tails en dentelle, un mod\u00e8le fluide, f\u00e9minin et confortable, id\u00e9al pour sublimer toutes les silhouettes.<br \/>\nSes manches \u00e9vas\u00e9es bord\u00e9es de dentelle apportent une touche chic, et son pliss\u00e9 vertical allonge visuellement la silhouette.<\/p>\n<p>D\u00e9tails du mod\u00e8le<br \/>\n\u2022 Encolure avec dentelle noire<br \/>\n\u2022 Manches larges avec finition dentelle<br \/>\n\u2022 Coupe fluide et pliss\u00e9e<br \/>\n\u2022 Tissu agr\u00e9able et extensible<br \/>\n\u2022 Taille unique \u2013 convient du 40 au 48<\/p>\n<p>Mesures<br \/>\n\u2022 Tour de poitrine : env. 100 cm<br \/>\n\u2022 Longueur : env. 118 cm<\/p>\n<p>Notre mannequin<br \/>\n\u2022 1,66 m<br \/>\n\u2022 Porte habituellement taille 42<\/p>\n<p>Composition<\/p>\n<p>95% polyester \u2013 5% \u00e9lasthanne<\/p>\n<p>Entretien<\/p>\n<p>Lavage \u00e0 faible temp\u00e9rature<br \/>\nS\u00e9chage tambour interdit<br \/>\nEau de Javel interdite<\/p>\n<p>Remarque<\/p>\n<p>Les photos sont retouch\u00e9es et les couleurs peuvent l\u00e9g\u00e8rement varier selon la lumi\u00e8re et l\u2019\u00e9cran.<\/p>\n<p>&nbsp;<\/p>\n<p>&nbsp;<\/p>\n<p>&nbsp;<\/p>\n<p>&nbsp;<\/p>\n<p>&nbsp;<\/p>\n","protected":false},"excerpt":{"rendered":"<p>Robe pliss\u00e9e \u00e9l\u00e9gante avec d\u00e9tails en dentelle, un mod\u00e8le fluide, f\u00e9minin et confortable, id\u00e9al pour sublimer toutes les silhouettes. Ses manches \u00e9vas\u00e9es bord\u00e9es de dentelle apportent une touche chic, et son pliss\u00e9 vertical allonge visuellement la silhouette. D\u00e9tails du mod\u00e8le \u2022 Encolure avec dentelle noire \u2022 Manches larges avec finition dentelle \u2022 Coupe fluide et [&hellip;]<\/p>\n","protected":false},"featured_media":29101,"comment_status":"open","ping_status":"closed","template":"","meta":{"site-sidebar-layout":"default","site-content-layout":"default","ast-site-content-layout":"default","site-content-style":"default","site-sidebar-style":"default","ast-global-header-display":"","ast-banner-title-visibility":"","ast-main-header-display":"","ast-hfb-above-header-display":"","ast-hfb-below-header-display":"","ast-hfb-mobile-header-display":"","site-post-title":"","ast-breadcrumbs-content":"","ast-featured-img":"","footer-sml-layout":"","ast-disable-related-posts":"","theme-transparent-header-meta":"default","adv-header-id-meta":"","stick-header-meta":"","header-above-stick-meta":"","header-main-stick-meta":"","header-below-stick-meta":"","astra-migrate-meta-layouts":"set","ast-page-background-enabled":"default","ast-page-background-meta":{"desktop":{"background-color":"","background-image":"","background-repeat":"repeat","background-position":"center center","background-size":"auto","background-attachment":"scroll","background-type":"","background-media":"","overlay-type":"","overlay-color":"","overlay-opacity":"","overlay-gradient":""},"tablet":{"background-color":"","background-image":"","background-repeat":"repeat","background-position":"center center","background-size":"auto","background-attachment":"scroll","background-type":"","background-media":"","overlay-type":"","overlay-color":"","overlay-opacity":"","overlay-gradient":""},"mobile":{"background-color":"","background-image":"","background-repeat":"repeat","background-position":"center center","background-size":"auto","background-attachment":"scroll","background-type":"","background-media":"","overlay-type":"","overlay-color":"","overlay-opacity":"","overlay-gradient":""}},"ast-content-background-meta":{"desktop":{"background-color":"var(--ast-global-color-5)","background-image":"","background-repeat":"repeat","background-position":"center center","background-size":"auto","background-attachment":"scroll","background-type":"","background-media":"","overlay-type":"","overlay-color":"","overlay-opacity":"","overlay-gradient":""},"tablet":{"background-color":"var(--ast-global-color-5)","background-image":"","background-repeat":"repeat","background-position":"center center","background-size":"auto","background-attachment":"scroll","background-type":"","background-media":"","overlay-type":"","overlay-color":"","overlay-opacity":"","overlay-gradient":""},"mobile":{"background-color":"var(--ast-global-color-5)","background-image":"","background-repeat":"repeat","background-position":"center center","background-size":"auto","background-attachment":"scroll","background-type":"","background-media":"","overlay-type":"","overlay-color":"","overlay-opacity":"","overlay-gradient":""}},"_glsr_average":0,"_glsr_ranking":0,"_glsr_reviews":0},"product_brand":[],"product_cat":[108,84,31],"product_tag":[],"class_list":{"0":"post-29097","1":"product","2":"type-product","3":"status-publish","4":"has-post-thumbnail","6":"product_cat-nouveautes-de-la-semaine","7":"product_cat-nouvellecollection","8":"product_cat-robes","9":"desktop-align-left","10":"tablet-align-left","11":"mobile-align-left","13":"first","14":"outofstock","15":"shipping-taxable","16":"purchasable","17":"product-type-simple"},"jetpack_sharing_enabled":true,"_links":{"self":[{"href":"https:\/\/www.dressing-fashion.fr\/index.php\/wp-json\/wp\/v2\/product\/29097","targetHints":{"allow":["GET"]}}],"collection":[{"href":"https:\/\/www.dressing-fashion.fr\/index.php\/wp-json\/wp\/v2\/product"}],"about":[{"href":"https:\/\/www.dressing-fashion.fr\/index.php\/wp-json\/wp\/v2\/types\/product"}],"replies":[{"embeddable":true,"href":"https:\/\/www.dressing-fashion.fr\/index.php\/wp-json\/wp\/v2\/comments?post=29097"}],"version-history":[{"count":1,"href":"https:\/\/www.dressing-fashion.fr\/index.php\/wp-json\/wp\/v2\/product\/29097\/revisions"}],"predecessor-version":[{"id":29104,"href":"https:\/\/www.dressing-fashion.fr\/index.php\/wp-json\/wp\/v2\/product\/29097\/revisions\/29104"}],"wp:featuredmedia":[{"embeddable":true,"href":"https:\/\/www.dressing-fashion.fr\/index.php\/wp-json\/wp\/v2\/media\/29101"}],"wp:attachment":[{"href":"https:\/\/www.dressing-fashion.fr\/index.php\/wp-json\/wp\/v2\/media?parent=29097"}],"wp:term":[{"taxonomy":"product_brand","embeddable":true,"href":"https:\/\/www.dressing-fashion.fr\/index.php\/wp-json\/wp\/v2\/product_brand?post=29097"},{"taxonomy":"product_cat","embeddable":true,"href":"https:\/\/www.dressing-fashion.fr\/index.php\/wp-json\/wp\/v2\/product_cat?post=29097"},{"taxonomy":"product_tag","embeddable":true,"href":"https:\/\/www.dressing-fashion.fr\/index.php\/wp-json\/wp\/v2\/product_tag?post=29097"}],"curies":[{"name":"wp","href":"https:\/\/api.w.org\/{rel}","templated":true}]}}