{"id":29077,"date":"2025-11-16T11:29:59","date_gmt":"2025-11-16T10:29:59","guid":{"rendered":"https:\/\/www.dressing-fashion.fr\/?post_type=product&#038;p=29077"},"modified":"2026-02-27T18:15:14","modified_gmt":"2026-02-27T17:15:14","slug":"sweat-cotton-fairy-dream-grande-taille","status":"publish","type":"product","link":"https:\/\/www.dressing-fashion.fr\/index.php\/produit\/sweat-cotton-fairy-dream-grande-taille\/","title":{"rendered":"Sweat Fairy Dream Grande Taille"},"content":{"rendered":"<p>Ce sweat en coton Fairy Dream \u2013 Grande Taille est une pi\u00e8ce color\u00e9e et spectaculaire, d\u00e9cor\u00e9e d\u2019un grand motif f\u00e9erique \u00e0 l\u2019avant et \u00e0 l\u2019arri\u00e8re. Sa coupe ample, sa capuche int\u00e9gr\u00e9e et sa mati\u00e8re douce offrent un confort total, id\u00e9al pour un look original et f\u00e9minin. Les finitions en sequins sur les manches et au bas du v\u00eatement ajoutent une touche lumineuse. Il poss\u00e8de \u00e9galement des poches lat\u00e9rales discr\u00e8tes, pratiques au quotidien.<\/p>\n<p>D\u00e9tails du produit : Mati\u00e8re : coton et \u00e9lasthanne \u2013 Motif f\u00e9erique devant et dos \u2013 Capuche int\u00e9gr\u00e9e \u2013 Poches lat\u00e9rales \u2013 Finitions en sequins sur les manches et l\u2019ourlet \u2013 Coupe ample adapt\u00e9e aux silhouettes pulpeuses \u2013 Peut se porter comme sweat long ou robe.<\/p>\n<p>Dimensions : Tour de poitrine env. 152 cm \u2013 Tour de hanches env. 152 cm \u2013 Longueur 78 cm.<\/p>\n<p>Mannequin : 1,66 m, porte une taille 44.<\/p>\n<p>Entretien : Lavage \u00e0 froid \u2013 Programme d\u00e9licat \u2013 Eau de javel interdite \u2013 S\u00e9chage \u00e0 l\u2019air libre conseill\u00e9.<\/p>\n","protected":false},"excerpt":{"rendered":"<p>Ce sweat en coton Fairy Dream \u2013 Grande Taille est une pi\u00e8ce color\u00e9e et spectaculaire, d\u00e9cor\u00e9e d\u2019un grand motif f\u00e9erique \u00e0 l\u2019avant et \u00e0 l\u2019arri\u00e8re. Sa coupe ample, sa capuche int\u00e9gr\u00e9e et sa mati\u00e8re douce offrent un confort total, id\u00e9al pour un look original et f\u00e9minin. Les finitions en sequins sur les manches et au [&hellip;]<\/p>\n","protected":false},"featured_media":29082,"comment_status":"open","ping_status":"closed","template":"","meta":{"site-sidebar-layout":"default","site-content-layout":"default","ast-site-content-layout":"default","site-content-style":"default","site-sidebar-style":"default","ast-global-header-display":"","ast-banner-title-visibility":"","ast-main-header-display":"","ast-hfb-above-header-display":"","ast-hfb-below-header-display":"","ast-hfb-mobile-header-display":"","site-post-title":"","ast-breadcrumbs-content":"","ast-featured-img":"","footer-sml-layout":"","ast-disable-related-posts":"","theme-transparent-header-meta":"default","adv-header-id-meta":"","stick-header-meta":"","header-above-stick-meta":"","header-main-stick-meta":"","header-below-stick-meta":"","astra-migrate-meta-layouts":"set","ast-page-background-enabled":"default","ast-page-background-meta":{"desktop":{"background-color":"","background-image":"","background-repeat":"repeat","background-position":"center center","background-size":"auto","background-attachment":"scroll","background-type":"","background-media":"","overlay-type":"","overlay-color":"","overlay-opacity":"","overlay-gradient":""},"tablet":{"background-color":"","background-image":"","background-repeat":"repeat","background-position":"center center","background-size":"auto","background-attachment":"scroll","background-type":"","background-media":"","overlay-type":"","overlay-color":"","overlay-opacity":"","overlay-gradient":""},"mobile":{"background-color":"","background-image":"","background-repeat":"repeat","background-position":"center center","background-size":"auto","background-attachment":"scroll","background-type":"","background-media":"","overlay-type":"","overlay-color":"","overlay-opacity":"","overlay-gradient":""}},"ast-content-background-meta":{"desktop":{"background-color":"var(--ast-global-color-5)","background-image":"","background-repeat":"repeat","background-position":"center center","background-size":"auto","background-attachment":"scroll","background-type":"","background-media":"","overlay-type":"","overlay-color":"","overlay-opacity":"","overlay-gradient":""},"tablet":{"background-color":"var(--ast-global-color-5)","background-image":"","background-repeat":"repeat","background-position":"center center","background-size":"auto","background-attachment":"scroll","background-type":"","background-media":"","overlay-type":"","overlay-color":"","overlay-opacity":"","overlay-gradient":""},"mobile":{"background-color":"var(--ast-global-color-5)","background-image":"","background-repeat":"repeat","background-position":"center center","background-size":"auto","background-attachment":"scroll","background-type":"","background-media":"","overlay-type":"","overlay-color":"","overlay-opacity":"","overlay-gradient":""}},"_glsr_average":0,"_glsr_ranking":0,"_glsr_reviews":0},"product_brand":[],"product_cat":[59,294,35,108,84,33],"product_tag":[],"class_list":{"0":"post-29077","1":"product","2":"type-product","3":"status-publish","4":"has-post-thumbnail","6":"product_cat-bon-plan","7":"product_cat-collectionfun","8":"product_cat-grandes-tailles","9":"product_cat-nouveautes-de-la-semaine","10":"product_cat-nouvellecollection","11":"product_cat-sweats","12":"desktop-align-left","13":"tablet-align-left","14":"mobile-align-left","16":"first","17":"outofstock","18":"sale","19":"shipping-taxable","20":"purchasable","21":"product-type-simple"},"jetpack_sharing_enabled":true,"_links":{"self":[{"href":"https:\/\/www.dressing-fashion.fr\/index.php\/wp-json\/wp\/v2\/product\/29077","targetHints":{"allow":["GET"]}}],"collection":[{"href":"https:\/\/www.dressing-fashion.fr\/index.php\/wp-json\/wp\/v2\/product"}],"about":[{"href":"https:\/\/www.dressing-fashion.fr\/index.php\/wp-json\/wp\/v2\/types\/product"}],"replies":[{"embeddable":true,"href":"https:\/\/www.dressing-fashion.fr\/index.php\/wp-json\/wp\/v2\/comments?post=29077"}],"version-history":[{"count":2,"href":"https:\/\/www.dressing-fashion.fr\/index.php\/wp-json\/wp\/v2\/product\/29077\/revisions"}],"predecessor-version":[{"id":29087,"href":"https:\/\/www.dressing-fashion.fr\/index.php\/wp-json\/wp\/v2\/product\/29077\/revisions\/29087"}],"wp:featuredmedia":[{"embeddable":true,"href":"https:\/\/www.dressing-fashion.fr\/index.php\/wp-json\/wp\/v2\/media\/29082"}],"wp:attachment":[{"href":"https:\/\/www.dressing-fashion.fr\/index.php\/wp-json\/wp\/v2\/media?parent=29077"}],"wp:term":[{"taxonomy":"product_brand","embeddable":true,"href":"https:\/\/www.dressing-fashion.fr\/index.php\/wp-json\/wp\/v2\/product_brand?post=29077"},{"taxonomy":"product_cat","embeddable":true,"href":"https:\/\/www.dressing-fashion.fr\/index.php\/wp-json\/wp\/v2\/product_cat?post=29077"},{"taxonomy":"product_tag","embeddable":true,"href":"https:\/\/www.dressing-fashion.fr\/index.php\/wp-json\/wp\/v2\/product_tag?post=29077"}],"curies":[{"name":"wp","href":"https:\/\/api.w.org\/{rel}","templated":true}]}}