{"id":28637,"date":"2025-10-28T18:12:39","date_gmt":"2025-10-28T17:12:39","guid":{"rendered":"https:\/\/www.dressing-fashion.fr\/?post_type=product&#038;p=28637"},"modified":"2026-01-03T23:43:52","modified_gmt":"2026-01-03T22:43:52","slug":"boucles-la-somptueuse","status":"publish","type":"product","link":"https:\/\/www.dressing-fashion.fr\/index.php\/produit\/boucles-la-somptueuse\/","title":{"rendered":"Boucles La Somptueuse"},"content":{"rendered":"<p>&nbsp;<\/p>\n<p>Un mod\u00e8le spectaculaire et raffin\u00e9, r\u00e9alis\u00e9 \u00e0 la main dans l\u2019atelier Francine Bramli \u00e0 Paris. Ces boucles d\u2019oreilles en m\u00e9tal frapp\u00e9, au design floral ajour\u00e9, illuminent le visage avec \u00e9l\u00e9gance. Leur finition dor\u00e9e \u00e0 l\u2019or fin apporte une touche pr\u00e9cieuse et intemporelle, parfaite pour sublimer vos tenues de jour comme de soir\u00e9e.<br \/>\n\u2022 Fermoir : clip<br \/>\n\u2022 Hauteur : 10,5 cm<br \/>\n\u2022 Largeur : 5,8 cm<br \/>\n\u2022 \u00c9paisseur : 0,2 cm<br \/>\n\u2022 Couleur : dor\u00e9<br \/>\n\u2022 Composition : m\u00e9tal frapp\u00e9 et laiton dor\u00e9 \u00e0 l\u2019or fin<br \/>\n\u2022 Fabrication : atelier Francine Bramli Paris<\/p>\n<p>Une cr\u00e9ation unique qui allie modernit\u00e9 et savoir-faire artisanal fran\u00e7ais.<\/p>\n<p>Remarque : les photos sont retouch\u00e9es et les couleurs peuvent l\u00e9g\u00e8rement varier selon la lumi\u00e8re et l\u2019\u00e9cran.<\/p>\n<p>#FrancineBramli #BouclesDor\u00e9es #MadeInFrance #BijouxParisiens #DressingFashion<\/p>\n<p>&nbsp;<\/p>\n","protected":false},"excerpt":{"rendered":"<p>&nbsp; Un mod\u00e8le spectaculaire et raffin\u00e9, r\u00e9alis\u00e9 \u00e0 la main dans l\u2019atelier Francine Bramli \u00e0 Paris. Ces boucles d\u2019oreilles en m\u00e9tal frapp\u00e9, au design floral ajour\u00e9, illuminent le visage avec \u00e9l\u00e9gance. Leur finition dor\u00e9e \u00e0 l\u2019or fin apporte une touche pr\u00e9cieuse et intemporelle, parfaite pour sublimer vos tenues de jour comme de soir\u00e9e. \u2022 Fermoir [&hellip;]<\/p>\n","protected":false},"featured_media":28641,"comment_status":"open","ping_status":"closed","template":"","meta":{"site-sidebar-layout":"default","site-content-layout":"default","ast-site-content-layout":"default","site-content-style":"default","site-sidebar-style":"default","ast-global-header-display":"","ast-banner-title-visibility":"","ast-main-header-display":"","ast-hfb-above-header-display":"","ast-hfb-below-header-display":"","ast-hfb-mobile-header-display":"","site-post-title":"","ast-breadcrumbs-content":"","ast-featured-img":"","footer-sml-layout":"","ast-disable-related-posts":"","theme-transparent-header-meta":"default","adv-header-id-meta":"","stick-header-meta":"","header-above-stick-meta":"","header-main-stick-meta":"","header-below-stick-meta":"","astra-migrate-meta-layouts":"set","ast-page-background-enabled":"default","ast-page-background-meta":{"desktop":{"background-color":"","background-image":"","background-repeat":"repeat","background-position":"center center","background-size":"auto","background-attachment":"scroll","background-type":"","background-media":"","overlay-type":"","overlay-color":"","overlay-opacity":"","overlay-gradient":""},"tablet":{"background-color":"","background-image":"","background-repeat":"repeat","background-position":"center center","background-size":"auto","background-attachment":"scroll","background-type":"","background-media":"","overlay-type":"","overlay-color":"","overlay-opacity":"","overlay-gradient":""},"mobile":{"background-color":"","background-image":"","background-repeat":"repeat","background-position":"center center","background-size":"auto","background-attachment":"scroll","background-type":"","background-media":"","overlay-type":"","overlay-color":"","overlay-opacity":"","overlay-gradient":""}},"ast-content-background-meta":{"desktop":{"background-color":"var(--ast-global-color-5)","background-image":"","background-repeat":"repeat","background-position":"center center","background-size":"auto","background-attachment":"scroll","background-type":"","background-media":"","overlay-type":"","overlay-color":"","overlay-opacity":"","overlay-gradient":""},"tablet":{"background-color":"var(--ast-global-color-5)","background-image":"","background-repeat":"repeat","background-position":"center center","background-size":"auto","background-attachment":"scroll","background-type":"","background-media":"","overlay-type":"","overlay-color":"","overlay-opacity":"","overlay-gradient":""},"mobile":{"background-color":"var(--ast-global-color-5)","background-image":"","background-repeat":"repeat","background-position":"center center","background-size":"auto","background-attachment":"scroll","background-type":"","background-media":"","overlay-type":"","overlay-color":"","overlay-opacity":"","overlay-gradient":""}},"_glsr_average":0,"_glsr_ranking":0,"_glsr_reviews":0},"product_brand":[],"product_cat":[317,108,84],"product_tag":[],"class_list":{"0":"post-28637","1":"product","2":"type-product","3":"status-publish","4":"has-post-thumbnail","6":"product_cat-bijoux-francine-bramli","7":"product_cat-nouveautes-de-la-semaine","8":"product_cat-nouvellecollection","9":"desktop-align-left","10":"tablet-align-left","11":"mobile-align-left","13":"first","14":"outofstock","15":"shipping-taxable","16":"purchasable","17":"product-type-simple"},"jetpack_sharing_enabled":true,"_links":{"self":[{"href":"https:\/\/www.dressing-fashion.fr\/index.php\/wp-json\/wp\/v2\/product\/28637","targetHints":{"allow":["GET"]}}],"collection":[{"href":"https:\/\/www.dressing-fashion.fr\/index.php\/wp-json\/wp\/v2\/product"}],"about":[{"href":"https:\/\/www.dressing-fashion.fr\/index.php\/wp-json\/wp\/v2\/types\/product"}],"replies":[{"embeddable":true,"href":"https:\/\/www.dressing-fashion.fr\/index.php\/wp-json\/wp\/v2\/comments?post=28637"}],"version-history":[{"count":1,"href":"https:\/\/www.dressing-fashion.fr\/index.php\/wp-json\/wp\/v2\/product\/28637\/revisions"}],"predecessor-version":[{"id":28644,"href":"https:\/\/www.dressing-fashion.fr\/index.php\/wp-json\/wp\/v2\/product\/28637\/revisions\/28644"}],"wp:featuredmedia":[{"embeddable":true,"href":"https:\/\/www.dressing-fashion.fr\/index.php\/wp-json\/wp\/v2\/media\/28641"}],"wp:attachment":[{"href":"https:\/\/www.dressing-fashion.fr\/index.php\/wp-json\/wp\/v2\/media?parent=28637"}],"wp:term":[{"taxonomy":"product_brand","embeddable":true,"href":"https:\/\/www.dressing-fashion.fr\/index.php\/wp-json\/wp\/v2\/product_brand?post=28637"},{"taxonomy":"product_cat","embeddable":true,"href":"https:\/\/www.dressing-fashion.fr\/index.php\/wp-json\/wp\/v2\/product_cat?post=28637"},{"taxonomy":"product_tag","embeddable":true,"href":"https:\/\/www.dressing-fashion.fr\/index.php\/wp-json\/wp\/v2\/product_tag?post=28637"}],"curies":[{"name":"wp","href":"https:\/\/api.w.org\/{rel}","templated":true}]}}