{"id":28389,"date":"2026-02-04T18:47:47","date_gmt":"2026-02-04T17:47:47","guid":{"rendered":"https:\/\/www.dressing-fashion.fr\/?post_type=product&#038;p=28389"},"modified":"2026-02-17T15:11:14","modified_gmt":"2026-02-17T14:11:14","slug":"robe-atena-2","status":"publish","type":"product","link":"https:\/\/www.dressing-fashion.fr\/index.php\/produit\/robe-atena-2\/","title":{"rendered":"Robe Atena"},"content":{"rendered":"<p>Robe Atena<\/p>\n<p>Une robe chemise longue en jean, \u00e9l\u00e9gante et confortable, id\u00e9ale pour un look chic et d\u00e9contract\u00e9. Son tissu l\u00e9g\u00e8rement extensible assure confort et libert\u00e9 de mouvement, tandis que ses d\u00e9tails brod\u00e9s apportent une touche originale et raffin\u00e9e.<\/p>\n<p>D\u00e9tails du produit :<br \/>\n\u2022 Robe chemise longue en jean<br \/>\n\u2022 Coupe droite et confortable<br \/>\n\u2022 Fermeture boutonn\u00e9e sur toute la longueur<br \/>\n\u2022 D\u00e9tails brod\u00e9s \u00e0 l\u2019avant et sur les manches<br \/>\n\u2022 Manches longues avec poignets boutonn\u00e9s<br \/>\n\u2022 Poches poitrine plaqu\u00e9es<\/p>\n<p>Mesures (\u00e0 plat) :<br \/>\n\u2022 Tour de poitrine : 120 cm<br \/>\n\u2022 Tour de hanches : 120 cm<br \/>\n\u2022 Longueur : 133 cm<\/p>\n<p>Mati\u00e8re : 97% coton \u2013 3% lycra<br \/>\nOrigine : Fabriqu\u00e9 en Turquie<\/p>\n<p>Infos mannequin :<br \/>\nLe mannequin mesure 1,70 m et porte habituellement du 46.<\/p>\n<p>Conseils d\u2019entretien :<br \/>\nLavage en machine \u00e0 froid \u2013 Programme d\u00e9licat \u2013 Ne pas utiliser de javel \u2013 Repassage doux.<\/p>\n","protected":false},"excerpt":{"rendered":"<p>Robe Atena Une robe chemise longue en jean, \u00e9l\u00e9gante et confortable, id\u00e9ale pour un look chic et d\u00e9contract\u00e9. Son tissu l\u00e9g\u00e8rement extensible assure confort et libert\u00e9 de mouvement, tandis que ses d\u00e9tails brod\u00e9s apportent une touche originale et raffin\u00e9e. D\u00e9tails du produit : \u2022 Robe chemise longue en jean \u2022 Coupe droite et confortable \u2022 [&hellip;]<\/p>\n","protected":false},"featured_media":28397,"comment_status":"open","ping_status":"closed","template":"","meta":{"site-sidebar-layout":"default","site-content-layout":"default","ast-site-content-layout":"default","site-content-style":"default","site-sidebar-style":"default","ast-global-header-display":"","ast-banner-title-visibility":"","ast-main-header-display":"","ast-hfb-above-header-display":"","ast-hfb-below-header-display":"","ast-hfb-mobile-header-display":"","site-post-title":"","ast-breadcrumbs-content":"","ast-featured-img":"","footer-sml-layout":"","ast-disable-related-posts":"","theme-transparent-header-meta":"default","adv-header-id-meta":"","stick-header-meta":"","header-above-stick-meta":"","header-main-stick-meta":"","header-below-stick-meta":"","astra-migrate-meta-layouts":"set","ast-page-background-enabled":"default","ast-page-background-meta":{"desktop":{"background-color":"","background-image":"","background-repeat":"repeat","background-position":"center center","background-size":"auto","background-attachment":"scroll","background-type":"","background-media":"","overlay-type":"","overlay-color":"","overlay-opacity":"","overlay-gradient":""},"tablet":{"background-color":"","background-image":"","background-repeat":"repeat","background-position":"center center","background-size":"auto","background-attachment":"scroll","background-type":"","background-media":"","overlay-type":"","overlay-color":"","overlay-opacity":"","overlay-gradient":""},"mobile":{"background-color":"","background-image":"","background-repeat":"repeat","background-position":"center center","background-size":"auto","background-attachment":"scroll","background-type":"","background-media":"","overlay-type":"","overlay-color":"","overlay-opacity":"","overlay-gradient":""}},"ast-content-background-meta":{"desktop":{"background-color":"var(--ast-global-color-5)","background-image":"","background-repeat":"repeat","background-position":"center center","background-size":"auto","background-attachment":"scroll","background-type":"","background-media":"","overlay-type":"","overlay-color":"","overlay-opacity":"","overlay-gradient":""},"tablet":{"background-color":"var(--ast-global-color-5)","background-image":"","background-repeat":"repeat","background-position":"center center","background-size":"auto","background-attachment":"scroll","background-type":"","background-media":"","overlay-type":"","overlay-color":"","overlay-opacity":"","overlay-gradient":""},"mobile":{"background-color":"var(--ast-global-color-5)","background-image":"","background-repeat":"repeat","background-position":"center center","background-size":"auto","background-attachment":"scroll","background-type":"","background-media":"","overlay-type":"","overlay-color":"","overlay-opacity":"","overlay-gradient":""}},"_glsr_average":0,"_glsr_ranking":0,"_glsr_reviews":0},"product_brand":[],"product_cat":[59,35,108,84,41],"product_tag":[],"class_list":{"0":"post-28389","1":"product","2":"type-product","3":"status-publish","4":"has-post-thumbnail","6":"product_cat-bon-plan","7":"product_cat-grandes-tailles","8":"product_cat-nouveautes-de-la-semaine","9":"product_cat-nouvellecollection","10":"product_cat-robes-grandes-tailles","11":"desktop-align-left","12":"tablet-align-left","13":"mobile-align-left","15":"first","16":"outofstock","17":"sale","18":"shipping-taxable","19":"purchasable","20":"product-type-simple"},"jetpack_sharing_enabled":true,"_links":{"self":[{"href":"https:\/\/www.dressing-fashion.fr\/index.php\/wp-json\/wp\/v2\/product\/28389","targetHints":{"allow":["GET"]}}],"collection":[{"href":"https:\/\/www.dressing-fashion.fr\/index.php\/wp-json\/wp\/v2\/product"}],"about":[{"href":"https:\/\/www.dressing-fashion.fr\/index.php\/wp-json\/wp\/v2\/types\/product"}],"replies":[{"embeddable":true,"href":"https:\/\/www.dressing-fashion.fr\/index.php\/wp-json\/wp\/v2\/comments?post=28389"}],"version-history":[{"count":1,"href":"https:\/\/www.dressing-fashion.fr\/index.php\/wp-json\/wp\/v2\/product\/28389\/revisions"}],"predecessor-version":[{"id":28402,"href":"https:\/\/www.dressing-fashion.fr\/index.php\/wp-json\/wp\/v2\/product\/28389\/revisions\/28402"}],"wp:featuredmedia":[{"embeddable":true,"href":"https:\/\/www.dressing-fashion.fr\/index.php\/wp-json\/wp\/v2\/media\/28397"}],"wp:attachment":[{"href":"https:\/\/www.dressing-fashion.fr\/index.php\/wp-json\/wp\/v2\/media?parent=28389"}],"wp:term":[{"taxonomy":"product_brand","embeddable":true,"href":"https:\/\/www.dressing-fashion.fr\/index.php\/wp-json\/wp\/v2\/product_brand?post=28389"},{"taxonomy":"product_cat","embeddable":true,"href":"https:\/\/www.dressing-fashion.fr\/index.php\/wp-json\/wp\/v2\/product_cat?post=28389"},{"taxonomy":"product_tag","embeddable":true,"href":"https:\/\/www.dressing-fashion.fr\/index.php\/wp-json\/wp\/v2\/product_tag?post=28389"}],"curies":[{"name":"wp","href":"https:\/\/api.w.org\/{rel}","templated":true}]}}