{"id":28327,"date":"2026-02-08T10:31:02","date_gmt":"2026-02-08T09:31:02","guid":{"rendered":"https:\/\/www.dressing-fashion.fr\/?post_type=product&#038;p=28327"},"modified":"2026-03-03T16:51:44","modified_gmt":"2026-03-03T15:51:44","slug":"ensemble-giulia","status":"publish","type":"product","link":"https:\/\/www.dressing-fashion.fr\/index.php\/produit\/ensemble-giulia\/","title":{"rendered":"Ensemble Giulia"},"content":{"rendered":"<p>Ensemble Giulia<\/p>\n<p>Un ensemble \u00e9l\u00e9gant et confortable compos\u00e9 d\u2019un haut manches longues et d\u2019un pantalon assorti. Sa mati\u00e8re l\u00e9g\u00e8re et textur\u00e9e offre un tomb\u00e9 fluide, tandis que les broches d\u00e9coratives sur le haut apportent une touche raffin\u00e9e et originale.<\/p>\n<p>D\u00e9tails du produit :<br \/>\n\u2022 Haut manches longues avec broches d\u00e9coratives (ferm\u00e9, non boutonn\u00e9)<br \/>\n\u2022 Pantalon droit taille \u00e9lastiqu\u00e9e<br \/>\n\u2022 Coupe confortable et fluide<br \/>\n\u2022 3 couleurs disponibles : marron, kaki et noir<br \/>\n\u2022 Correspond \u00e0 une morphologie du 42 au 48<\/p>\n<p>Mesures (\u00e0 plat) :<br \/>\n\u2022 Haut : tour de poitrine 112 cm (sans \u00e9tirer), tour de hanches 112 cm<br \/>\n\u2022 Pantalon : tour de hanches jusqu\u2019\u00e0 124 cm (\u00e9tir\u00e9)<\/p>\n<p>Mati\u00e8re : 50% polyester \u2013 50% viscose<br \/>\nProduit en Italie \ud83c\uddee\ud83c\uddf9<\/p>\n<p>Infos mannequin :<br \/>\nLe mannequin mesure 1,70 m et porte habituellement du 46.<\/p>\n<p>Conseils d\u2019entretien :<br \/>\nLavage en machine \u00e0 froid \u2013 Programme d\u00e9licat \u2013 Eau de javel interdite.<\/p>\n","protected":false},"excerpt":{"rendered":"<p>Ensemble Giulia Un ensemble \u00e9l\u00e9gant et confortable compos\u00e9 d\u2019un haut manches longues et d\u2019un pantalon assorti. Sa mati\u00e8re l\u00e9g\u00e8re et textur\u00e9e offre un tomb\u00e9 fluide, tandis que les broches d\u00e9coratives sur le haut apportent une touche raffin\u00e9e et originale. D\u00e9tails du produit : \u2022 Haut manches longues avec broches d\u00e9coratives (ferm\u00e9, non boutonn\u00e9) \u2022 Pantalon [&hellip;]<\/p>\n","protected":false},"featured_media":30304,"comment_status":"open","ping_status":"closed","template":"","meta":{"site-sidebar-layout":"default","site-content-layout":"default","ast-site-content-layout":"default","site-content-style":"default","site-sidebar-style":"default","ast-global-header-display":"","ast-banner-title-visibility":"","ast-main-header-display":"","ast-hfb-above-header-display":"","ast-hfb-below-header-display":"","ast-hfb-mobile-header-display":"","site-post-title":"","ast-breadcrumbs-content":"","ast-featured-img":"","footer-sml-layout":"","ast-disable-related-posts":"","theme-transparent-header-meta":"default","adv-header-id-meta":"","stick-header-meta":"","header-above-stick-meta":"","header-main-stick-meta":"","header-below-stick-meta":"","astra-migrate-meta-layouts":"set","ast-page-background-enabled":"default","ast-page-background-meta":{"desktop":{"background-color":"","background-image":"","background-repeat":"repeat","background-position":"center center","background-size":"auto","background-attachment":"scroll","background-type":"","background-media":"","overlay-type":"","overlay-color":"","overlay-opacity":"","overlay-gradient":""},"tablet":{"background-color":"","background-image":"","background-repeat":"repeat","background-position":"center center","background-size":"auto","background-attachment":"scroll","background-type":"","background-media":"","overlay-type":"","overlay-color":"","overlay-opacity":"","overlay-gradient":""},"mobile":{"background-color":"","background-image":"","background-repeat":"repeat","background-position":"center center","background-size":"auto","background-attachment":"scroll","background-type":"","background-media":"","overlay-type":"","overlay-color":"","overlay-opacity":"","overlay-gradient":""}},"ast-content-background-meta":{"desktop":{"background-color":"var(--ast-global-color-5)","background-image":"","background-repeat":"repeat","background-position":"center center","background-size":"auto","background-attachment":"scroll","background-type":"","background-media":"","overlay-type":"","overlay-color":"","overlay-opacity":"","overlay-gradient":""},"tablet":{"background-color":"var(--ast-global-color-5)","background-image":"","background-repeat":"repeat","background-position":"center center","background-size":"auto","background-attachment":"scroll","background-type":"","background-media":"","overlay-type":"","overlay-color":"","overlay-opacity":"","overlay-gradient":""},"mobile":{"background-color":"var(--ast-global-color-5)","background-image":"","background-repeat":"repeat","background-position":"center center","background-size":"auto","background-attachment":"scroll","background-type":"","background-media":"","overlay-type":"","overlay-color":"","overlay-opacity":"","overlay-gradient":""}},"_glsr_average":0,"_glsr_ranking":0,"_glsr_reviews":0},"product_brand":[],"product_cat":[59,35,108,24],"product_tag":[],"class_list":{"0":"post-28327","1":"product","2":"type-product","3":"status-publish","4":"has-post-thumbnail","6":"product_cat-bon-plan","7":"product_cat-grandes-tailles","8":"product_cat-nouveautes-de-la-semaine","9":"product_cat-vetements","10":"desktop-align-left","11":"tablet-align-left","12":"mobile-align-left","14":"first","15":"outofstock","16":"shipping-taxable","17":"product-type-variable"},"jetpack_sharing_enabled":true,"_links":{"self":[{"href":"https:\/\/www.dressing-fashion.fr\/index.php\/wp-json\/wp\/v2\/product\/28327","targetHints":{"allow":["GET"]}}],"collection":[{"href":"https:\/\/www.dressing-fashion.fr\/index.php\/wp-json\/wp\/v2\/product"}],"about":[{"href":"https:\/\/www.dressing-fashion.fr\/index.php\/wp-json\/wp\/v2\/types\/product"}],"replies":[{"embeddable":true,"href":"https:\/\/www.dressing-fashion.fr\/index.php\/wp-json\/wp\/v2\/comments?post=28327"}],"version-history":[{"count":2,"href":"https:\/\/www.dressing-fashion.fr\/index.php\/wp-json\/wp\/v2\/product\/28327\/revisions"}],"predecessor-version":[{"id":30269,"href":"https:\/\/www.dressing-fashion.fr\/index.php\/wp-json\/wp\/v2\/product\/28327\/revisions\/30269"}],"wp:featuredmedia":[{"embeddable":true,"href":"https:\/\/www.dressing-fashion.fr\/index.php\/wp-json\/wp\/v2\/media\/30304"}],"wp:attachment":[{"href":"https:\/\/www.dressing-fashion.fr\/index.php\/wp-json\/wp\/v2\/media?parent=28327"}],"wp:term":[{"taxonomy":"product_brand","embeddable":true,"href":"https:\/\/www.dressing-fashion.fr\/index.php\/wp-json\/wp\/v2\/product_brand?post=28327"},{"taxonomy":"product_cat","embeddable":true,"href":"https:\/\/www.dressing-fashion.fr\/index.php\/wp-json\/wp\/v2\/product_cat?post=28327"},{"taxonomy":"product_tag","embeddable":true,"href":"https:\/\/www.dressing-fashion.fr\/index.php\/wp-json\/wp\/v2\/product_tag?post=28327"}],"curies":[{"name":"wp","href":"https:\/\/api.w.org\/{rel}","templated":true}]}}