{"id":27821,"date":"2025-08-13T23:01:42","date_gmt":"2025-08-13T21:01:42","guid":{"rendered":"https:\/\/www.dressing-fashion.fr\/?post_type=product&#038;p=27821"},"modified":"2025-09-16T16:32:33","modified_gmt":"2025-09-16T14:32:33","slug":"bague-antoinette","status":"publish","type":"product","link":"https:\/\/www.dressing-fashion.fr\/index.php\/produit\/bague-antoinette\/","title":{"rendered":"Bague Antoinette"},"content":{"rendered":"<p>Bague Antoinette \u2013 Francine Bramli Paris<\/p>\n<p>Cette bague r\u00e9glable est une cr\u00e9ation originale imagin\u00e9e et fabriqu\u00e9e dans\u00a0 l&rsquo;atelier\u00a0 Francine Bramli. \u00c9l\u00e9gante et intemporelle, elle se compose de trois perles de Majorque mont\u00e9es sur un anneau en laiton dor\u00e9 \u00e0 l\u2019or fin, apportant \u00e9clat et raffinement \u00e0 toutes vos tenues.<\/p>\n<p>Couleur : dor\u00e9 et perle<\/p>\n<p>Dimensions :<br \/>\n\u2022 Hauteur : 2,8 cm<br \/>\n\u2022 Largeur : 2,5 cm<br \/>\n\u2022 \u00c9paisseur : 2,3 cm<br \/>\n\u2022 Diam\u00e8tre anneau : 1,9 cm<\/p>\n<p>Composition : perles Majorica et laiton dor\u00e9 \u00e0 l\u2019or fin<\/p>\n","protected":false},"excerpt":{"rendered":"<p>Bague Antoinette \u2013 Francine Bramli Paris Cette bague r\u00e9glable est une cr\u00e9ation originale imagin\u00e9e et fabriqu\u00e9e dans\u00a0 l&rsquo;atelier\u00a0 Francine Bramli. \u00c9l\u00e9gante et intemporelle, elle se compose de trois perles de Majorque mont\u00e9es sur un anneau en laiton dor\u00e9 \u00e0 l\u2019or fin, apportant \u00e9clat et raffinement \u00e0 toutes vos tenues. Couleur : dor\u00e9 et perle Dimensions [&hellip;]<\/p>\n","protected":false},"featured_media":27824,"comment_status":"open","ping_status":"closed","template":"","meta":{"site-sidebar-layout":"default","site-content-layout":"default","ast-site-content-layout":"default","site-content-style":"default","site-sidebar-style":"default","ast-global-header-display":"","ast-banner-title-visibility":"","ast-main-header-display":"","ast-hfb-above-header-display":"","ast-hfb-below-header-display":"","ast-hfb-mobile-header-display":"","site-post-title":"","ast-breadcrumbs-content":"","ast-featured-img":"","footer-sml-layout":"","ast-disable-related-posts":"","theme-transparent-header-meta":"default","adv-header-id-meta":"","stick-header-meta":"","header-above-stick-meta":"","header-main-stick-meta":"","header-below-stick-meta":"","astra-migrate-meta-layouts":"set","ast-page-background-enabled":"default","ast-page-background-meta":{"desktop":{"background-color":"","background-image":"","background-repeat":"repeat","background-position":"center center","background-size":"auto","background-attachment":"scroll","background-type":"","background-media":"","overlay-type":"","overlay-color":"","overlay-opacity":"","overlay-gradient":""},"tablet":{"background-color":"","background-image":"","background-repeat":"repeat","background-position":"center center","background-size":"auto","background-attachment":"scroll","background-type":"","background-media":"","overlay-type":"","overlay-color":"","overlay-opacity":"","overlay-gradient":""},"mobile":{"background-color":"","background-image":"","background-repeat":"repeat","background-position":"center center","background-size":"auto","background-attachment":"scroll","background-type":"","background-media":"","overlay-type":"","overlay-color":"","overlay-opacity":"","overlay-gradient":""}},"ast-content-background-meta":{"desktop":{"background-color":"var(--ast-global-color-5)","background-image":"","background-repeat":"repeat","background-position":"center center","background-size":"auto","background-attachment":"scroll","background-type":"","background-media":"","overlay-type":"","overlay-color":"","overlay-opacity":"","overlay-gradient":""},"tablet":{"background-color":"var(--ast-global-color-5)","background-image":"","background-repeat":"repeat","background-position":"center center","background-size":"auto","background-attachment":"scroll","background-type":"","background-media":"","overlay-type":"","overlay-color":"","overlay-opacity":"","overlay-gradient":""},"mobile":{"background-color":"var(--ast-global-color-5)","background-image":"","background-repeat":"repeat","background-position":"center center","background-size":"auto","background-attachment":"scroll","background-type":"","background-media":"","overlay-type":"","overlay-color":"","overlay-opacity":"","overlay-gradient":""}},"_glsr_average":0,"_glsr_ranking":0,"_glsr_reviews":0},"product_brand":[],"product_cat":[317,356,108,84],"product_tag":[],"class_list":{"0":"post-27821","1":"product","2":"type-product","3":"status-publish","4":"has-post-thumbnail","6":"product_cat-bijoux-francine-bramli","7":"product_cat-made-in-france","8":"product_cat-nouveautes-de-la-semaine","9":"product_cat-nouvellecollection","10":"desktop-align-left","11":"tablet-align-left","12":"mobile-align-left","14":"first","15":"outofstock","16":"shipping-taxable","17":"purchasable","18":"product-type-simple"},"jetpack_sharing_enabled":true,"_links":{"self":[{"href":"https:\/\/www.dressing-fashion.fr\/index.php\/wp-json\/wp\/v2\/product\/27821","targetHints":{"allow":["GET"]}}],"collection":[{"href":"https:\/\/www.dressing-fashion.fr\/index.php\/wp-json\/wp\/v2\/product"}],"about":[{"href":"https:\/\/www.dressing-fashion.fr\/index.php\/wp-json\/wp\/v2\/types\/product"}],"replies":[{"embeddable":true,"href":"https:\/\/www.dressing-fashion.fr\/index.php\/wp-json\/wp\/v2\/comments?post=27821"}],"version-history":[{"count":3,"href":"https:\/\/www.dressing-fashion.fr\/index.php\/wp-json\/wp\/v2\/product\/27821\/revisions"}],"predecessor-version":[{"id":27826,"href":"https:\/\/www.dressing-fashion.fr\/index.php\/wp-json\/wp\/v2\/product\/27821\/revisions\/27826"}],"wp:featuredmedia":[{"embeddable":true,"href":"https:\/\/www.dressing-fashion.fr\/index.php\/wp-json\/wp\/v2\/media\/27824"}],"wp:attachment":[{"href":"https:\/\/www.dressing-fashion.fr\/index.php\/wp-json\/wp\/v2\/media?parent=27821"}],"wp:term":[{"taxonomy":"product_brand","embeddable":true,"href":"https:\/\/www.dressing-fashion.fr\/index.php\/wp-json\/wp\/v2\/product_brand?post=27821"},{"taxonomy":"product_cat","embeddable":true,"href":"https:\/\/www.dressing-fashion.fr\/index.php\/wp-json\/wp\/v2\/product_cat?post=27821"},{"taxonomy":"product_tag","embeddable":true,"href":"https:\/\/www.dressing-fashion.fr\/index.php\/wp-json\/wp\/v2\/product_tag?post=27821"}],"curies":[{"name":"wp","href":"https:\/\/api.w.org\/{rel}","templated":true}]}}