{"id":27637,"date":"2025-08-11T06:59:34","date_gmt":"2025-08-11T04:59:34","guid":{"rendered":"https:\/\/www.dressing-fashion.fr\/?post_type=product&#038;p=27637"},"modified":"2025-08-16T10:49:14","modified_gmt":"2025-08-16T08:49:14","slug":"robe-leopard-bijou","status":"publish","type":"product","link":"https:\/\/www.dressing-fashion.fr\/index.php\/produit\/robe-leopard-bijou\/","title":{"rendered":"Robe L\u00e9opard Bijou"},"content":{"rendered":"<p>Robe L\u00e9opard Bijou<\/p>\n<p>Imprim\u00e9 l\u00e9opard audacieux pour un look chic et affirm\u00e9<br \/>\nCol chemisier et coupe fluide pour un confort optimal<br \/>\nBoutons-bijoux dor\u00e9s en forme d\u2019\u00e9toile, v\u00e9ritables d\u00e9tails raffin\u00e9s qui subliment la pi\u00e8ce<br \/>\nPoches lat\u00e9rales pratiques<br \/>\nPetites fentes sur les c\u00f4t\u00e9s pour plus d\u2019aisance<\/p>\n<p>Taille unique \u2013 correspond du 38 au 48<br \/>\nMati\u00e8re : 100% polyester<\/p>\n<p>Une robe facile \u00e0 porter, qui combine allure sauvage et \u00e9l\u00e9gance, id\u00e9ale aussi bien pour la journ\u00e9e que pour une soir\u00e9e estivale.<\/p>\n<p>La mannequin mesure 1,70 m et porte habituellement une taille 46.<\/p>\n<p>Remarque : les photos sont retouch\u00e9es et les couleurs peuvent l\u00e9g\u00e8rement varier selon la lumi\u00e8re et l\u2019\u00e9cran.<\/p>\n<p>Ajoutez une touche de style et de confort \u00e0 votre garde-robe !<\/p>\n<p>Commandez la v\u00f4tre d\u00e8s maintenant !<\/p>\n<p>Les accessoires sont vendus s\u00e9par\u00e9ment.<\/p>\n<p>Lavage en machine \u00e0 froid \u2013 Programme d\u00e9licat \u2013 Eau de javel interdite<\/p>\n<p>#Robeleopard #GrandeTaille\u00a0 #ModeCurvy<\/p>\n","protected":false},"excerpt":{"rendered":"<p>Robe L\u00e9opard Bijou Imprim\u00e9 l\u00e9opard audacieux pour un look chic et affirm\u00e9 Col chemisier et coupe fluide pour un confort optimal Boutons-bijoux dor\u00e9s en forme d\u2019\u00e9toile, v\u00e9ritables d\u00e9tails raffin\u00e9s qui subliment la pi\u00e8ce Poches lat\u00e9rales pratiques Petites fentes sur les c\u00f4t\u00e9s pour plus d\u2019aisance Taille unique \u2013 correspond du 38 au 48 Mati\u00e8re : 100% [&hellip;]<\/p>\n","protected":false},"featured_media":27647,"comment_status":"open","ping_status":"closed","template":"","meta":{"site-sidebar-layout":"default","site-content-layout":"default","ast-site-content-layout":"default","site-content-style":"default","site-sidebar-style":"default","ast-global-header-display":"","ast-banner-title-visibility":"","ast-main-header-display":"","ast-hfb-above-header-display":"","ast-hfb-below-header-display":"","ast-hfb-mobile-header-display":"","site-post-title":"","ast-breadcrumbs-content":"","ast-featured-img":"","footer-sml-layout":"","ast-disable-related-posts":"","theme-transparent-header-meta":"default","adv-header-id-meta":"","stick-header-meta":"","header-above-stick-meta":"","header-main-stick-meta":"","header-below-stick-meta":"","astra-migrate-meta-layouts":"set","ast-page-background-enabled":"default","ast-page-background-meta":{"desktop":{"background-color":"","background-image":"","background-repeat":"repeat","background-position":"center center","background-size":"auto","background-attachment":"scroll","background-type":"","background-media":"","overlay-type":"","overlay-color":"","overlay-opacity":"","overlay-gradient":""},"tablet":{"background-color":"","background-image":"","background-repeat":"repeat","background-position":"center center","background-size":"auto","background-attachment":"scroll","background-type":"","background-media":"","overlay-type":"","overlay-color":"","overlay-opacity":"","overlay-gradient":""},"mobile":{"background-color":"","background-image":"","background-repeat":"repeat","background-position":"center center","background-size":"auto","background-attachment":"scroll","background-type":"","background-media":"","overlay-type":"","overlay-color":"","overlay-opacity":"","overlay-gradient":""}},"ast-content-background-meta":{"desktop":{"background-color":"var(--ast-global-color-5)","background-image":"","background-repeat":"repeat","background-position":"center center","background-size":"auto","background-attachment":"scroll","background-type":"","background-media":"","overlay-type":"","overlay-color":"","overlay-opacity":"","overlay-gradient":""},"tablet":{"background-color":"var(--ast-global-color-5)","background-image":"","background-repeat":"repeat","background-position":"center center","background-size":"auto","background-attachment":"scroll","background-type":"","background-media":"","overlay-type":"","overlay-color":"","overlay-opacity":"","overlay-gradient":""},"mobile":{"background-color":"var(--ast-global-color-5)","background-image":"","background-repeat":"repeat","background-position":"center center","background-size":"auto","background-attachment":"scroll","background-type":"","background-media":"","overlay-type":"","overlay-color":"","overlay-opacity":"","overlay-gradient":""}},"_glsr_average":0,"_glsr_ranking":0,"_glsr_reviews":0},"product_brand":[],"product_cat":[294,35,108,84,31,41,24],"product_tag":[],"class_list":{"0":"post-27637","1":"product","2":"type-product","3":"status-publish","4":"has-post-thumbnail","6":"product_cat-collectionfun","7":"product_cat-grandes-tailles","8":"product_cat-nouveautes-de-la-semaine","9":"product_cat-nouvellecollection","10":"product_cat-robes","11":"product_cat-robes-grandes-tailles","12":"product_cat-vetements","13":"desktop-align-left","14":"tablet-align-left","15":"mobile-align-left","17":"first","18":"outofstock","19":"shipping-taxable","20":"purchasable","21":"product-type-simple"},"jetpack_sharing_enabled":true,"_links":{"self":[{"href":"https:\/\/www.dressing-fashion.fr\/index.php\/wp-json\/wp\/v2\/product\/27637","targetHints":{"allow":["GET"]}}],"collection":[{"href":"https:\/\/www.dressing-fashion.fr\/index.php\/wp-json\/wp\/v2\/product"}],"about":[{"href":"https:\/\/www.dressing-fashion.fr\/index.php\/wp-json\/wp\/v2\/types\/product"}],"replies":[{"embeddable":true,"href":"https:\/\/www.dressing-fashion.fr\/index.php\/wp-json\/wp\/v2\/comments?post=27637"}],"version-history":[{"count":1,"href":"https:\/\/www.dressing-fashion.fr\/index.php\/wp-json\/wp\/v2\/product\/27637\/revisions"}],"predecessor-version":[{"id":27643,"href":"https:\/\/www.dressing-fashion.fr\/index.php\/wp-json\/wp\/v2\/product\/27637\/revisions\/27643"}],"wp:featuredmedia":[{"embeddable":true,"href":"https:\/\/www.dressing-fashion.fr\/index.php\/wp-json\/wp\/v2\/media\/27647"}],"wp:attachment":[{"href":"https:\/\/www.dressing-fashion.fr\/index.php\/wp-json\/wp\/v2\/media?parent=27637"}],"wp:term":[{"taxonomy":"product_brand","embeddable":true,"href":"https:\/\/www.dressing-fashion.fr\/index.php\/wp-json\/wp\/v2\/product_brand?post=27637"},{"taxonomy":"product_cat","embeddable":true,"href":"https:\/\/www.dressing-fashion.fr\/index.php\/wp-json\/wp\/v2\/product_cat?post=27637"},{"taxonomy":"product_tag","embeddable":true,"href":"https:\/\/www.dressing-fashion.fr\/index.php\/wp-json\/wp\/v2\/product_tag?post=27637"}],"curies":[{"name":"wp","href":"https:\/\/api.w.org\/{rel}","templated":true}]}}