{"id":27427,"date":"2025-07-29T22:37:48","date_gmt":"2025-07-29T20:37:48","guid":{"rendered":"https:\/\/www.dressing-fashion.fr\/?post_type=product&#038;p=27427"},"modified":"2025-08-21T15:57:50","modified_gmt":"2025-08-21T13:57:50","slug":"robe-pop-jungle","status":"publish","type":"product","link":"https:\/\/www.dressing-fashion.fr\/index.php\/produit\/robe-pop-jungle\/","title":{"rendered":"Robe Pop Jungle"},"content":{"rendered":"<p>&nbsp;<\/p>\n<p>Robe Pop Jungle<\/p>\n<p>Taille Unique \u2013 Correspond du 38 au 52<br \/>\nTour de poitrine : 140 cm<br \/>\nLongueur : 130 cm<br \/>\nMati\u00e8re : 95% viscose, 5% \u00e9lasthanne<\/p>\n<p>D\u00e9tails :<br \/>\n* Coupe droite et ample<br \/>\n* Poches lat\u00e9rales<br \/>\n* Petites fentes sur les c\u00f4t\u00e9s<br \/>\n* Impression jungle color\u00e9e avec l\u00e9opard et fleurs tropicales<br \/>\n* D\u00e9collet\u00e9 en V bord\u00e9 de sequins<\/p>\n<p>Remarque : les photos sont retouch\u00e9es et les couleurs peuvent l\u00e9g\u00e8rement varier selon la lumi\u00e8re et l\u2019\u00e9cran.<br \/>\n#RobeColor\u00e9e #GrandeTaille #LookTropical #ModeCurvy<\/p>\n<p>&nbsp;<\/p>\n<p>&nbsp;<\/p>\n<p>Ajoutez une touche de style et de confort \u00e0 votre garde-robe !<\/p>\n<p>Commandez la v\u00f4tre d\u00e8s maintenant !<\/p>\n<p>Les accessoires sont vendus s\u00e9par\u00e9ment.<\/p>\n<p>Lavage en machine \u00e0 froid \u2013 Programme d\u00e9licat \u2013 Eau de javel interdite<\/p>\n","protected":false},"excerpt":{"rendered":"<p>&nbsp; Robe Pop Jungle Taille Unique \u2013 Correspond du 38 au 52 Tour de poitrine : 140 cm Longueur : 130 cm Mati\u00e8re : 95% viscose, 5% \u00e9lasthanne D\u00e9tails : * Coupe droite et ample * Poches lat\u00e9rales * Petites fentes sur les c\u00f4t\u00e9s * Impression jungle color\u00e9e avec l\u00e9opard et fleurs tropicales * D\u00e9collet\u00e9 [&hellip;]<\/p>\n","protected":false},"featured_media":27433,"comment_status":"open","ping_status":"closed","template":"","meta":{"site-sidebar-layout":"default","site-content-layout":"default","ast-site-content-layout":"default","site-content-style":"default","site-sidebar-style":"default","ast-global-header-display":"","ast-banner-title-visibility":"","ast-main-header-display":"","ast-hfb-above-header-display":"","ast-hfb-below-header-display":"","ast-hfb-mobile-header-display":"","site-post-title":"","ast-breadcrumbs-content":"","ast-featured-img":"","footer-sml-layout":"","ast-disable-related-posts":"","theme-transparent-header-meta":"default","adv-header-id-meta":"","stick-header-meta":"","header-above-stick-meta":"","header-main-stick-meta":"","header-below-stick-meta":"","astra-migrate-meta-layouts":"set","ast-page-background-enabled":"default","ast-page-background-meta":{"desktop":{"background-color":"","background-image":"","background-repeat":"repeat","background-position":"center center","background-size":"auto","background-attachment":"scroll","background-type":"","background-media":"","overlay-type":"","overlay-color":"","overlay-opacity":"","overlay-gradient":""},"tablet":{"background-color":"","background-image":"","background-repeat":"repeat","background-position":"center center","background-size":"auto","background-attachment":"scroll","background-type":"","background-media":"","overlay-type":"","overlay-color":"","overlay-opacity":"","overlay-gradient":""},"mobile":{"background-color":"","background-image":"","background-repeat":"repeat","background-position":"center center","background-size":"auto","background-attachment":"scroll","background-type":"","background-media":"","overlay-type":"","overlay-color":"","overlay-opacity":"","overlay-gradient":""}},"ast-content-background-meta":{"desktop":{"background-color":"var(--ast-global-color-5)","background-image":"","background-repeat":"repeat","background-position":"center center","background-size":"auto","background-attachment":"scroll","background-type":"","background-media":"","overlay-type":"","overlay-color":"","overlay-opacity":"","overlay-gradient":""},"tablet":{"background-color":"var(--ast-global-color-5)","background-image":"","background-repeat":"repeat","background-position":"center center","background-size":"auto","background-attachment":"scroll","background-type":"","background-media":"","overlay-type":"","overlay-color":"","overlay-opacity":"","overlay-gradient":""},"mobile":{"background-color":"var(--ast-global-color-5)","background-image":"","background-repeat":"repeat","background-position":"center center","background-size":"auto","background-attachment":"scroll","background-type":"","background-media":"","overlay-type":"","overlay-color":"","overlay-opacity":"","overlay-gradient":""}},"_glsr_average":0,"_glsr_ranking":0,"_glsr_reviews":0},"product_brand":[],"product_cat":[294,35,108,84,31,41,24],"product_tag":[],"class_list":{"0":"post-27427","1":"product","2":"type-product","3":"status-publish","4":"has-post-thumbnail","6":"product_cat-collectionfun","7":"product_cat-grandes-tailles","8":"product_cat-nouveautes-de-la-semaine","9":"product_cat-nouvellecollection","10":"product_cat-robes","11":"product_cat-robes-grandes-tailles","12":"product_cat-vetements","13":"desktop-align-left","14":"tablet-align-left","15":"mobile-align-left","17":"first","18":"outofstock","19":"shipping-taxable","20":"purchasable","21":"product-type-simple"},"jetpack_sharing_enabled":true,"_links":{"self":[{"href":"https:\/\/www.dressing-fashion.fr\/index.php\/wp-json\/wp\/v2\/product\/27427","targetHints":{"allow":["GET"]}}],"collection":[{"href":"https:\/\/www.dressing-fashion.fr\/index.php\/wp-json\/wp\/v2\/product"}],"about":[{"href":"https:\/\/www.dressing-fashion.fr\/index.php\/wp-json\/wp\/v2\/types\/product"}],"replies":[{"embeddable":true,"href":"https:\/\/www.dressing-fashion.fr\/index.php\/wp-json\/wp\/v2\/comments?post=27427"}],"version-history":[{"count":1,"href":"https:\/\/www.dressing-fashion.fr\/index.php\/wp-json\/wp\/v2\/product\/27427\/revisions"}],"predecessor-version":[{"id":27434,"href":"https:\/\/www.dressing-fashion.fr\/index.php\/wp-json\/wp\/v2\/product\/27427\/revisions\/27434"}],"wp:featuredmedia":[{"embeddable":true,"href":"https:\/\/www.dressing-fashion.fr\/index.php\/wp-json\/wp\/v2\/media\/27433"}],"wp:attachment":[{"href":"https:\/\/www.dressing-fashion.fr\/index.php\/wp-json\/wp\/v2\/media?parent=27427"}],"wp:term":[{"taxonomy":"product_brand","embeddable":true,"href":"https:\/\/www.dressing-fashion.fr\/index.php\/wp-json\/wp\/v2\/product_brand?post=27427"},{"taxonomy":"product_cat","embeddable":true,"href":"https:\/\/www.dressing-fashion.fr\/index.php\/wp-json\/wp\/v2\/product_cat?post=27427"},{"taxonomy":"product_tag","embeddable":true,"href":"https:\/\/www.dressing-fashion.fr\/index.php\/wp-json\/wp\/v2\/product_tag?post=27427"}],"curies":[{"name":"wp","href":"https:\/\/api.w.org\/{rel}","templated":true}]}}