{"id":27419,"date":"2026-03-10T10:30:46","date_gmt":"2026-03-10T09:30:46","guid":{"rendered":"https:\/\/www.dressing-fashion.fr\/?post_type=product&#038;p=27419"},"modified":"2026-03-10T11:08:31","modified_gmt":"2026-03-10T10:08:31","slug":"robe-frida-poetica","status":"publish","type":"product","link":"https:\/\/www.dressing-fashion.fr\/index.php\/produit\/robe-frida-poetica\/","title":{"rendered":"Robe Frida Po\u00e9tica"},"content":{"rendered":"<p>&nbsp;<\/p>\n<p>Robe Frida Po\u00e9tique<\/p>\n<p>Taille Unique<br \/>\nTour de poitrine : 150 cm<br \/>\nLongueur : 128 cm<br \/>\nMati\u00e8re : 95% viscose, 5% \u00e9lasthanne<br \/>\nD\u00e9tails :<br \/>\n\u2022 Coupe fluide et \u00e9l\u00e9gante<br \/>\n\u2022 Petites fentes lat\u00e9rales<br \/>\n\u2022 Dos imprim\u00e9 floral<br \/>\n\u2022 Motif frontal de Frida avec papillon et \u00e9critures en fond<br \/>\n\u2022 Finition manches imprim\u00e9es<\/p>\n<p>Remarque : les photos sont retouch\u00e9es et les couleurs peuvent l\u00e9g\u00e8rement varier selon la lumi\u00e8re et l\u2019\u00e9cran.<br \/>\n#FridaPassion #RobePo\u00e9tique #StyleCurvy #LookUnique<\/p>\n<p>#FridaKahlo #RobeGrandeTaille #ModeColor\u00e9e #RobeArt #FemmesPulpeuses #DressingFashion<\/p>\n<p>&nbsp;<\/p>\n<p>&nbsp;<\/p>\n<p>Ajoutez une touche de style et de confort \u00e0 votre garde-robe !<\/p>\n<p>Commandez la v\u00f4tre d\u00e8s maintenant !<\/p>\n<p>Les accessoires sont vendus s\u00e9par\u00e9ment.<\/p>\n<p>Lavage en machine \u00e0 froid \u2013 Programme d\u00e9licat \u2013 Eau de javel interdite<\/p>\n","protected":false},"excerpt":{"rendered":"<p>&nbsp; Robe Frida Po\u00e9tique Taille Unique Tour de poitrine : 150 cm Longueur : 128 cm Mati\u00e8re : 95% viscose, 5% \u00e9lasthanne D\u00e9tails : \u2022 Coupe fluide et \u00e9l\u00e9gante \u2022 Petites fentes lat\u00e9rales \u2022 Dos imprim\u00e9 floral \u2022 Motif frontal de Frida avec papillon et \u00e9critures en fond \u2022 Finition manches imprim\u00e9es Remarque : les [&hellip;]<\/p>\n","protected":false},"featured_media":30263,"comment_status":"open","ping_status":"closed","template":"","meta":{"site-sidebar-layout":"default","site-content-layout":"default","ast-site-content-layout":"default","site-content-style":"default","site-sidebar-style":"default","ast-global-header-display":"","ast-banner-title-visibility":"","ast-main-header-display":"","ast-hfb-above-header-display":"","ast-hfb-below-header-display":"","ast-hfb-mobile-header-display":"","site-post-title":"","ast-breadcrumbs-content":"","ast-featured-img":"","footer-sml-layout":"","ast-disable-related-posts":"","theme-transparent-header-meta":"default","adv-header-id-meta":"","stick-header-meta":"","header-above-stick-meta":"","header-main-stick-meta":"","header-below-stick-meta":"","astra-migrate-meta-layouts":"set","ast-page-background-enabled":"default","ast-page-background-meta":{"desktop":{"background-color":"","background-image":"","background-repeat":"repeat","background-position":"center center","background-size":"auto","background-attachment":"scroll","background-type":"","background-media":"","overlay-type":"","overlay-color":"","overlay-opacity":"","overlay-gradient":""},"tablet":{"background-color":"","background-image":"","background-repeat":"repeat","background-position":"center center","background-size":"auto","background-attachment":"scroll","background-type":"","background-media":"","overlay-type":"","overlay-color":"","overlay-opacity":"","overlay-gradient":""},"mobile":{"background-color":"","background-image":"","background-repeat":"repeat","background-position":"center center","background-size":"auto","background-attachment":"scroll","background-type":"","background-media":"","overlay-type":"","overlay-color":"","overlay-opacity":"","overlay-gradient":""}},"ast-content-background-meta":{"desktop":{"background-color":"var(--ast-global-color-5)","background-image":"","background-repeat":"repeat","background-position":"center center","background-size":"auto","background-attachment":"scroll","background-type":"","background-media":"","overlay-type":"","overlay-color":"","overlay-opacity":"","overlay-gradient":""},"tablet":{"background-color":"var(--ast-global-color-5)","background-image":"","background-repeat":"repeat","background-position":"center center","background-size":"auto","background-attachment":"scroll","background-type":"","background-media":"","overlay-type":"","overlay-color":"","overlay-opacity":"","overlay-gradient":""},"mobile":{"background-color":"var(--ast-global-color-5)","background-image":"","background-repeat":"repeat","background-position":"center center","background-size":"auto","background-attachment":"scroll","background-type":"","background-media":"","overlay-type":"","overlay-color":"","overlay-opacity":"","overlay-gradient":""}},"_glsr_average":0,"_glsr_ranking":0,"_glsr_reviews":0},"product_brand":[],"product_cat":[59,294,35,108,84,31,41,24],"product_tag":[],"class_list":{"0":"post-27419","1":"product","2":"type-product","3":"status-publish","4":"has-post-thumbnail","6":"product_cat-bon-plan","7":"product_cat-collectionfun","8":"product_cat-grandes-tailles","9":"product_cat-nouveautes-de-la-semaine","10":"product_cat-nouvellecollection","11":"product_cat-robes","12":"product_cat-robes-grandes-tailles","13":"product_cat-vetements","14":"desktop-align-left","15":"tablet-align-left","16":"mobile-align-left","18":"first","19":"instock","20":"sale","21":"shipping-taxable","22":"purchasable","23":"product-type-simple"},"jetpack_sharing_enabled":true,"_links":{"self":[{"href":"https:\/\/www.dressing-fashion.fr\/index.php\/wp-json\/wp\/v2\/product\/27419","targetHints":{"allow":["GET"]}}],"collection":[{"href":"https:\/\/www.dressing-fashion.fr\/index.php\/wp-json\/wp\/v2\/product"}],"about":[{"href":"https:\/\/www.dressing-fashion.fr\/index.php\/wp-json\/wp\/v2\/types\/product"}],"replies":[{"embeddable":true,"href":"https:\/\/www.dressing-fashion.fr\/index.php\/wp-json\/wp\/v2\/comments?post=27419"}],"version-history":[{"count":1,"href":"https:\/\/www.dressing-fashion.fr\/index.php\/wp-json\/wp\/v2\/product\/27419\/revisions"}],"predecessor-version":[{"id":27426,"href":"https:\/\/www.dressing-fashion.fr\/index.php\/wp-json\/wp\/v2\/product\/27419\/revisions\/27426"}],"wp:featuredmedia":[{"embeddable":true,"href":"https:\/\/www.dressing-fashion.fr\/index.php\/wp-json\/wp\/v2\/media\/30263"}],"wp:attachment":[{"href":"https:\/\/www.dressing-fashion.fr\/index.php\/wp-json\/wp\/v2\/media?parent=27419"}],"wp:term":[{"taxonomy":"product_brand","embeddable":true,"href":"https:\/\/www.dressing-fashion.fr\/index.php\/wp-json\/wp\/v2\/product_brand?post=27419"},{"taxonomy":"product_cat","embeddable":true,"href":"https:\/\/www.dressing-fashion.fr\/index.php\/wp-json\/wp\/v2\/product_cat?post=27419"},{"taxonomy":"product_tag","embeddable":true,"href":"https:\/\/www.dressing-fashion.fr\/index.php\/wp-json\/wp\/v2\/product_tag?post=27419"}],"curies":[{"name":"wp","href":"https:\/\/api.w.org\/{rel}","templated":true}]}}