{"id":27087,"date":"2025-08-17T07:51:53","date_gmt":"2025-08-17T05:51:53","guid":{"rendered":"https:\/\/www.dressing-fashion.fr\/?post_type=product&#038;p=27087"},"modified":"2026-03-10T10:49:37","modified_gmt":"2026-03-10T09:49:37","slug":"robe-jadore","status":"publish","type":"product","link":"https:\/\/www.dressing-fashion.fr\/index.php\/produit\/robe-jadore\/","title":{"rendered":"Robe J&rsquo;adore"},"content":{"rendered":"<p>&nbsp;<\/p>\n<p>Robe Chemisier J\u2019adore \u2013 Fabriqu\u00e9e en Italie<\/p>\n<p>Une robe-chemise \u00e0 rayures rose p\u00e2le et blanches, \u00e0 la fois fra\u00eeche et tendance, avec une touche fun au dos gr\u00e2ce \u00e0 l\u2019inscription \u201cJ\u2019adore\u201d en style graffiti. Confortable et facile \u00e0 porter, elle se distingue par sa coupe ample et ses manches 3\/4.<br \/>\n\u2022 Aisselles \u00e0 aisselles : 65 cm<br \/>\n\u2022 Longueur totale : 109 cm<br \/>\n\u2022 Composition : 70% polyester, 30% viscose<br \/>\n\u2022 Taille unique<br \/>\n\u2022 Fabriqu\u00e9 en Italie<\/p>\n<p>#robechemise #jadore #stylefunetchic #lookd\u00e9contract\u00e9 #modeitalienne #tailleunique #rayuresroses #dressingfashion<\/p>\n<p>&nbsp;<\/p>\n<p>Ajoutez une touche de style et de confort \u00e0 votre garde-robe !<\/p>\n<p>Commandez la v\u00f4tre d\u00e8s maintenant !<\/p>\n<p>Les accessoires sont vendus s\u00e9par\u00e9ment.<\/p>\n<p>Lavage en machine \u00e0 froid \u2013 Programme d\u00e9licat \u2013 Eau de javel interdite<\/p>\n","protected":false},"excerpt":{"rendered":"<p>&nbsp; Robe Chemisier J\u2019adore \u2013 Fabriqu\u00e9e en Italie Une robe-chemise \u00e0 rayures rose p\u00e2le et blanches, \u00e0 la fois fra\u00eeche et tendance, avec une touche fun au dos gr\u00e2ce \u00e0 l\u2019inscription \u201cJ\u2019adore\u201d en style graffiti. Confortable et facile \u00e0 porter, elle se distingue par sa coupe ample et ses manches 3\/4. \u2022 Aisselles \u00e0 aisselles [&hellip;]<\/p>\n","protected":false},"featured_media":27093,"comment_status":"open","ping_status":"closed","template":"","meta":{"site-sidebar-layout":"default","site-content-layout":"default","ast-site-content-layout":"default","site-content-style":"default","site-sidebar-style":"default","ast-global-header-display":"","ast-banner-title-visibility":"","ast-main-header-display":"","ast-hfb-above-header-display":"","ast-hfb-below-header-display":"","ast-hfb-mobile-header-display":"","site-post-title":"","ast-breadcrumbs-content":"","ast-featured-img":"","footer-sml-layout":"","ast-disable-related-posts":"","theme-transparent-header-meta":"default","adv-header-id-meta":"","stick-header-meta":"","header-above-stick-meta":"","header-main-stick-meta":"","header-below-stick-meta":"","astra-migrate-meta-layouts":"set","ast-page-background-enabled":"default","ast-page-background-meta":{"desktop":{"background-color":"","background-image":"","background-repeat":"repeat","background-position":"center center","background-size":"auto","background-attachment":"scroll","background-type":"","background-media":"","overlay-type":"","overlay-color":"","overlay-opacity":"","overlay-gradient":""},"tablet":{"background-color":"","background-image":"","background-repeat":"repeat","background-position":"center center","background-size":"auto","background-attachment":"scroll","background-type":"","background-media":"","overlay-type":"","overlay-color":"","overlay-opacity":"","overlay-gradient":""},"mobile":{"background-color":"","background-image":"","background-repeat":"repeat","background-position":"center center","background-size":"auto","background-attachment":"scroll","background-type":"","background-media":"","overlay-type":"","overlay-color":"","overlay-opacity":"","overlay-gradient":""}},"ast-content-background-meta":{"desktop":{"background-color":"var(--ast-global-color-5)","background-image":"","background-repeat":"repeat","background-position":"center center","background-size":"auto","background-attachment":"scroll","background-type":"","background-media":"","overlay-type":"","overlay-color":"","overlay-opacity":"","overlay-gradient":""},"tablet":{"background-color":"var(--ast-global-color-5)","background-image":"","background-repeat":"repeat","background-position":"center center","background-size":"auto","background-attachment":"scroll","background-type":"","background-media":"","overlay-type":"","overlay-color":"","overlay-opacity":"","overlay-gradient":""},"mobile":{"background-color":"var(--ast-global-color-5)","background-image":"","background-repeat":"repeat","background-position":"center center","background-size":"auto","background-attachment":"scroll","background-type":"","background-media":"","overlay-type":"","overlay-color":"","overlay-opacity":"","overlay-gradient":""}},"_glsr_average":0,"_glsr_ranking":0,"_glsr_reviews":0},"product_brand":[],"product_cat":[59,35,31,24],"product_tag":[],"class_list":{"0":"post-27087","1":"product","2":"type-product","3":"status-publish","4":"has-post-thumbnail","6":"product_cat-bon-plan","7":"product_cat-grandes-tailles","8":"product_cat-robes","9":"product_cat-vetements","10":"desktop-align-left","11":"tablet-align-left","12":"mobile-align-left","14":"first","15":"outofstock","16":"sale","17":"shipping-taxable","18":"purchasable","19":"product-type-simple"},"jetpack_sharing_enabled":true,"_links":{"self":[{"href":"https:\/\/www.dressing-fashion.fr\/index.php\/wp-json\/wp\/v2\/product\/27087","targetHints":{"allow":["GET"]}}],"collection":[{"href":"https:\/\/www.dressing-fashion.fr\/index.php\/wp-json\/wp\/v2\/product"}],"about":[{"href":"https:\/\/www.dressing-fashion.fr\/index.php\/wp-json\/wp\/v2\/types\/product"}],"replies":[{"embeddable":true,"href":"https:\/\/www.dressing-fashion.fr\/index.php\/wp-json\/wp\/v2\/comments?post=27087"}],"version-history":[{"count":1,"href":"https:\/\/www.dressing-fashion.fr\/index.php\/wp-json\/wp\/v2\/product\/27087\/revisions"}],"predecessor-version":[{"id":27094,"href":"https:\/\/www.dressing-fashion.fr\/index.php\/wp-json\/wp\/v2\/product\/27087\/revisions\/27094"}],"wp:featuredmedia":[{"embeddable":true,"href":"https:\/\/www.dressing-fashion.fr\/index.php\/wp-json\/wp\/v2\/media\/27093"}],"wp:attachment":[{"href":"https:\/\/www.dressing-fashion.fr\/index.php\/wp-json\/wp\/v2\/media?parent=27087"}],"wp:term":[{"taxonomy":"product_brand","embeddable":true,"href":"https:\/\/www.dressing-fashion.fr\/index.php\/wp-json\/wp\/v2\/product_brand?post=27087"},{"taxonomy":"product_cat","embeddable":true,"href":"https:\/\/www.dressing-fashion.fr\/index.php\/wp-json\/wp\/v2\/product_cat?post=27087"},{"taxonomy":"product_tag","embeddable":true,"href":"https:\/\/www.dressing-fashion.fr\/index.php\/wp-json\/wp\/v2\/product_tag?post=27087"}],"curies":[{"name":"wp","href":"https:\/\/api.w.org\/{rel}","templated":true}]}}