{"id":27032,"date":"2025-07-08T10:47:50","date_gmt":"2025-07-08T08:47:50","guid":{"rendered":"https:\/\/www.dressing-fashion.fr\/?post_type=product&#038;p=27032"},"modified":"2026-02-16T14:06:47","modified_gmt":"2026-02-16T13:06:47","slug":"sac-rond-tresse-mia","status":"publish","type":"product","link":"https:\/\/www.dressing-fashion.fr\/index.php\/produit\/sac-rond-tresse-mia\/","title":{"rendered":"Sac rond tress\u00e9 Mia"},"content":{"rendered":"<p>Sac rond tress\u00e9 \u00e0 bandouli\u00e8re cha\u00eene<\/p>\n<div class=\"woocommerce-tabs wc-tabs-wrapper\">\n<p>Petit sac rond au style boh\u00e8me chic, confectionn\u00e9 en maille tress\u00e9e \u00e9paisse. Compact mais fonctionnel, il permet d\u2019emporter vos essentiels avec \u00e9l\u00e9gance.<\/p>\n<p>D\u00e9tails du produit :<br \/>\n\u2022 Fermeture \u00e0 rabat avec bouton magn\u00e9tique dor\u00e9<br \/>\n\u2022 Bandouli\u00e8re en cha\u00eene dor\u00e9e<br \/>\n\u2022 Pompon d\u00e9coratif amovible<br \/>\n\u2022 Int\u00e9rieur sans doublure<br \/>\n\u2022 Peut contenir un t\u00e9l\u00e9phone portable, des cl\u00e9s et un petit porte-monnaie<\/p>\n<p>Ce mod\u00e8le est parfait pour une sortie estivale ou une soir\u00e9e d\u00e9contract\u00e9e. L\u00e9ger, original et pratique.<\/p>\n<p>#petitsac #sac\u00e9t\u00e9 #modeboh\u00e8me #accessoiresfemme #dressingfashion<\/p>\n<\/div>\n","protected":false},"excerpt":{"rendered":"<p>Sac rond tress\u00e9 \u00e0 bandouli\u00e8re cha\u00eene Petit sac rond au style boh\u00e8me chic, confectionn\u00e9 en maille tress\u00e9e \u00e9paisse. Compact mais fonctionnel, il permet d\u2019emporter vos essentiels avec \u00e9l\u00e9gance. D\u00e9tails du produit : \u2022 Fermeture \u00e0 rabat avec bouton magn\u00e9tique dor\u00e9 \u2022 Bandouli\u00e8re en cha\u00eene dor\u00e9e \u2022 Pompon d\u00e9coratif amovible \u2022 Int\u00e9rieur sans doublure \u2022 Peut [&hellip;]<\/p>\n","protected":false},"featured_media":27038,"comment_status":"open","ping_status":"closed","template":"","meta":{"site-sidebar-layout":"default","site-content-layout":"default","ast-site-content-layout":"default","site-content-style":"default","site-sidebar-style":"default","ast-global-header-display":"","ast-banner-title-visibility":"","ast-main-header-display":"","ast-hfb-above-header-display":"","ast-hfb-below-header-display":"","ast-hfb-mobile-header-display":"","site-post-title":"","ast-breadcrumbs-content":"","ast-featured-img":"","footer-sml-layout":"","ast-disable-related-posts":"","theme-transparent-header-meta":"default","adv-header-id-meta":"","stick-header-meta":"","header-above-stick-meta":"","header-main-stick-meta":"","header-below-stick-meta":"","astra-migrate-meta-layouts":"set","ast-page-background-enabled":"default","ast-page-background-meta":{"desktop":{"background-color":"","background-image":"","background-repeat":"repeat","background-position":"center center","background-size":"auto","background-attachment":"scroll","background-type":"","background-media":"","overlay-type":"","overlay-color":"","overlay-opacity":"","overlay-gradient":""},"tablet":{"background-color":"","background-image":"","background-repeat":"repeat","background-position":"center center","background-size":"auto","background-attachment":"scroll","background-type":"","background-media":"","overlay-type":"","overlay-color":"","overlay-opacity":"","overlay-gradient":""},"mobile":{"background-color":"","background-image":"","background-repeat":"repeat","background-position":"center center","background-size":"auto","background-attachment":"scroll","background-type":"","background-media":"","overlay-type":"","overlay-color":"","overlay-opacity":"","overlay-gradient":""}},"ast-content-background-meta":{"desktop":{"background-color":"var(--ast-global-color-5)","background-image":"","background-repeat":"repeat","background-position":"center center","background-size":"auto","background-attachment":"scroll","background-type":"","background-media":"","overlay-type":"","overlay-color":"","overlay-opacity":"","overlay-gradient":""},"tablet":{"background-color":"var(--ast-global-color-5)","background-image":"","background-repeat":"repeat","background-position":"center center","background-size":"auto","background-attachment":"scroll","background-type":"","background-media":"","overlay-type":"","overlay-color":"","overlay-opacity":"","overlay-gradient":""},"mobile":{"background-color":"var(--ast-global-color-5)","background-image":"","background-repeat":"repeat","background-position":"center center","background-size":"auto","background-attachment":"scroll","background-type":"","background-media":"","overlay-type":"","overlay-color":"","overlay-opacity":"","overlay-gradient":""}},"_glsr_average":0,"_glsr_ranking":0,"_glsr_reviews":0},"product_brand":[],"product_cat":[48,108,84,57],"product_tag":[],"class_list":{"0":"post-27032","1":"product","2":"type-product","3":"status-publish","4":"has-post-thumbnail","6":"product_cat-accessoires","7":"product_cat-nouveautes-de-la-semaine","8":"product_cat-nouvellecollection","9":"product_cat-sacs","10":"desktop-align-left","11":"tablet-align-left","12":"mobile-align-left","14":"first","15":"instock","16":"shipping-taxable","17":"purchasable","18":"product-type-simple"},"jetpack_sharing_enabled":true,"_links":{"self":[{"href":"https:\/\/www.dressing-fashion.fr\/index.php\/wp-json\/wp\/v2\/product\/27032","targetHints":{"allow":["GET"]}}],"collection":[{"href":"https:\/\/www.dressing-fashion.fr\/index.php\/wp-json\/wp\/v2\/product"}],"about":[{"href":"https:\/\/www.dressing-fashion.fr\/index.php\/wp-json\/wp\/v2\/types\/product"}],"replies":[{"embeddable":true,"href":"https:\/\/www.dressing-fashion.fr\/index.php\/wp-json\/wp\/v2\/comments?post=27032"}],"version-history":[{"count":1,"href":"https:\/\/www.dressing-fashion.fr\/index.php\/wp-json\/wp\/v2\/product\/27032\/revisions"}],"predecessor-version":[{"id":27040,"href":"https:\/\/www.dressing-fashion.fr\/index.php\/wp-json\/wp\/v2\/product\/27032\/revisions\/27040"}],"wp:featuredmedia":[{"embeddable":true,"href":"https:\/\/www.dressing-fashion.fr\/index.php\/wp-json\/wp\/v2\/media\/27038"}],"wp:attachment":[{"href":"https:\/\/www.dressing-fashion.fr\/index.php\/wp-json\/wp\/v2\/media?parent=27032"}],"wp:term":[{"taxonomy":"product_brand","embeddable":true,"href":"https:\/\/www.dressing-fashion.fr\/index.php\/wp-json\/wp\/v2\/product_brand?post=27032"},{"taxonomy":"product_cat","embeddable":true,"href":"https:\/\/www.dressing-fashion.fr\/index.php\/wp-json\/wp\/v2\/product_cat?post=27032"},{"taxonomy":"product_tag","embeddable":true,"href":"https:\/\/www.dressing-fashion.fr\/index.php\/wp-json\/wp\/v2\/product_tag?post=27032"}],"curies":[{"name":"wp","href":"https:\/\/api.w.org\/{rel}","templated":true}]}}