{"id":26971,"date":"2025-06-18T06:57:23","date_gmt":"2025-06-18T04:57:23","guid":{"rendered":"https:\/\/www.dressing-fashion.fr\/?post_type=product&#038;p=26971"},"modified":"2025-08-12T09:42:46","modified_gmt":"2025-08-12T07:42:46","slug":"cabas-hello-weekend","status":"publish","type":"product","link":"https:\/\/www.dressing-fashion.fr\/index.php\/produit\/cabas-hello-weekend\/","title":{"rendered":"Cabas Hello Weekend"},"content":{"rendered":"<p>&nbsp;<\/p>\n<div class=\"woocommerce-tabs wc-tabs-wrapper\">\n<p>Cabas en toile de jute \u2013 Message imprim\u00e9<\/p>\n<p>Ce cabas en toile de jute naturelle est \u00e0 la fois pratique et tendance.<br \/>\nParfait pour les sorties en ville, les vacances, les courses ou la plage.<br \/>\nMod\u00e8le l\u00e9ger, r\u00e9sistant, avec anses \u00e9paisses en coton et message imprim\u00e9 sur le devant.<\/p>\n<p>Caract\u00e9ristiques :<br \/>\n\u2013 Largeur : 42 cm<br \/>\n\u2013 Hauteur : 35 cm<br \/>\n\u2013 Profondeur : 14 cm<br \/>\n\u2013 Fermeture par bouton<br \/>\n\u2013 Anses confortables<br \/>\n\u2013 Int\u00e9rieur non doubl\u00e9<\/p>\n<p>Disponible en plusieurs mod\u00e8les :<br \/>\n\u2013 Vacances en C\u00f4te d\u2019Azur (vert ou noir)<br \/>\n\u2013 Hello Weekend<\/p>\n<p>Un accessoire original et polyvalent pour la saison printemps-\u00e9t\u00e9.<\/p>\n<p>#cabasjute #sac\u00e9t\u00e9 #modeboh\u00e8me #accessoiresfemme #dressingfashion<\/p>\n<\/div>\n","protected":false},"excerpt":{"rendered":"<p>&nbsp; Cabas en toile de jute \u2013 Message imprim\u00e9 Ce cabas en toile de jute naturelle est \u00e0 la fois pratique et tendance. Parfait pour les sorties en ville, les vacances, les courses ou la plage. Mod\u00e8le l\u00e9ger, r\u00e9sistant, avec anses \u00e9paisses en coton et message imprim\u00e9 sur le devant. Caract\u00e9ristiques : \u2013 Largeur : [&hellip;]<\/p>\n","protected":false},"featured_media":26972,"comment_status":"open","ping_status":"closed","template":"","meta":{"site-sidebar-layout":"default","site-content-layout":"default","ast-site-content-layout":"default","site-content-style":"default","site-sidebar-style":"default","ast-global-header-display":"","ast-banner-title-visibility":"","ast-main-header-display":"","ast-hfb-above-header-display":"","ast-hfb-below-header-display":"","ast-hfb-mobile-header-display":"","site-post-title":"","ast-breadcrumbs-content":"","ast-featured-img":"","footer-sml-layout":"","ast-disable-related-posts":"","theme-transparent-header-meta":"default","adv-header-id-meta":"","stick-header-meta":"","header-above-stick-meta":"","header-main-stick-meta":"","header-below-stick-meta":"","astra-migrate-meta-layouts":"set","ast-page-background-enabled":"default","ast-page-background-meta":{"desktop":{"background-color":"","background-image":"","background-repeat":"repeat","background-position":"center center","background-size":"auto","background-attachment":"scroll","background-type":"","background-media":"","overlay-type":"","overlay-color":"","overlay-opacity":"","overlay-gradient":""},"tablet":{"background-color":"","background-image":"","background-repeat":"repeat","background-position":"center center","background-size":"auto","background-attachment":"scroll","background-type":"","background-media":"","overlay-type":"","overlay-color":"","overlay-opacity":"","overlay-gradient":""},"mobile":{"background-color":"","background-image":"","background-repeat":"repeat","background-position":"center center","background-size":"auto","background-attachment":"scroll","background-type":"","background-media":"","overlay-type":"","overlay-color":"","overlay-opacity":"","overlay-gradient":""}},"ast-content-background-meta":{"desktop":{"background-color":"var(--ast-global-color-5)","background-image":"","background-repeat":"repeat","background-position":"center center","background-size":"auto","background-attachment":"scroll","background-type":"","background-media":"","overlay-type":"","overlay-color":"","overlay-opacity":"","overlay-gradient":""},"tablet":{"background-color":"var(--ast-global-color-5)","background-image":"","background-repeat":"repeat","background-position":"center center","background-size":"auto","background-attachment":"scroll","background-type":"","background-media":"","overlay-type":"","overlay-color":"","overlay-opacity":"","overlay-gradient":""},"mobile":{"background-color":"var(--ast-global-color-5)","background-image":"","background-repeat":"repeat","background-position":"center center","background-size":"auto","background-attachment":"scroll","background-type":"","background-media":"","overlay-type":"","overlay-color":"","overlay-opacity":"","overlay-gradient":""}},"_glsr_average":0,"_glsr_ranking":0,"_glsr_reviews":0},"product_brand":[],"product_cat":[48,108,84,57],"product_tag":[],"class_list":{"0":"post-26971","1":"product","2":"type-product","3":"status-publish","4":"has-post-thumbnail","6":"product_cat-accessoires","7":"product_cat-nouveautes-de-la-semaine","8":"product_cat-nouvellecollection","9":"product_cat-sacs","10":"desktop-align-left","11":"tablet-align-left","12":"mobile-align-left","14":"first","15":"outofstock","16":"shipping-taxable","17":"purchasable","18":"product-type-simple"},"jetpack_sharing_enabled":true,"_links":{"self":[{"href":"https:\/\/www.dressing-fashion.fr\/index.php\/wp-json\/wp\/v2\/product\/26971","targetHints":{"allow":["GET"]}}],"collection":[{"href":"https:\/\/www.dressing-fashion.fr\/index.php\/wp-json\/wp\/v2\/product"}],"about":[{"href":"https:\/\/www.dressing-fashion.fr\/index.php\/wp-json\/wp\/v2\/types\/product"}],"replies":[{"embeddable":true,"href":"https:\/\/www.dressing-fashion.fr\/index.php\/wp-json\/wp\/v2\/comments?post=26971"}],"version-history":[{"count":1,"href":"https:\/\/www.dressing-fashion.fr\/index.php\/wp-json\/wp\/v2\/product\/26971\/revisions"}],"predecessor-version":[{"id":26976,"href":"https:\/\/www.dressing-fashion.fr\/index.php\/wp-json\/wp\/v2\/product\/26971\/revisions\/26976"}],"wp:featuredmedia":[{"embeddable":true,"href":"https:\/\/www.dressing-fashion.fr\/index.php\/wp-json\/wp\/v2\/media\/26972"}],"wp:attachment":[{"href":"https:\/\/www.dressing-fashion.fr\/index.php\/wp-json\/wp\/v2\/media?parent=26971"}],"wp:term":[{"taxonomy":"product_brand","embeddable":true,"href":"https:\/\/www.dressing-fashion.fr\/index.php\/wp-json\/wp\/v2\/product_brand?post=26971"},{"taxonomy":"product_cat","embeddable":true,"href":"https:\/\/www.dressing-fashion.fr\/index.php\/wp-json\/wp\/v2\/product_cat?post=26971"},{"taxonomy":"product_tag","embeddable":true,"href":"https:\/\/www.dressing-fashion.fr\/index.php\/wp-json\/wp\/v2\/product_tag?post=26971"}],"curies":[{"name":"wp","href":"https:\/\/api.w.org\/{rel}","templated":true}]}}