{"id":26528,"date":"2025-04-16T18:10:32","date_gmt":"2025-04-16T16:10:32","guid":{"rendered":"https:\/\/www.dressing-fashion.fr\/?post_type=product&#038;p=26528"},"modified":"2025-04-17T22:25:58","modified_gmt":"2025-04-17T20:25:58","slug":"robe-boop-love","status":"publish","type":"product","link":"https:\/\/www.dressing-fashion.fr\/index.php\/produit\/robe-boop-love\/","title":{"rendered":"Robe Boop Love"},"content":{"rendered":"<p>Robe Boop Love<\/p>\n<p>Craquez pour cette robe fluide, fun et ultra confortable, parfaite pour les beaux jours !<br \/>\nMod\u00e8le sans manches avec des bretelles larges qui permettent de cacher les bretelles du soutien-gorge.<br \/>\nImprim\u00e9 original et joyeux qui ne passe pas inaper\u00e7u.<\/p>\n<p>D\u00e9tails :<br \/>\n\u2022 Aisselle \u00e0 aisselle : 124 cm<br \/>\n\u2022 Tour de hanches : 176 cm<br \/>\n\u2022 Longueur : 125 cm<br \/>\n\u2022 Correspond jusqu\u2019au 52\/54<br \/>\n\u2022 Tissu doux et extensible<br \/>\n\u2022 Mati\u00e8re : 95 % polyester \u2013 5 % \u00e9lasthanne<\/p>\n<p>Le mannequin mesure 1m66 et taille un 44<\/p>\n<p>Les accessoires sont vendus s\u00e9par\u00e9ment.<\/p>\n<p>Eau de javel interdite<\/p>\n<p>#modegrandetaille<br \/>\n#femmespulpeuses<br \/>\n#robesoie<br \/>\n#\u00e9l\u00e9gancefeminine<br \/>\n#lookcurvy<br \/>\n#dressingfashion<\/p>\n","protected":false},"excerpt":{"rendered":"<p>Robe Boop Love Craquez pour cette robe fluide, fun et ultra confortable, parfaite pour les beaux jours ! Mod\u00e8le sans manches avec des bretelles larges qui permettent de cacher les bretelles du soutien-gorge. Imprim\u00e9 original et joyeux qui ne passe pas inaper\u00e7u. D\u00e9tails : \u2022 Aisselle \u00e0 aisselle : 124 cm \u2022 Tour de hanches [&hellip;]<\/p>\n","protected":false},"featured_media":26529,"comment_status":"open","ping_status":"closed","template":"","meta":{"site-sidebar-layout":"default","site-content-layout":"default","ast-site-content-layout":"default","site-content-style":"default","site-sidebar-style":"default","ast-global-header-display":"","ast-banner-title-visibility":"","ast-main-header-display":"","ast-hfb-above-header-display":"","ast-hfb-below-header-display":"","ast-hfb-mobile-header-display":"","site-post-title":"","ast-breadcrumbs-content":"","ast-featured-img":"","footer-sml-layout":"","ast-disable-related-posts":"","theme-transparent-header-meta":"default","adv-header-id-meta":"","stick-header-meta":"","header-above-stick-meta":"","header-main-stick-meta":"","header-below-stick-meta":"","astra-migrate-meta-layouts":"set","ast-page-background-enabled":"default","ast-page-background-meta":{"desktop":{"background-color":"","background-image":"","background-repeat":"repeat","background-position":"center center","background-size":"auto","background-attachment":"scroll","background-type":"","background-media":"","overlay-type":"","overlay-color":"","overlay-opacity":"","overlay-gradient":""},"tablet":{"background-color":"","background-image":"","background-repeat":"repeat","background-position":"center center","background-size":"auto","background-attachment":"scroll","background-type":"","background-media":"","overlay-type":"","overlay-color":"","overlay-opacity":"","overlay-gradient":""},"mobile":{"background-color":"","background-image":"","background-repeat":"repeat","background-position":"center center","background-size":"auto","background-attachment":"scroll","background-type":"","background-media":"","overlay-type":"","overlay-color":"","overlay-opacity":"","overlay-gradient":""}},"ast-content-background-meta":{"desktop":{"background-color":"var(--ast-global-color-5)","background-image":"","background-repeat":"repeat","background-position":"center center","background-size":"auto","background-attachment":"scroll","background-type":"","background-media":"","overlay-type":"","overlay-color":"","overlay-opacity":"","overlay-gradient":""},"tablet":{"background-color":"var(--ast-global-color-5)","background-image":"","background-repeat":"repeat","background-position":"center center","background-size":"auto","background-attachment":"scroll","background-type":"","background-media":"","overlay-type":"","overlay-color":"","overlay-opacity":"","overlay-gradient":""},"mobile":{"background-color":"var(--ast-global-color-5)","background-image":"","background-repeat":"repeat","background-position":"center center","background-size":"auto","background-attachment":"scroll","background-type":"","background-media":"","overlay-type":"","overlay-color":"","overlay-opacity":"","overlay-gradient":""}},"_glsr_average":0,"_glsr_ranking":0,"_glsr_reviews":0},"product_brand":[],"product_cat":[294,35,108,84,41],"product_tag":[],"class_list":{"0":"post-26528","1":"product","2":"type-product","3":"status-publish","4":"has-post-thumbnail","6":"product_cat-collectionfun","7":"product_cat-grandes-tailles","8":"product_cat-nouveautes-de-la-semaine","9":"product_cat-nouvellecollection","10":"product_cat-robes-grandes-tailles","11":"desktop-align-left","12":"tablet-align-left","13":"mobile-align-left","15":"first","16":"outofstock","17":"shipping-taxable","18":"purchasable","19":"product-type-simple"},"jetpack_sharing_enabled":true,"_links":{"self":[{"href":"https:\/\/www.dressing-fashion.fr\/index.php\/wp-json\/wp\/v2\/product\/26528","targetHints":{"allow":["GET"]}}],"collection":[{"href":"https:\/\/www.dressing-fashion.fr\/index.php\/wp-json\/wp\/v2\/product"}],"about":[{"href":"https:\/\/www.dressing-fashion.fr\/index.php\/wp-json\/wp\/v2\/types\/product"}],"replies":[{"embeddable":true,"href":"https:\/\/www.dressing-fashion.fr\/index.php\/wp-json\/wp\/v2\/comments?post=26528"}],"version-history":[{"count":2,"href":"https:\/\/www.dressing-fashion.fr\/index.php\/wp-json\/wp\/v2\/product\/26528\/revisions"}],"predecessor-version":[{"id":26536,"href":"https:\/\/www.dressing-fashion.fr\/index.php\/wp-json\/wp\/v2\/product\/26528\/revisions\/26536"}],"wp:featuredmedia":[{"embeddable":true,"href":"https:\/\/www.dressing-fashion.fr\/index.php\/wp-json\/wp\/v2\/media\/26529"}],"wp:attachment":[{"href":"https:\/\/www.dressing-fashion.fr\/index.php\/wp-json\/wp\/v2\/media?parent=26528"}],"wp:term":[{"taxonomy":"product_brand","embeddable":true,"href":"https:\/\/www.dressing-fashion.fr\/index.php\/wp-json\/wp\/v2\/product_brand?post=26528"},{"taxonomy":"product_cat","embeddable":true,"href":"https:\/\/www.dressing-fashion.fr\/index.php\/wp-json\/wp\/v2\/product_cat?post=26528"},{"taxonomy":"product_tag","embeddable":true,"href":"https:\/\/www.dressing-fashion.fr\/index.php\/wp-json\/wp\/v2\/product_tag?post=26528"}],"curies":[{"name":"wp","href":"https:\/\/api.w.org\/{rel}","templated":true}]}}