{"id":25837,"date":"2025-04-15T22:49:33","date_gmt":"2025-04-15T20:49:33","guid":{"rendered":"https:\/\/www.dressing-fashion.fr\/?post_type=product&#038;p=25837"},"modified":"2025-09-02T17:47:46","modified_gmt":"2025-09-02T15:47:46","slug":"tunique-cape-elegance","status":"publish","type":"product","link":"https:\/\/www.dressing-fashion.fr\/index.php\/produit\/tunique-cape-elegance\/","title":{"rendered":"Tunique Cape \u2013 \u00c9l\u00e9gance"},"content":{"rendered":"<p>Tunique Cape \u2013 \u00c9l\u00e9gance et fluidit\u00e9<\/p>\n<p>Laissez-vous s\u00e9duire par cette tunique cape ultra fluide, id\u00e9ale pour un look boh\u00e8me et chic. Avec sa coupe asym\u00e9trique et ses longues pointes lat\u00e9rales, elle apporte une touche d\u2019originalit\u00e9 et d\u2019\u00e9l\u00e9gance \u00e0 votre tenue.<\/p>\n<p>Son tissu 100% viscose assure un tomb\u00e9 l\u00e9ger et agr\u00e9able \u00e0 porter. Parfaite avec un pantalon ou une jupe pour un style d\u00e9contract\u00e9 mais sophistiqu\u00e9.<\/p>\n<p>\ud83d\udccf Tour de poitrine : 150 cm<br \/>\n\ud83d\udccf Longueur devant : 70 cm<br \/>\n\ud83d\udccf Longueur derri\u00e8re : 80 cm<br \/>\n\ud83d\udccf Longueur pointes lat\u00e9rales : 110 cm et 120 cm<br \/>\n\ud83e\uddf5 Mati\u00e8re : 100% Viscose<\/p>\n<p>Le mannequin mesure 1m73 et taille un 38.<\/p>\n<p>Les accessoires sont vendus s\u00e9par\u00e9ment.<\/p>\n<p>Lavage en machine \u00e0 froid \u2013 Programme d\u00e9licat \u2013 Eau de javel interdite<\/p>\n","protected":false},"excerpt":{"rendered":"<p>Tunique Cape \u2013 \u00c9l\u00e9gance et fluidit\u00e9 Laissez-vous s\u00e9duire par cette tunique cape ultra fluide, id\u00e9ale pour un look boh\u00e8me et chic. Avec sa coupe asym\u00e9trique et ses longues pointes lat\u00e9rales, elle apporte une touche d\u2019originalit\u00e9 et d\u2019\u00e9l\u00e9gance \u00e0 votre tenue. Son tissu 100% viscose assure un tomb\u00e9 l\u00e9ger et agr\u00e9able \u00e0 porter. Parfaite avec un [&hellip;]<\/p>\n","protected":false},"featured_media":25852,"comment_status":"open","ping_status":"closed","template":"","meta":{"site-sidebar-layout":"default","site-content-layout":"default","ast-site-content-layout":"default","site-content-style":"default","site-sidebar-style":"default","ast-global-header-display":"","ast-banner-title-visibility":"","ast-main-header-display":"","ast-hfb-above-header-display":"","ast-hfb-below-header-display":"","ast-hfb-mobile-header-display":"","site-post-title":"","ast-breadcrumbs-content":"","ast-featured-img":"","footer-sml-layout":"","ast-disable-related-posts":"","theme-transparent-header-meta":"default","adv-header-id-meta":"","stick-header-meta":"","header-above-stick-meta":"","header-main-stick-meta":"","header-below-stick-meta":"","astra-migrate-meta-layouts":"set","ast-page-background-enabled":"default","ast-page-background-meta":{"desktop":{"background-color":"","background-image":"","background-repeat":"repeat","background-position":"center center","background-size":"auto","background-attachment":"scroll","background-type":"","background-media":"","overlay-type":"","overlay-color":"","overlay-opacity":"","overlay-gradient":""},"tablet":{"background-color":"","background-image":"","background-repeat":"repeat","background-position":"center center","background-size":"auto","background-attachment":"scroll","background-type":"","background-media":"","overlay-type":"","overlay-color":"","overlay-opacity":"","overlay-gradient":""},"mobile":{"background-color":"","background-image":"","background-repeat":"repeat","background-position":"center center","background-size":"auto","background-attachment":"scroll","background-type":"","background-media":"","overlay-type":"","overlay-color":"","overlay-opacity":"","overlay-gradient":""}},"ast-content-background-meta":{"desktop":{"background-color":"var(--ast-global-color-5)","background-image":"","background-repeat":"repeat","background-position":"center center","background-size":"auto","background-attachment":"scroll","background-type":"","background-media":"","overlay-type":"","overlay-color":"","overlay-opacity":"","overlay-gradient":""},"tablet":{"background-color":"var(--ast-global-color-5)","background-image":"","background-repeat":"repeat","background-position":"center center","background-size":"auto","background-attachment":"scroll","background-type":"","background-media":"","overlay-type":"","overlay-color":"","overlay-opacity":"","overlay-gradient":""},"mobile":{"background-color":"var(--ast-global-color-5)","background-image":"","background-repeat":"repeat","background-position":"center center","background-size":"auto","background-attachment":"scroll","background-type":"","background-media":"","overlay-type":"","overlay-color":"","overlay-opacity":"","overlay-gradient":""}},"_glsr_average":0,"_glsr_ranking":0,"_glsr_reviews":0},"product_brand":[],"product_cat":[59,35,108,84,42],"product_tag":[],"class_list":{"0":"post-25837","1":"product","2":"type-product","3":"status-publish","4":"has-post-thumbnail","6":"product_cat-bon-plan","7":"product_cat-grandes-tailles","8":"product_cat-nouveautes-de-la-semaine","9":"product_cat-nouvellecollection","10":"product_cat-tuniques","11":"desktop-align-left","12":"tablet-align-left","13":"mobile-align-left","15":"first","16":"outofstock","17":"sale","18":"shipping-taxable","19":"purchasable","20":"product-type-simple"},"jetpack_sharing_enabled":true,"_links":{"self":[{"href":"https:\/\/www.dressing-fashion.fr\/index.php\/wp-json\/wp\/v2\/product\/25837","targetHints":{"allow":["GET"]}}],"collection":[{"href":"https:\/\/www.dressing-fashion.fr\/index.php\/wp-json\/wp\/v2\/product"}],"about":[{"href":"https:\/\/www.dressing-fashion.fr\/index.php\/wp-json\/wp\/v2\/types\/product"}],"replies":[{"embeddable":true,"href":"https:\/\/www.dressing-fashion.fr\/index.php\/wp-json\/wp\/v2\/comments?post=25837"}],"version-history":[{"count":1,"href":"https:\/\/www.dressing-fashion.fr\/index.php\/wp-json\/wp\/v2\/product\/25837\/revisions"}],"predecessor-version":[{"id":25853,"href":"https:\/\/www.dressing-fashion.fr\/index.php\/wp-json\/wp\/v2\/product\/25837\/revisions\/25853"}],"wp:featuredmedia":[{"embeddable":true,"href":"https:\/\/www.dressing-fashion.fr\/index.php\/wp-json\/wp\/v2\/media\/25852"}],"wp:attachment":[{"href":"https:\/\/www.dressing-fashion.fr\/index.php\/wp-json\/wp\/v2\/media?parent=25837"}],"wp:term":[{"taxonomy":"product_brand","embeddable":true,"href":"https:\/\/www.dressing-fashion.fr\/index.php\/wp-json\/wp\/v2\/product_brand?post=25837"},{"taxonomy":"product_cat","embeddable":true,"href":"https:\/\/www.dressing-fashion.fr\/index.php\/wp-json\/wp\/v2\/product_cat?post=25837"},{"taxonomy":"product_tag","embeddable":true,"href":"https:\/\/www.dressing-fashion.fr\/index.php\/wp-json\/wp\/v2\/product_tag?post=25837"}],"curies":[{"name":"wp","href":"https:\/\/api.w.org\/{rel}","templated":true}]}}