{"id":25770,"date":"2026-01-18T22:52:46","date_gmt":"2026-01-18T21:52:46","guid":{"rendered":"https:\/\/www.dressing-fashion.fr\/?post_type=product&#038;p=25770"},"modified":"2026-01-22T16:44:18","modified_gmt":"2026-01-22T15:44:18","slug":"sautoir-croix-imperiale-2","status":"publish","type":"product","link":"https:\/\/www.dressing-fashion.fr\/index.php\/produit\/sautoir-croix-imperiale-2\/","title":{"rendered":"\u00a0Sautoir Croix Imp\u00e9riale 39"},"content":{"rendered":"<p>Sautoir Croix Imp\u00e9riale<\/p>\n<p>\ud83d\udccc Longueur totale : 53 cm<br \/>\n\ud83d\udccc D\u00e9tails :<br \/>\n\u2022 Pendentif croix serti de pierres violettes et bordeaux aux reflets nacr\u00e9s<br \/>\n\u2022 Ornements dor\u00e9s avec d\u00e9tails en strass<br \/>\n\u2022 Perle fantaisie suspendue pour une touche \u00e9l\u00e9gante<br \/>\n\u2022 Cha\u00eene dor\u00e9e avec incrustations de perles violettes<br \/>\n\u2022 Bijou sophistiqu\u00e9 et raffin\u00e9, parfait pour un look audacieux et chic<\/p>\n<p>\u2728 Un sautoir unique qui allie charme imp\u00e9rial et modernit\u00e9, id\u00e9al pour sublimer toutes vos tenues ! \u2728<\/p>\n<p>\ud83d\udce2 Stock limit\u00e9 \u2013 Commandez d\u00e8s maintenant !<\/p>\n<p>#SautoirCroix #BijouxImp\u00e9riaux #\u00c9l\u00e9ganceMystique #Mode\u00c9l\u00e9gante #StyleAudacieux #BijouxDeCaract\u00e8re #ModeLuxe #TendanceChic<\/p>\n","protected":false},"excerpt":{"rendered":"<p>Sautoir Croix Imp\u00e9riale \ud83d\udccc Longueur totale : 53 cm \ud83d\udccc D\u00e9tails : \u2022 Pendentif croix serti de pierres violettes et bordeaux aux reflets nacr\u00e9s \u2022 Ornements dor\u00e9s avec d\u00e9tails en strass \u2022 Perle fantaisie suspendue pour une touche \u00e9l\u00e9gante \u2022 Cha\u00eene dor\u00e9e avec incrustations de perles violettes \u2022 Bijou sophistiqu\u00e9 et raffin\u00e9, parfait pour un [&hellip;]<\/p>\n","protected":false},"featured_media":30057,"comment_status":"open","ping_status":"closed","template":"","meta":{"site-sidebar-layout":"default","site-content-layout":"default","ast-site-content-layout":"default","site-content-style":"default","site-sidebar-style":"default","ast-global-header-display":"","ast-banner-title-visibility":"","ast-main-header-display":"","ast-hfb-above-header-display":"","ast-hfb-below-header-display":"","ast-hfb-mobile-header-display":"","site-post-title":"","ast-breadcrumbs-content":"","ast-featured-img":"","footer-sml-layout":"","ast-disable-related-posts":"","theme-transparent-header-meta":"default","adv-header-id-meta":"","stick-header-meta":"","header-above-stick-meta":"","header-main-stick-meta":"","header-below-stick-meta":"","astra-migrate-meta-layouts":"set","ast-page-background-enabled":"default","ast-page-background-meta":{"desktop":{"background-color":"","background-image":"","background-repeat":"repeat","background-position":"center center","background-size":"auto","background-attachment":"scroll","background-type":"","background-media":"","overlay-type":"","overlay-color":"","overlay-opacity":"","overlay-gradient":""},"tablet":{"background-color":"","background-image":"","background-repeat":"repeat","background-position":"center center","background-size":"auto","background-attachment":"scroll","background-type":"","background-media":"","overlay-type":"","overlay-color":"","overlay-opacity":"","overlay-gradient":""},"mobile":{"background-color":"","background-image":"","background-repeat":"repeat","background-position":"center center","background-size":"auto","background-attachment":"scroll","background-type":"","background-media":"","overlay-type":"","overlay-color":"","overlay-opacity":"","overlay-gradient":""}},"ast-content-background-meta":{"desktop":{"background-color":"var(--ast-global-color-5)","background-image":"","background-repeat":"repeat","background-position":"center center","background-size":"auto","background-attachment":"scroll","background-type":"","background-media":"","overlay-type":"","overlay-color":"","overlay-opacity":"","overlay-gradient":""},"tablet":{"background-color":"var(--ast-global-color-5)","background-image":"","background-repeat":"repeat","background-position":"center center","background-size":"auto","background-attachment":"scroll","background-type":"","background-media":"","overlay-type":"","overlay-color":"","overlay-opacity":"","overlay-gradient":""},"mobile":{"background-color":"var(--ast-global-color-5)","background-image":"","background-repeat":"repeat","background-position":"center center","background-size":"auto","background-attachment":"scroll","background-type":"","background-media":"","overlay-type":"","overlay-color":"","overlay-opacity":"","overlay-gradient":""}},"_glsr_average":0,"_glsr_ranking":0,"_glsr_reviews":0},"product_brand":[],"product_cat":[48,49,59,252,108],"product_tag":[],"class_list":{"0":"post-25770","1":"product","2":"type-product","3":"status-publish","4":"has-post-thumbnail","6":"product_cat-accessoires","7":"product_cat-bijoux","8":"product_cat-bon-plan","9":"product_cat-collier","10":"product_cat-nouveautes-de-la-semaine","11":"desktop-align-left","12":"tablet-align-left","13":"mobile-align-left","15":"first","16":"outofstock","17":"sale","18":"shipping-taxable","19":"purchasable","20":"product-type-simple"},"jetpack_sharing_enabled":true,"_links":{"self":[{"href":"https:\/\/www.dressing-fashion.fr\/index.php\/wp-json\/wp\/v2\/product\/25770","targetHints":{"allow":["GET"]}}],"collection":[{"href":"https:\/\/www.dressing-fashion.fr\/index.php\/wp-json\/wp\/v2\/product"}],"about":[{"href":"https:\/\/www.dressing-fashion.fr\/index.php\/wp-json\/wp\/v2\/types\/product"}],"replies":[{"embeddable":true,"href":"https:\/\/www.dressing-fashion.fr\/index.php\/wp-json\/wp\/v2\/comments?post=25770"}],"version-history":[{"count":4,"href":"https:\/\/www.dressing-fashion.fr\/index.php\/wp-json\/wp\/v2\/product\/25770\/revisions"}],"predecessor-version":[{"id":30113,"href":"https:\/\/www.dressing-fashion.fr\/index.php\/wp-json\/wp\/v2\/product\/25770\/revisions\/30113"}],"wp:featuredmedia":[{"embeddable":true,"href":"https:\/\/www.dressing-fashion.fr\/index.php\/wp-json\/wp\/v2\/media\/30057"}],"wp:attachment":[{"href":"https:\/\/www.dressing-fashion.fr\/index.php\/wp-json\/wp\/v2\/media?parent=25770"}],"wp:term":[{"taxonomy":"product_brand","embeddable":true,"href":"https:\/\/www.dressing-fashion.fr\/index.php\/wp-json\/wp\/v2\/product_brand?post=25770"},{"taxonomy":"product_cat","embeddable":true,"href":"https:\/\/www.dressing-fashion.fr\/index.php\/wp-json\/wp\/v2\/product_cat?post=25770"},{"taxonomy":"product_tag","embeddable":true,"href":"https:\/\/www.dressing-fashion.fr\/index.php\/wp-json\/wp\/v2\/product_tag?post=25770"}],"curies":[{"name":"wp","href":"https:\/\/api.w.org\/{rel}","templated":true}]}}