{"id":25018,"date":"2025-02-10T22:07:38","date_gmt":"2025-02-10T21:07:38","guid":{"rendered":"https:\/\/www.dressing-fashion.fr\/?post_type=product&#038;p=25018"},"modified":"2025-04-07T09:59:50","modified_gmt":"2025-04-07T07:59:50","slug":"veste-frida-kahlo-2","status":"publish","type":"product","link":"https:\/\/www.dressing-fashion.fr\/index.php\/produit\/veste-frida-kahlo-2\/","title":{"rendered":"Veste Frida Kahlo"},"content":{"rendered":"<p>&nbsp;<\/p>\n<p>Veste effet daim imprim\u00e9e Frida Kahlo<\/p>\n<p>Affirmez votre style avec cette veste unique en effet daim, orn\u00e9e d\u2019un imprim\u00e9 vibrant de Frida Kahlo. Un m\u00e9lange parfait entre art, originalit\u00e9 et audace, id\u00e9al pour celles qui aiment les pi\u00e8ces fortes et inspirantes !<br \/>\n\u2022 Fermeture par un bouton pour une touche \u00e9l\u00e9gante et pratique<br \/>\n\u2022 Poches lat\u00e9rales pour plus de confort et de fonctionnalit\u00e9<br \/>\n\u2022 Imprim\u00e9 artistique et motif l\u00e9opard pour un look audacieux<br \/>\n\u2022 Effet daim doux et agr\u00e9able au toucher<br \/>\n\u2022 Mati\u00e8re : 95% polyester, 5% \u00e9lasthanne \u2013 souple et confortable<\/p>\n<p>\ud83d\udccf Dimensions :<br \/>\n\u2022 Tour de poitrine : 120 cm<br \/>\n\u2022 Tour de hanches : 120 cm<br \/>\n\u2022 Tour de bras : 46 cm<br \/>\n\u2022 Longueur : 100 cm<\/p>\n<p>\u2728 Une veste qui allie art et mode pour un look unique et inspirant !<\/p>\n<p>Fabriqu\u00e9 en Italie<\/p>\n<p>Notre mannequin mesure 1,66 m et porte une taille 44, pour vous donner une meilleure id\u00e9e de la coupe du v\u00eatement.<\/p>\n<p>Les accessoires sont vendus s\u00e9par\u00e9ment.<\/p>\n<p>Lavage en machine \u00e0 froid \u2013 Programme d\u00e9licat \u2013 Eau de javel interdite<\/p>\n<p>Note : La couleur du v\u00eatement peut l\u00e9g\u00e8rement varier en raison de l\u2019\u00e9clairage utilis\u00e9 lors des photos .<\/p>\n","protected":false},"excerpt":{"rendered":"<p>&nbsp; Veste effet daim imprim\u00e9e Frida Kahlo Affirmez votre style avec cette veste unique en effet daim, orn\u00e9e d\u2019un imprim\u00e9 vibrant de Frida Kahlo. Un m\u00e9lange parfait entre art, originalit\u00e9 et audace, id\u00e9al pour celles qui aiment les pi\u00e8ces fortes et inspirantes ! \u2022 Fermeture par un bouton pour une touche \u00e9l\u00e9gante et pratique \u2022 [&hellip;]<\/p>\n","protected":false},"featured_media":25023,"comment_status":"open","ping_status":"closed","template":"","meta":{"site-sidebar-layout":"default","site-content-layout":"default","ast-site-content-layout":"default","site-content-style":"default","site-sidebar-style":"default","ast-global-header-display":"","ast-banner-title-visibility":"","ast-main-header-display":"","ast-hfb-above-header-display":"","ast-hfb-below-header-display":"","ast-hfb-mobile-header-display":"","site-post-title":"","ast-breadcrumbs-content":"","ast-featured-img":"","footer-sml-layout":"","ast-disable-related-posts":"","theme-transparent-header-meta":"default","adv-header-id-meta":"","stick-header-meta":"","header-above-stick-meta":"","header-main-stick-meta":"","header-below-stick-meta":"","astra-migrate-meta-layouts":"set","ast-page-background-enabled":"default","ast-page-background-meta":{"desktop":{"background-color":"","background-image":"","background-repeat":"repeat","background-position":"center center","background-size":"auto","background-attachment":"scroll","background-type":"","background-media":"","overlay-type":"","overlay-color":"","overlay-opacity":"","overlay-gradient":""},"tablet":{"background-color":"","background-image":"","background-repeat":"repeat","background-position":"center center","background-size":"auto","background-attachment":"scroll","background-type":"","background-media":"","overlay-type":"","overlay-color":"","overlay-opacity":"","overlay-gradient":""},"mobile":{"background-color":"","background-image":"","background-repeat":"repeat","background-position":"center center","background-size":"auto","background-attachment":"scroll","background-type":"","background-media":"","overlay-type":"","overlay-color":"","overlay-opacity":"","overlay-gradient":""}},"ast-content-background-meta":{"desktop":{"background-color":"var(--ast-global-color-5)","background-image":"","background-repeat":"repeat","background-position":"center center","background-size":"auto","background-attachment":"scroll","background-type":"","background-media":"","overlay-type":"","overlay-color":"","overlay-opacity":"","overlay-gradient":""},"tablet":{"background-color":"var(--ast-global-color-5)","background-image":"","background-repeat":"repeat","background-position":"center center","background-size":"auto","background-attachment":"scroll","background-type":"","background-media":"","overlay-type":"","overlay-color":"","overlay-opacity":"","overlay-gradient":""},"mobile":{"background-color":"var(--ast-global-color-5)","background-image":"","background-repeat":"repeat","background-position":"center center","background-size":"auto","background-attachment":"scroll","background-type":"","background-media":"","overlay-type":"","overlay-color":"","overlay-opacity":"","overlay-gradient":""}},"_glsr_average":0,"_glsr_ranking":0,"_glsr_reviews":0},"product_brand":[],"product_cat":[294,35,108,84,34,43,24],"product_tag":[],"class_list":{"0":"post-25018","1":"product","2":"type-product","3":"status-publish","4":"has-post-thumbnail","6":"product_cat-collectionfun","7":"product_cat-grandes-tailles","8":"product_cat-nouveautes-de-la-semaine","9":"product_cat-nouvellecollection","10":"product_cat-vestesetblazers","11":"product_cat-vestesetblazers-grandes-tailles","12":"product_cat-vetements","13":"desktop-align-left","14":"tablet-align-left","15":"mobile-align-left","17":"first","18":"outofstock","19":"shipping-taxable","20":"purchasable","21":"product-type-simple"},"jetpack_sharing_enabled":true,"_links":{"self":[{"href":"https:\/\/www.dressing-fashion.fr\/index.php\/wp-json\/wp\/v2\/product\/25018","targetHints":{"allow":["GET"]}}],"collection":[{"href":"https:\/\/www.dressing-fashion.fr\/index.php\/wp-json\/wp\/v2\/product"}],"about":[{"href":"https:\/\/www.dressing-fashion.fr\/index.php\/wp-json\/wp\/v2\/types\/product"}],"replies":[{"embeddable":true,"href":"https:\/\/www.dressing-fashion.fr\/index.php\/wp-json\/wp\/v2\/comments?post=25018"}],"version-history":[{"count":1,"href":"https:\/\/www.dressing-fashion.fr\/index.php\/wp-json\/wp\/v2\/product\/25018\/revisions"}],"predecessor-version":[{"id":25026,"href":"https:\/\/www.dressing-fashion.fr\/index.php\/wp-json\/wp\/v2\/product\/25018\/revisions\/25026"}],"wp:featuredmedia":[{"embeddable":true,"href":"https:\/\/www.dressing-fashion.fr\/index.php\/wp-json\/wp\/v2\/media\/25023"}],"wp:attachment":[{"href":"https:\/\/www.dressing-fashion.fr\/index.php\/wp-json\/wp\/v2\/media?parent=25018"}],"wp:term":[{"taxonomy":"product_brand","embeddable":true,"href":"https:\/\/www.dressing-fashion.fr\/index.php\/wp-json\/wp\/v2\/product_brand?post=25018"},{"taxonomy":"product_cat","embeddable":true,"href":"https:\/\/www.dressing-fashion.fr\/index.php\/wp-json\/wp\/v2\/product_cat?post=25018"},{"taxonomy":"product_tag","embeddable":true,"href":"https:\/\/www.dressing-fashion.fr\/index.php\/wp-json\/wp\/v2\/product_tag?post=25018"}],"curies":[{"name":"wp","href":"https:\/\/api.w.org\/{rel}","templated":true}]}}