{"id":24980,"date":"2025-02-06T08:44:43","date_gmt":"2025-02-06T07:44:43","guid":{"rendered":"https:\/\/www.dressing-fashion.fr\/?post_type=product&#038;p=24980"},"modified":"2025-02-14T17:18:56","modified_gmt":"2025-02-14T16:18:56","slug":"pull-cristal-rose","status":"publish","type":"product","link":"https:\/\/www.dressing-fashion.fr\/index.php\/produit\/pull-cristal-rose\/","title":{"rendered":"Pull Cristal Ros\u00e9"},"content":{"rendered":"<p>&nbsp;<\/p>\n<p>Un pull lumineux et artistique avec un magnifique motif de rose g\u00e9om\u00e9trique entour\u00e9e de cristaux multicolores. Ce mod\u00e8le est parfait pour celles qui souhaitent ajouter une touche de fra\u00eecheur et d\u2019originalit\u00e9 \u00e0 leur garde-robe. Avec sa coupe fluide et son design captivant, il s\u2019adapte \u00e0 diverses occasions tout en restant chic.<\/p>\n<p>Marque : Piment Rouge<br \/>\n\u2022 Mati\u00e8res : 50% viscose, 22% polyamide, 28% polyester<br \/>\n\u2022 Taille unique :<br \/>\n\u2022 Tour de poitrine : jusqu\u2019\u00e0 160 cm\u00a0 ( Taille unique 46\/54 )<br \/>\n\u2022 Longueur : 80 cm<\/p>\n<p>Fabriqu\u00e9 en Italie, ce pull associe confort, modernit\u00e9 et \u00e9l\u00e9gance pour un style unique et affirm\u00e9.<\/p>\n<p>\u2022 Origine : Fabriqu\u00e9 en Italie<\/p>\n<p>Le mannequin mesure 1m66 et taille un 44.<\/p>\n<p>Les accessoires sont vendus s\u00e9par\u00e9ment.<\/p>\n<p>Lavage en machine \u00e0 froid \u2013 Programme d\u00e9licat \u2013 Eau de javel interdite<\/p>\n","protected":false},"excerpt":{"rendered":"<p>&nbsp; Un pull lumineux et artistique avec un magnifique motif de rose g\u00e9om\u00e9trique entour\u00e9e de cristaux multicolores. Ce mod\u00e8le est parfait pour celles qui souhaitent ajouter une touche de fra\u00eecheur et d\u2019originalit\u00e9 \u00e0 leur garde-robe. Avec sa coupe fluide et son design captivant, il s\u2019adapte \u00e0 diverses occasions tout en restant chic. Marque : Piment [&hellip;]<\/p>\n","protected":false},"featured_media":24986,"comment_status":"open","ping_status":"closed","template":"","meta":{"site-sidebar-layout":"default","site-content-layout":"default","ast-site-content-layout":"default","site-content-style":"default","site-sidebar-style":"default","ast-global-header-display":"","ast-banner-title-visibility":"","ast-main-header-display":"","ast-hfb-above-header-display":"","ast-hfb-below-header-display":"","ast-hfb-mobile-header-display":"","site-post-title":"","ast-breadcrumbs-content":"","ast-featured-img":"","footer-sml-layout":"","ast-disable-related-posts":"","theme-transparent-header-meta":"default","adv-header-id-meta":"","stick-header-meta":"","header-above-stick-meta":"","header-main-stick-meta":"","header-below-stick-meta":"","astra-migrate-meta-layouts":"set","ast-page-background-enabled":"default","ast-page-background-meta":{"desktop":{"background-color":"","background-image":"","background-repeat":"repeat","background-position":"center center","background-size":"auto","background-attachment":"scroll","background-type":"","background-media":"","overlay-type":"","overlay-color":"","overlay-opacity":"","overlay-gradient":""},"tablet":{"background-color":"","background-image":"","background-repeat":"repeat","background-position":"center center","background-size":"auto","background-attachment":"scroll","background-type":"","background-media":"","overlay-type":"","overlay-color":"","overlay-opacity":"","overlay-gradient":""},"mobile":{"background-color":"","background-image":"","background-repeat":"repeat","background-position":"center center","background-size":"auto","background-attachment":"scroll","background-type":"","background-media":"","overlay-type":"","overlay-color":"","overlay-opacity":"","overlay-gradient":""}},"ast-content-background-meta":{"desktop":{"background-color":"var(--ast-global-color-5)","background-image":"","background-repeat":"repeat","background-position":"center center","background-size":"auto","background-attachment":"scroll","background-type":"","background-media":"","overlay-type":"","overlay-color":"","overlay-opacity":"","overlay-gradient":""},"tablet":{"background-color":"var(--ast-global-color-5)","background-image":"","background-repeat":"repeat","background-position":"center center","background-size":"auto","background-attachment":"scroll","background-type":"","background-media":"","overlay-type":"","overlay-color":"","overlay-opacity":"","overlay-gradient":""},"mobile":{"background-color":"var(--ast-global-color-5)","background-image":"","background-repeat":"repeat","background-position":"center center","background-size":"auto","background-attachment":"scroll","background-type":"","background-media":"","overlay-type":"","overlay-color":"","overlay-opacity":"","overlay-gradient":""}},"_glsr_average":0,"_glsr_ranking":0,"_glsr_reviews":0},"product_brand":[],"product_cat":[294,35,108,84,40,24],"product_tag":[],"class_list":{"0":"post-24980","1":"product","2":"type-product","3":"status-publish","4":"has-post-thumbnail","6":"product_cat-collectionfun","7":"product_cat-grandes-tailles","8":"product_cat-nouveautes-de-la-semaine","9":"product_cat-nouvellecollection","10":"product_cat-pullsetgilets","11":"product_cat-vetements","12":"desktop-align-left","13":"tablet-align-left","14":"mobile-align-left","16":"first","17":"outofstock","18":"shipping-taxable","19":"purchasable","20":"product-type-simple"},"jetpack_sharing_enabled":true,"_links":{"self":[{"href":"https:\/\/www.dressing-fashion.fr\/index.php\/wp-json\/wp\/v2\/product\/24980","targetHints":{"allow":["GET"]}}],"collection":[{"href":"https:\/\/www.dressing-fashion.fr\/index.php\/wp-json\/wp\/v2\/product"}],"about":[{"href":"https:\/\/www.dressing-fashion.fr\/index.php\/wp-json\/wp\/v2\/types\/product"}],"replies":[{"embeddable":true,"href":"https:\/\/www.dressing-fashion.fr\/index.php\/wp-json\/wp\/v2\/comments?post=24980"}],"version-history":[{"count":1,"href":"https:\/\/www.dressing-fashion.fr\/index.php\/wp-json\/wp\/v2\/product\/24980\/revisions"}],"predecessor-version":[{"id":24987,"href":"https:\/\/www.dressing-fashion.fr\/index.php\/wp-json\/wp\/v2\/product\/24980\/revisions\/24987"}],"wp:featuredmedia":[{"embeddable":true,"href":"https:\/\/www.dressing-fashion.fr\/index.php\/wp-json\/wp\/v2\/media\/24986"}],"wp:attachment":[{"href":"https:\/\/www.dressing-fashion.fr\/index.php\/wp-json\/wp\/v2\/media?parent=24980"}],"wp:term":[{"taxonomy":"product_brand","embeddable":true,"href":"https:\/\/www.dressing-fashion.fr\/index.php\/wp-json\/wp\/v2\/product_brand?post=24980"},{"taxonomy":"product_cat","embeddable":true,"href":"https:\/\/www.dressing-fashion.fr\/index.php\/wp-json\/wp\/v2\/product_cat?post=24980"},{"taxonomy":"product_tag","embeddable":true,"href":"https:\/\/www.dressing-fashion.fr\/index.php\/wp-json\/wp\/v2\/product_tag?post=24980"}],"curies":[{"name":"wp","href":"https:\/\/api.w.org\/{rel}","templated":true}]}}