{"id":24455,"date":"2024-11-19T16:39:48","date_gmt":"2024-11-19T15:39:48","guid":{"rendered":"https:\/\/www.dressing-fashion.fr\/?post_type=product&#038;p=24455"},"modified":"2025-11-06T15:38:34","modified_gmt":"2025-11-06T14:38:34","slug":"basket-odim","status":"publish","type":"product","link":"https:\/\/www.dressing-fashion.fr\/index.php\/produit\/basket-odim\/","title":{"rendered":"Basket Odim"},"content":{"rendered":"<p>Ce basket montante en simili cuir effet reptile est parfait pour celles qui cherchent un look \u00e0 la fois tendance et original. Son design unique avec une texture reptile apporte une touche de caract\u00e8re tout en restant \u00e9l\u00e9gant et confortable. Disponibles en pointures 36, 37, 38, 39 et 40, ces derni\u00e8res paires sont propos\u00e9es \u00e0 un prix d\u2019outlet imbattable. Ne manquez pas cette occasion de compl\u00e9ter votre collection avec ce mod\u00e8le styl\u00e9 et \u00e0 petit prix !<\/p>\n<p>&nbsp;<\/p>\n<p>Mati\u00e8re : Synth\u00e9tique<\/p>\n<p>&nbsp;<\/p>\n<p>&nbsp;<\/p>\n","protected":false},"excerpt":{"rendered":"<p>Ce basket montante en simili cuir effet reptile est parfait pour celles qui cherchent un look \u00e0 la fois tendance et original. Son design unique avec une texture reptile apporte une touche de caract\u00e8re tout en restant \u00e9l\u00e9gant et confortable. Disponibles en pointures 36, 37, 38, 39 et 40, ces derni\u00e8res paires sont propos\u00e9es \u00e0 [&hellip;]<\/p>\n","protected":false},"featured_media":24460,"comment_status":"open","ping_status":"closed","template":"","meta":{"site-sidebar-layout":"default","site-content-layout":"default","ast-site-content-layout":"default","site-content-style":"default","site-sidebar-style":"default","ast-global-header-display":"","ast-banner-title-visibility":"","ast-main-header-display":"","ast-hfb-above-header-display":"","ast-hfb-below-header-display":"","ast-hfb-mobile-header-display":"","site-post-title":"","ast-breadcrumbs-content":"","ast-featured-img":"","footer-sml-layout":"","ast-disable-related-posts":"","theme-transparent-header-meta":"default","adv-header-id-meta":"","stick-header-meta":"","header-above-stick-meta":"","header-main-stick-meta":"","header-below-stick-meta":"","astra-migrate-meta-layouts":"set","ast-page-background-enabled":"default","ast-page-background-meta":{"desktop":{"background-color":"","background-image":"","background-repeat":"repeat","background-position":"center center","background-size":"auto","background-attachment":"scroll","background-type":"","background-media":"","overlay-type":"","overlay-color":"","overlay-opacity":"","overlay-gradient":""},"tablet":{"background-color":"","background-image":"","background-repeat":"repeat","background-position":"center center","background-size":"auto","background-attachment":"scroll","background-type":"","background-media":"","overlay-type":"","overlay-color":"","overlay-opacity":"","overlay-gradient":""},"mobile":{"background-color":"","background-image":"","background-repeat":"repeat","background-position":"center center","background-size":"auto","background-attachment":"scroll","background-type":"","background-media":"","overlay-type":"","overlay-color":"","overlay-opacity":"","overlay-gradient":""}},"ast-content-background-meta":{"desktop":{"background-color":"var(--ast-global-color-5)","background-image":"","background-repeat":"repeat","background-position":"center center","background-size":"auto","background-attachment":"scroll","background-type":"","background-media":"","overlay-type":"","overlay-color":"","overlay-opacity":"","overlay-gradient":""},"tablet":{"background-color":"var(--ast-global-color-5)","background-image":"","background-repeat":"repeat","background-position":"center center","background-size":"auto","background-attachment":"scroll","background-type":"","background-media":"","overlay-type":"","overlay-color":"","overlay-opacity":"","overlay-gradient":""},"mobile":{"background-color":"var(--ast-global-color-5)","background-image":"","background-repeat":"repeat","background-position":"center center","background-size":"auto","background-attachment":"scroll","background-type":"","background-media":"","overlay-type":"","overlay-color":"","overlay-opacity":"","overlay-gradient":""}},"_glsr_average":0,"_glsr_ranking":0,"_glsr_reviews":0},"product_brand":[],"product_cat":[45,59,278],"product_tag":[],"class_list":{"0":"post-24455","1":"product","2":"type-product","3":"status-publish","4":"has-post-thumbnail","6":"product_cat-baskets","7":"product_cat-bon-plan","8":"product_cat-outlet","9":"desktop-align-left","10":"tablet-align-left","11":"mobile-align-left","13":"first","14":"instock","15":"sale","16":"shipping-taxable","17":"purchasable","18":"product-type-variable"},"jetpack_sharing_enabled":true,"_links":{"self":[{"href":"https:\/\/www.dressing-fashion.fr\/index.php\/wp-json\/wp\/v2\/product\/24455","targetHints":{"allow":["GET"]}}],"collection":[{"href":"https:\/\/www.dressing-fashion.fr\/index.php\/wp-json\/wp\/v2\/product"}],"about":[{"href":"https:\/\/www.dressing-fashion.fr\/index.php\/wp-json\/wp\/v2\/types\/product"}],"replies":[{"embeddable":true,"href":"https:\/\/www.dressing-fashion.fr\/index.php\/wp-json\/wp\/v2\/comments?post=24455"}],"version-history":[{"count":2,"href":"https:\/\/www.dressing-fashion.fr\/index.php\/wp-json\/wp\/v2\/product\/24455\/revisions"}],"predecessor-version":[{"id":26056,"href":"https:\/\/www.dressing-fashion.fr\/index.php\/wp-json\/wp\/v2\/product\/24455\/revisions\/26056"}],"wp:featuredmedia":[{"embeddable":true,"href":"https:\/\/www.dressing-fashion.fr\/index.php\/wp-json\/wp\/v2\/media\/24460"}],"wp:attachment":[{"href":"https:\/\/www.dressing-fashion.fr\/index.php\/wp-json\/wp\/v2\/media?parent=24455"}],"wp:term":[{"taxonomy":"product_brand","embeddable":true,"href":"https:\/\/www.dressing-fashion.fr\/index.php\/wp-json\/wp\/v2\/product_brand?post=24455"},{"taxonomy":"product_cat","embeddable":true,"href":"https:\/\/www.dressing-fashion.fr\/index.php\/wp-json\/wp\/v2\/product_cat?post=24455"},{"taxonomy":"product_tag","embeddable":true,"href":"https:\/\/www.dressing-fashion.fr\/index.php\/wp-json\/wp\/v2\/product_tag?post=24455"}],"curies":[{"name":"wp","href":"https:\/\/api.w.org\/{rel}","templated":true}]}}