{"id":23047,"date":"2025-01-19T08:27:41","date_gmt":"2025-01-19T07:27:41","guid":{"rendered":"https:\/\/www.dressing-fashion.fr\/?post_type=product&#038;p=23047"},"modified":"2025-08-28T17:32:41","modified_gmt":"2025-08-28T15:32:41","slug":"doudoune-duo-chic","status":"publish","type":"product","link":"https:\/\/www.dressing-fashion.fr\/index.php\/produit\/doudoune-duo-chic\/","title":{"rendered":"Doudoune Duo Chic"},"content":{"rendered":"<p>Doudoune r\u00e9versible avec un c\u00f4t\u00e9 en imprim\u00e9 l\u00e9opard et l\u2019autre en couleur unie. Sa coupe confortable et moderne en fait une pi\u00e8ce incontournable pour affronter le froid avec style. Elle est l\u00e9g\u00e8re, facile \u00e0 porter et pratique gr\u00e2ce \u00e0 sa r\u00e9versibilit\u00e9, offrant ainsi deux looks en un. Disponible en noir et en kaki, elle s\u2019adapte parfaitement \u00e0 diff\u00e9rents styles tout en apportant une touche d\u2019originalit\u00e9.<\/p>\n<p>Tour de poitrine 126 cm, longueur 70 cm .<\/p>\n<p>Ce manteau rendra votre look fun et chic,\u00a0 vous pouvez cr\u00e9er plusieurs looks diff\u00e9rents.<\/p>\n<p>Couleur: Noir\/ L\u00e9opard<\/p>\n<p>&nbsp;<\/p>\n<ul>\n<li>Fermeture par Zip<\/li>\n<li>Tour de poitrine 126 cm<\/li>\n<li>Longueur 70 cm<\/li>\n<li>Taille unique correspond du 38 au 46\/48<\/li>\n<li>Mati\u00e8re : 100% Nylon<\/li>\n<\/ul>\n<p>Le mannequin mesure 1m66 et taille un 42\/44.<\/p>\n<p>Les accessoires sont vendus s\u00e9par\u00e9ment.<\/p>\n<p>Lavage en machine \u00e0 froid \u2013 Programme d\u00e9licat \u2013 Eau de javel interdite<\/p>\n","protected":false},"excerpt":{"rendered":"<p>Doudoune r\u00e9versible avec un c\u00f4t\u00e9 en imprim\u00e9 l\u00e9opard et l\u2019autre en couleur unie. Sa coupe confortable et moderne en fait une pi\u00e8ce incontournable pour affronter le froid avec style. Elle est l\u00e9g\u00e8re, facile \u00e0 porter et pratique gr\u00e2ce \u00e0 sa r\u00e9versibilit\u00e9, offrant ainsi deux looks en un. Disponible en noir et en kaki, elle s\u2019adapte [&hellip;]<\/p>\n","protected":false},"featured_media":23048,"comment_status":"open","ping_status":"closed","template":"","meta":{"site-sidebar-layout":"default","site-content-layout":"default","ast-site-content-layout":"default","site-content-style":"default","site-sidebar-style":"default","ast-global-header-display":"","ast-banner-title-visibility":"","ast-main-header-display":"","ast-hfb-above-header-display":"","ast-hfb-below-header-display":"","ast-hfb-mobile-header-display":"","site-post-title":"","ast-breadcrumbs-content":"","ast-featured-img":"","footer-sml-layout":"","ast-disable-related-posts":"","theme-transparent-header-meta":"default","adv-header-id-meta":"","stick-header-meta":"","header-above-stick-meta":"","header-main-stick-meta":"","header-below-stick-meta":"","astra-migrate-meta-layouts":"set","ast-page-background-enabled":"default","ast-page-background-meta":{"desktop":{"background-color":"","background-image":"","background-repeat":"repeat","background-position":"center center","background-size":"auto","background-attachment":"scroll","background-type":"","background-media":"","overlay-type":"","overlay-color":"","overlay-opacity":"","overlay-gradient":""},"tablet":{"background-color":"","background-image":"","background-repeat":"repeat","background-position":"center center","background-size":"auto","background-attachment":"scroll","background-type":"","background-media":"","overlay-type":"","overlay-color":"","overlay-opacity":"","overlay-gradient":""},"mobile":{"background-color":"","background-image":"","background-repeat":"repeat","background-position":"center center","background-size":"auto","background-attachment":"scroll","background-type":"","background-media":"","overlay-type":"","overlay-color":"","overlay-opacity":"","overlay-gradient":""}},"ast-content-background-meta":{"desktop":{"background-color":"var(--ast-global-color-5)","background-image":"","background-repeat":"repeat","background-position":"center center","background-size":"auto","background-attachment":"scroll","background-type":"","background-media":"","overlay-type":"","overlay-color":"","overlay-opacity":"","overlay-gradient":""},"tablet":{"background-color":"var(--ast-global-color-5)","background-image":"","background-repeat":"repeat","background-position":"center center","background-size":"auto","background-attachment":"scroll","background-type":"","background-media":"","overlay-type":"","overlay-color":"","overlay-opacity":"","overlay-gradient":""},"mobile":{"background-color":"var(--ast-global-color-5)","background-image":"","background-repeat":"repeat","background-position":"center center","background-size":"auto","background-attachment":"scroll","background-type":"","background-media":"","overlay-type":"","overlay-color":"","overlay-opacity":"","overlay-gradient":""}},"_glsr_average":0,"_glsr_ranking":0,"_glsr_reviews":0},"product_brand":[],"product_cat":[35,274,108,84],"product_tag":[],"class_list":{"0":"post-23047","1":"product","2":"type-product","3":"status-publish","4":"has-post-thumbnail","6":"product_cat-grandes-tailles","7":"product_cat-manteaux-grandes-tailles","8":"product_cat-nouveautes-de-la-semaine","9":"product_cat-nouvellecollection","10":"desktop-align-left","11":"tablet-align-left","12":"mobile-align-left","14":"first","15":"outofstock","16":"sale","17":"shipping-taxable","18":"purchasable","19":"product-type-simple"},"jetpack_sharing_enabled":true,"_links":{"self":[{"href":"https:\/\/www.dressing-fashion.fr\/index.php\/wp-json\/wp\/v2\/product\/23047","targetHints":{"allow":["GET"]}}],"collection":[{"href":"https:\/\/www.dressing-fashion.fr\/index.php\/wp-json\/wp\/v2\/product"}],"about":[{"href":"https:\/\/www.dressing-fashion.fr\/index.php\/wp-json\/wp\/v2\/types\/product"}],"replies":[{"embeddable":true,"href":"https:\/\/www.dressing-fashion.fr\/index.php\/wp-json\/wp\/v2\/comments?post=23047"}],"version-history":[{"count":1,"href":"https:\/\/www.dressing-fashion.fr\/index.php\/wp-json\/wp\/v2\/product\/23047\/revisions"}],"predecessor-version":[{"id":23053,"href":"https:\/\/www.dressing-fashion.fr\/index.php\/wp-json\/wp\/v2\/product\/23047\/revisions\/23053"}],"wp:featuredmedia":[{"embeddable":true,"href":"https:\/\/www.dressing-fashion.fr\/index.php\/wp-json\/wp\/v2\/media\/23048"}],"wp:attachment":[{"href":"https:\/\/www.dressing-fashion.fr\/index.php\/wp-json\/wp\/v2\/media?parent=23047"}],"wp:term":[{"taxonomy":"product_brand","embeddable":true,"href":"https:\/\/www.dressing-fashion.fr\/index.php\/wp-json\/wp\/v2\/product_brand?post=23047"},{"taxonomy":"product_cat","embeddable":true,"href":"https:\/\/www.dressing-fashion.fr\/index.php\/wp-json\/wp\/v2\/product_cat?post=23047"},{"taxonomy":"product_tag","embeddable":true,"href":"https:\/\/www.dressing-fashion.fr\/index.php\/wp-json\/wp\/v2\/product_tag?post=23047"}],"curies":[{"name":"wp","href":"https:\/\/api.w.org\/{rel}","templated":true}]}}