{"id":22850,"date":"2024-11-20T15:46:18","date_gmt":"2024-11-20T14:46:18","guid":{"rendered":"https:\/\/www.dressing-fashion.fr\/?post_type=product&#038;p=22850"},"modified":"2025-12-08T16:55:14","modified_gmt":"2025-12-08T15:55:14","slug":"surchemise-deby-01","status":"publish","type":"product","link":"https:\/\/www.dressing-fashion.fr\/index.php\/produit\/surchemise-deby-01\/","title":{"rendered":"Surchemise Deby 01"},"content":{"rendered":"<p>Cette surchemise fun et color\u00e9e pour femme pulpeuse est id\u00e9ale pour apporter une touche d&rsquo;originalit\u00e9 \u00e0 vos tenues. Con\u00e7ue pour \u00eatre confortable, elle est disponible jusqu&rsquo;\u00e0 la taille 52. Avec ses motifs audacieux et ses couleurs vives, elle se porte facilement sur une tenue noire basique pour un look chic et moderne.<\/p>\n<p>&nbsp;<\/p>\n<ul>\n<li>Manches longues<\/li>\n<li>Fermeture par boutons<\/li>\n<li>Poches sur poitrine<\/li>\n<li>Tour de poitrine 136 cm<\/li>\n<li>Tour de bras 50 cm<\/li>\n<li>Tour de anches 140 cm<\/li>\n<li>Longueur 80 cm<\/li>\n<li>Taille unique qui correspond du 44 au 52<\/li>\n<\/ul>\n<p>Mati\u00e8re : 95% Polyester 5% Elasthanne<\/p>\n<p><span style=\"font-size: 16px\">Le mannequin mesure 1m73 et taille un 46\/48.<\/span><\/p>\n<p>Les accessoires sont vendus s\u00e9par\u00e9ment.<\/p>\n<p>Lavage en machine \u00e0 froid \u2013 Programme d\u00e9licat \u2013 Eau de javel interdite<\/p>\n","protected":false},"excerpt":{"rendered":"<p>Cette surchemise fun et color\u00e9e pour femme pulpeuse est id\u00e9ale pour apporter une touche d&rsquo;originalit\u00e9 \u00e0 vos tenues. Con\u00e7ue pour \u00eatre confortable, elle est disponible jusqu&rsquo;\u00e0 la taille 52. Avec ses motifs audacieux et ses couleurs vives, elle se porte facilement sur une tenue noire basique pour un look chic et moderne. &nbsp; Manches longues [&hellip;]<\/p>\n","protected":false},"featured_media":22853,"comment_status":"open","ping_status":"closed","template":"","meta":{"site-sidebar-layout":"default","site-content-layout":"default","ast-site-content-layout":"default","site-content-style":"default","site-sidebar-style":"default","ast-global-header-display":"","ast-banner-title-visibility":"","ast-main-header-display":"","ast-hfb-above-header-display":"","ast-hfb-below-header-display":"","ast-hfb-mobile-header-display":"","site-post-title":"","ast-breadcrumbs-content":"","ast-featured-img":"","footer-sml-layout":"","ast-disable-related-posts":"","theme-transparent-header-meta":"default","adv-header-id-meta":"","stick-header-meta":"","header-above-stick-meta":"","header-main-stick-meta":"","header-below-stick-meta":"","astra-migrate-meta-layouts":"set","ast-page-background-enabled":"default","ast-page-background-meta":{"desktop":{"background-color":"","background-image":"","background-repeat":"repeat","background-position":"center center","background-size":"auto","background-attachment":"scroll","background-type":"","background-media":"","overlay-type":"","overlay-color":"","overlay-opacity":"","overlay-gradient":""},"tablet":{"background-color":"","background-image":"","background-repeat":"repeat","background-position":"center center","background-size":"auto","background-attachment":"scroll","background-type":"","background-media":"","overlay-type":"","overlay-color":"","overlay-opacity":"","overlay-gradient":""},"mobile":{"background-color":"","background-image":"","background-repeat":"repeat","background-position":"center center","background-size":"auto","background-attachment":"scroll","background-type":"","background-media":"","overlay-type":"","overlay-color":"","overlay-opacity":"","overlay-gradient":""}},"ast-content-background-meta":{"desktop":{"background-color":"var(--ast-global-color-5)","background-image":"","background-repeat":"repeat","background-position":"center center","background-size":"auto","background-attachment":"scroll","background-type":"","background-media":"","overlay-type":"","overlay-color":"","overlay-opacity":"","overlay-gradient":""},"tablet":{"background-color":"var(--ast-global-color-5)","background-image":"","background-repeat":"repeat","background-position":"center center","background-size":"auto","background-attachment":"scroll","background-type":"","background-media":"","overlay-type":"","overlay-color":"","overlay-opacity":"","overlay-gradient":""},"mobile":{"background-color":"var(--ast-global-color-5)","background-image":"","background-repeat":"repeat","background-position":"center center","background-size":"auto","background-attachment":"scroll","background-type":"","background-media":"","overlay-type":"","overlay-color":"","overlay-opacity":"","overlay-gradient":""}},"_glsr_average":0,"_glsr_ranking":0,"_glsr_reviews":0},"product_brand":[],"product_cat":[59,35,29,274,108,84,34,43],"product_tag":[],"class_list":{"0":"post-22850","1":"product","2":"type-product","3":"status-publish","4":"has-post-thumbnail","6":"product_cat-bon-plan","7":"product_cat-grandes-tailles","8":"product_cat-manteaux","9":"product_cat-manteaux-grandes-tailles","10":"product_cat-nouveautes-de-la-semaine","11":"product_cat-nouvellecollection","12":"product_cat-vestesetblazers","13":"product_cat-vestesetblazers-grandes-tailles","14":"desktop-align-left","15":"tablet-align-left","16":"mobile-align-left","18":"first","19":"outofstock","20":"sale","21":"shipping-taxable","22":"purchasable","23":"product-type-simple"},"jetpack_sharing_enabled":true,"_links":{"self":[{"href":"https:\/\/www.dressing-fashion.fr\/index.php\/wp-json\/wp\/v2\/product\/22850","targetHints":{"allow":["GET"]}}],"collection":[{"href":"https:\/\/www.dressing-fashion.fr\/index.php\/wp-json\/wp\/v2\/product"}],"about":[{"href":"https:\/\/www.dressing-fashion.fr\/index.php\/wp-json\/wp\/v2\/types\/product"}],"replies":[{"embeddable":true,"href":"https:\/\/www.dressing-fashion.fr\/index.php\/wp-json\/wp\/v2\/comments?post=22850"}],"version-history":[{"count":2,"href":"https:\/\/www.dressing-fashion.fr\/index.php\/wp-json\/wp\/v2\/product\/22850\/revisions"}],"predecessor-version":[{"id":22872,"href":"https:\/\/www.dressing-fashion.fr\/index.php\/wp-json\/wp\/v2\/product\/22850\/revisions\/22872"}],"wp:featuredmedia":[{"embeddable":true,"href":"https:\/\/www.dressing-fashion.fr\/index.php\/wp-json\/wp\/v2\/media\/22853"}],"wp:attachment":[{"href":"https:\/\/www.dressing-fashion.fr\/index.php\/wp-json\/wp\/v2\/media?parent=22850"}],"wp:term":[{"taxonomy":"product_brand","embeddable":true,"href":"https:\/\/www.dressing-fashion.fr\/index.php\/wp-json\/wp\/v2\/product_brand?post=22850"},{"taxonomy":"product_cat","embeddable":true,"href":"https:\/\/www.dressing-fashion.fr\/index.php\/wp-json\/wp\/v2\/product_cat?post=22850"},{"taxonomy":"product_tag","embeddable":true,"href":"https:\/\/www.dressing-fashion.fr\/index.php\/wp-json\/wp\/v2\/product_tag?post=22850"}],"curies":[{"name":"wp","href":"https:\/\/api.w.org\/{rel}","templated":true}]}}