{"id":22846,"date":"2024-09-20T15:35:50","date_gmt":"2024-09-20T13:35:50","guid":{"rendered":"https:\/\/www.dressing-fashion.fr\/?post_type=product&#038;p=22846"},"modified":"2024-11-06T23:29:23","modified_gmt":"2024-11-06T22:29:23","slug":"blazer-pink-thunder","status":"publish","type":"product","link":"https:\/\/www.dressing-fashion.fr\/index.php\/produit\/blazer-pink-thunder\/","title":{"rendered":"Blazer Pink Thunder"},"content":{"rendered":"<p>Cette veste noire est rehauss\u00e9e de motifs \u00e9clairs roses, apportant un style moderne et \u00e9lectrique. Le dos de la veste pr\u00e9sente un motif t\u00eate de mort entour\u00e9 d\u2019\u00e9clairs, offrant un look audacieux et contemporain. Facile \u00e0 associer avec une robe ou un jean, cette veste est parfaite pour ajouter une touche de couleur et d\u2019originalit\u00e9 \u00e0 vos tenues quotidiennes. Adapt\u00e9e aux femmes cherchant un style avant-gardiste tout en gardant une silhouette confortable.<\/p>\n<ul>\n<li>Manches longues, pas de fermeture<\/li>\n<li>Tr\u00e8s chic<\/li>\n<li>\u00a0Fausse Poche<\/li>\n<li>Taille unique qui correspond jusqu&rsquo;\u00e0 la taille du 38 au 44\/petit 46<\/li>\n<\/ul>\n<p>Mati\u00e8re : 95% Polyester 5% Elasthanne<\/p>\n<p>Tour de poitrine 110cm, tour de bras 40cm, tour de anches 110cm, longueur 70cm<\/p>\n<p>Le mannequin mesure 1m66 et taille un 42\/44.<\/p>\n<p>Les accessoires sont vendus s\u00e9par\u00e9ment.<\/p>\n<p>Lavage en machine \u00e0 froid \u2013 Programme d\u00e9licat \u2013 Eau de javel interdite<\/p>\n","protected":false},"excerpt":{"rendered":"<p>Cette veste noire est rehauss\u00e9e de motifs \u00e9clairs roses, apportant un style moderne et \u00e9lectrique. Le dos de la veste pr\u00e9sente un motif t\u00eate de mort entour\u00e9 d\u2019\u00e9clairs, offrant un look audacieux et contemporain. Facile \u00e0 associer avec une robe ou un jean, cette veste est parfaite pour ajouter une touche de couleur et d\u2019originalit\u00e9 [&hellip;]<\/p>\n","protected":false},"featured_media":22840,"comment_status":"open","ping_status":"closed","template":"","meta":{"site-sidebar-layout":"default","site-content-layout":"default","ast-site-content-layout":"default","site-content-style":"default","site-sidebar-style":"default","ast-global-header-display":"","ast-banner-title-visibility":"","ast-main-header-display":"","ast-hfb-above-header-display":"","ast-hfb-below-header-display":"","ast-hfb-mobile-header-display":"","site-post-title":"","ast-breadcrumbs-content":"","ast-featured-img":"","footer-sml-layout":"","ast-disable-related-posts":"","theme-transparent-header-meta":"default","adv-header-id-meta":"","stick-header-meta":"","header-above-stick-meta":"","header-main-stick-meta":"","header-below-stick-meta":"","astra-migrate-meta-layouts":"set","ast-page-background-enabled":"default","ast-page-background-meta":{"desktop":{"background-color":"","background-image":"","background-repeat":"repeat","background-position":"center center","background-size":"auto","background-attachment":"scroll","background-type":"","background-media":"","overlay-type":"","overlay-color":"","overlay-opacity":"","overlay-gradient":""},"tablet":{"background-color":"","background-image":"","background-repeat":"repeat","background-position":"center center","background-size":"auto","background-attachment":"scroll","background-type":"","background-media":"","overlay-type":"","overlay-color":"","overlay-opacity":"","overlay-gradient":""},"mobile":{"background-color":"","background-image":"","background-repeat":"repeat","background-position":"center center","background-size":"auto","background-attachment":"scroll","background-type":"","background-media":"","overlay-type":"","overlay-color":"","overlay-opacity":"","overlay-gradient":""}},"ast-content-background-meta":{"desktop":{"background-color":"var(--ast-global-color-5)","background-image":"","background-repeat":"repeat","background-position":"center center","background-size":"auto","background-attachment":"scroll","background-type":"","background-media":"","overlay-type":"","overlay-color":"","overlay-opacity":"","overlay-gradient":""},"tablet":{"background-color":"var(--ast-global-color-5)","background-image":"","background-repeat":"repeat","background-position":"center center","background-size":"auto","background-attachment":"scroll","background-type":"","background-media":"","overlay-type":"","overlay-color":"","overlay-opacity":"","overlay-gradient":""},"mobile":{"background-color":"var(--ast-global-color-5)","background-image":"","background-repeat":"repeat","background-position":"center center","background-size":"auto","background-attachment":"scroll","background-type":"","background-media":"","overlay-type":"","overlay-color":"","overlay-opacity":"","overlay-gradient":""}},"_glsr_average":0,"_glsr_ranking":0,"_glsr_reviews":0},"product_brand":[],"product_cat":[108,34,24],"product_tag":[],"class_list":{"0":"post-22846","1":"product","2":"type-product","3":"status-publish","4":"has-post-thumbnail","6":"product_cat-nouveautes-de-la-semaine","7":"product_cat-vestesetblazers","8":"product_cat-vetements","9":"desktop-align-left","10":"tablet-align-left","11":"mobile-align-left","13":"first","14":"outofstock","15":"sale","16":"shipping-taxable","17":"purchasable","18":"product-type-simple"},"jetpack_sharing_enabled":true,"_links":{"self":[{"href":"https:\/\/www.dressing-fashion.fr\/index.php\/wp-json\/wp\/v2\/product\/22846","targetHints":{"allow":["GET"]}}],"collection":[{"href":"https:\/\/www.dressing-fashion.fr\/index.php\/wp-json\/wp\/v2\/product"}],"about":[{"href":"https:\/\/www.dressing-fashion.fr\/index.php\/wp-json\/wp\/v2\/types\/product"}],"replies":[{"embeddable":true,"href":"https:\/\/www.dressing-fashion.fr\/index.php\/wp-json\/wp\/v2\/comments?post=22846"}],"version-history":[{"count":1,"href":"https:\/\/www.dressing-fashion.fr\/index.php\/wp-json\/wp\/v2\/product\/22846\/revisions"}],"predecessor-version":[{"id":22848,"href":"https:\/\/www.dressing-fashion.fr\/index.php\/wp-json\/wp\/v2\/product\/22846\/revisions\/22848"}],"wp:featuredmedia":[{"embeddable":true,"href":"https:\/\/www.dressing-fashion.fr\/index.php\/wp-json\/wp\/v2\/media\/22840"}],"wp:attachment":[{"href":"https:\/\/www.dressing-fashion.fr\/index.php\/wp-json\/wp\/v2\/media?parent=22846"}],"wp:term":[{"taxonomy":"product_brand","embeddable":true,"href":"https:\/\/www.dressing-fashion.fr\/index.php\/wp-json\/wp\/v2\/product_brand?post=22846"},{"taxonomy":"product_cat","embeddable":true,"href":"https:\/\/www.dressing-fashion.fr\/index.php\/wp-json\/wp\/v2\/product_cat?post=22846"},{"taxonomy":"product_tag","embeddable":true,"href":"https:\/\/www.dressing-fashion.fr\/index.php\/wp-json\/wp\/v2\/product_tag?post=22846"}],"curies":[{"name":"wp","href":"https:\/\/api.w.org\/{rel}","templated":true}]}}