{"id":22830,"date":"2024-09-20T15:10:13","date_gmt":"2024-09-20T13:10:13","guid":{"rendered":"https:\/\/www.dressing-fashion.fr\/?post_type=product&#038;p=22830"},"modified":"2024-10-14T10:01:56","modified_gmt":"2024-10-14T08:01:56","slug":"blazer-rockn-roses","status":"publish","type":"product","link":"https:\/\/www.dressing-fashion.fr\/index.php\/produit\/blazer-rockn-roses\/","title":{"rendered":"Blazer Rock&rsquo;n Roses"},"content":{"rendered":"<p>Cette veste unique arbore un motif audacieux de t\u00eates de mort entour\u00e9es de roses rouges sur fond noir. Parfaite pour un look rock et tendance, elle offre une touche de fantaisie tout en restant \u00e9l\u00e9gante. Le dos de la veste pr\u00e9sente un grand motif t\u00eate de mort color\u00e9, accentuant son caract\u00e8re original. Elle est id\u00e9ale pour les femmes souhaitant apporter une touche de personnalit\u00e9 \u00e0 leur tenue, tout en restant confortables. \u00c0 porter avec une robe noire en dentelle pour un style chic et rebelle.<\/p>\n<ul>\n<li>Manches longues, pas de fermeture<\/li>\n<li>Tr\u00e8s chic<\/li>\n<li>\u00a0Fausse Poche<\/li>\n<li>Taille unique qui correspond jusqu&rsquo;\u00e0 la taille du 38 au 44\/petit 46<\/li>\n<\/ul>\n<p>Mati\u00e8re : 95% Polyester 5% Elasthanne<\/p>\n<p>Tour de poitrine 110cm, tour de bras 40cm, tour de anches 110cm, longueur 70cm<\/p>\n<p>Le mannequin mesure 1m66 et taille un 42\/44.<\/p>\n<p>Les accessoires sont vendus s\u00e9par\u00e9ment.<\/p>\n<p>Lavage en machine \u00e0 froid \u2013 Programme d\u00e9licat \u2013 Eau de javel interdite<\/p>\n","protected":false},"excerpt":{"rendered":"<p>Cette veste unique arbore un motif audacieux de t\u00eates de mort entour\u00e9es de roses rouges sur fond noir. Parfaite pour un look rock et tendance, elle offre une touche de fantaisie tout en restant \u00e9l\u00e9gante. Le dos de la veste pr\u00e9sente un grand motif t\u00eate de mort color\u00e9, accentuant son caract\u00e8re original. Elle est id\u00e9ale [&hellip;]<\/p>\n","protected":false},"featured_media":22841,"comment_status":"open","ping_status":"closed","template":"","meta":{"site-sidebar-layout":"default","site-content-layout":"default","ast-site-content-layout":"default","site-content-style":"default","site-sidebar-style":"default","ast-global-header-display":"","ast-banner-title-visibility":"","ast-main-header-display":"","ast-hfb-above-header-display":"","ast-hfb-below-header-display":"","ast-hfb-mobile-header-display":"","site-post-title":"","ast-breadcrumbs-content":"","ast-featured-img":"","footer-sml-layout":"","ast-disable-related-posts":"","theme-transparent-header-meta":"default","adv-header-id-meta":"","stick-header-meta":"","header-above-stick-meta":"","header-main-stick-meta":"","header-below-stick-meta":"","astra-migrate-meta-layouts":"set","ast-page-background-enabled":"default","ast-page-background-meta":{"desktop":{"background-color":"","background-image":"","background-repeat":"repeat","background-position":"center center","background-size":"auto","background-attachment":"scroll","background-type":"","background-media":"","overlay-type":"","overlay-color":"","overlay-opacity":"","overlay-gradient":""},"tablet":{"background-color":"","background-image":"","background-repeat":"repeat","background-position":"center center","background-size":"auto","background-attachment":"scroll","background-type":"","background-media":"","overlay-type":"","overlay-color":"","overlay-opacity":"","overlay-gradient":""},"mobile":{"background-color":"","background-image":"","background-repeat":"repeat","background-position":"center center","background-size":"auto","background-attachment":"scroll","background-type":"","background-media":"","overlay-type":"","overlay-color":"","overlay-opacity":"","overlay-gradient":""}},"ast-content-background-meta":{"desktop":{"background-color":"var(--ast-global-color-5)","background-image":"","background-repeat":"repeat","background-position":"center center","background-size":"auto","background-attachment":"scroll","background-type":"","background-media":"","overlay-type":"","overlay-color":"","overlay-opacity":"","overlay-gradient":""},"tablet":{"background-color":"var(--ast-global-color-5)","background-image":"","background-repeat":"repeat","background-position":"center center","background-size":"auto","background-attachment":"scroll","background-type":"","background-media":"","overlay-type":"","overlay-color":"","overlay-opacity":"","overlay-gradient":""},"mobile":{"background-color":"var(--ast-global-color-5)","background-image":"","background-repeat":"repeat","background-position":"center center","background-size":"auto","background-attachment":"scroll","background-type":"","background-media":"","overlay-type":"","overlay-color":"","overlay-opacity":"","overlay-gradient":""}},"_glsr_average":0,"_glsr_ranking":0,"_glsr_reviews":0},"product_brand":[],"product_cat":[108,34,24],"product_tag":[],"class_list":{"0":"post-22830","1":"product","2":"type-product","3":"status-publish","4":"has-post-thumbnail","6":"product_cat-nouveautes-de-la-semaine","7":"product_cat-vestesetblazers","8":"product_cat-vetements","9":"desktop-align-left","10":"tablet-align-left","11":"mobile-align-left","13":"first","14":"outofstock","15":"sale","16":"shipping-taxable","17":"purchasable","18":"product-type-simple"},"jetpack_sharing_enabled":true,"_links":{"self":[{"href":"https:\/\/www.dressing-fashion.fr\/index.php\/wp-json\/wp\/v2\/product\/22830","targetHints":{"allow":["GET"]}}],"collection":[{"href":"https:\/\/www.dressing-fashion.fr\/index.php\/wp-json\/wp\/v2\/product"}],"about":[{"href":"https:\/\/www.dressing-fashion.fr\/index.php\/wp-json\/wp\/v2\/types\/product"}],"replies":[{"embeddable":true,"href":"https:\/\/www.dressing-fashion.fr\/index.php\/wp-json\/wp\/v2\/comments?post=22830"}],"version-history":[{"count":1,"href":"https:\/\/www.dressing-fashion.fr\/index.php\/wp-json\/wp\/v2\/product\/22830\/revisions"}],"predecessor-version":[{"id":22843,"href":"https:\/\/www.dressing-fashion.fr\/index.php\/wp-json\/wp\/v2\/product\/22830\/revisions\/22843"}],"wp:featuredmedia":[{"embeddable":true,"href":"https:\/\/www.dressing-fashion.fr\/index.php\/wp-json\/wp\/v2\/media\/22841"}],"wp:attachment":[{"href":"https:\/\/www.dressing-fashion.fr\/index.php\/wp-json\/wp\/v2\/media?parent=22830"}],"wp:term":[{"taxonomy":"product_brand","embeddable":true,"href":"https:\/\/www.dressing-fashion.fr\/index.php\/wp-json\/wp\/v2\/product_brand?post=22830"},{"taxonomy":"product_cat","embeddable":true,"href":"https:\/\/www.dressing-fashion.fr\/index.php\/wp-json\/wp\/v2\/product_cat?post=22830"},{"taxonomy":"product_tag","embeddable":true,"href":"https:\/\/www.dressing-fashion.fr\/index.php\/wp-json\/wp\/v2\/product_tag?post=22830"}],"curies":[{"name":"wp","href":"https:\/\/api.w.org\/{rel}","templated":true}]}}