{"id":22703,"date":"2024-09-15T19:47:57","date_gmt":"2024-09-15T17:47:57","guid":{"rendered":"https:\/\/www.dressing-fashion.fr\/?post_type=product&#038;p=22703"},"modified":"2024-12-06T15:47:18","modified_gmt":"2024-12-06T14:47:18","slug":"robe-sweat-stitch","status":"publish","type":"product","link":"https:\/\/www.dressing-fashion.fr\/index.php\/produit\/robe-sweat-stitch\/","title":{"rendered":"Robe Sweat Stitch"},"content":{"rendered":"<p>Robe Sweat Stitch<\/p>\n<p>Cette robe sweat-shirt au motif camouflage se distingue par une touche ludique avec les personnages color\u00e9s de Stitch et un diable espi\u00e8gle, apportant une dose d&rsquo;\u00e9nergie et de fun. Le m\u00e9lange du style militaire et des d\u00e9tails graphiques vibrants cr\u00e9e un contraste original et moderne. Des motifs de \u00ab\u00a0self love\u00a0\u00bb et autres imprim\u00e9s ajoutent encore plus de personnalit\u00e9 \u00e0 la pi\u00e8ce. Parfaite pour un look urbain d\u00e9contract\u00e9, elle allie confort et style avec une touche d&rsquo;humour et de fantaisie, tout en restant audacieuse et unique.<\/p>\n<ul style=\"font-size: 16px;font-style: normal;font-weight: 400\">\n<li style=\"font-size: 16px\">Taille unique allant du 44 au 48\/52<\/li>\n<li style=\"font-size: 16px\">Tour de poitrine 120 cm<\/li>\n<li style=\"font-size: 16px\">Tour de hanches 160 cm<\/li>\n<li style=\"font-size: 16px\">Longueur 105\u00a0 cm<\/li>\n<li style=\"font-size: 16px\">Manches longues<\/li>\n<\/ul>\n<p>Mati\u00e8re : 95% Polyester 5% Elasthanne<\/p>\n<p>Le mannequin mesure 1m73\u00a0 et taille un 46\/48.<\/p>\n<p>Les accessoires sont vendus s\u00e9par\u00e9ment.<\/p>\n<p>Lavage en machine \u00e0 froid \u2013 Programme d\u00e9licat \u2013 Eau de javel interdite<\/p>\n","protected":false},"excerpt":{"rendered":"<p>Robe Sweat Stitch Cette robe sweat-shirt au motif camouflage se distingue par une touche ludique avec les personnages color\u00e9s de Stitch et un diable espi\u00e8gle, apportant une dose d&rsquo;\u00e9nergie et de fun. Le m\u00e9lange du style militaire et des d\u00e9tails graphiques vibrants cr\u00e9e un contraste original et moderne. Des motifs de \u00ab\u00a0self love\u00a0\u00bb et autres [&hellip;]<\/p>\n","protected":false},"featured_media":22708,"comment_status":"open","ping_status":"closed","template":"","meta":{"site-sidebar-layout":"default","site-content-layout":"default","ast-site-content-layout":"default","site-content-style":"default","site-sidebar-style":"default","ast-global-header-display":"","ast-banner-title-visibility":"","ast-main-header-display":"","ast-hfb-above-header-display":"","ast-hfb-below-header-display":"","ast-hfb-mobile-header-display":"","site-post-title":"","ast-breadcrumbs-content":"","ast-featured-img":"","footer-sml-layout":"","ast-disable-related-posts":"","theme-transparent-header-meta":"default","adv-header-id-meta":"","stick-header-meta":"","header-above-stick-meta":"","header-main-stick-meta":"","header-below-stick-meta":"","astra-migrate-meta-layouts":"set","ast-page-background-enabled":"default","ast-page-background-meta":{"desktop":{"background-color":"","background-image":"","background-repeat":"repeat","background-position":"center center","background-size":"auto","background-attachment":"scroll","background-type":"","background-media":"","overlay-type":"","overlay-color":"","overlay-opacity":"","overlay-gradient":""},"tablet":{"background-color":"","background-image":"","background-repeat":"repeat","background-position":"center center","background-size":"auto","background-attachment":"scroll","background-type":"","background-media":"","overlay-type":"","overlay-color":"","overlay-opacity":"","overlay-gradient":""},"mobile":{"background-color":"","background-image":"","background-repeat":"repeat","background-position":"center center","background-size":"auto","background-attachment":"scroll","background-type":"","background-media":"","overlay-type":"","overlay-color":"","overlay-opacity":"","overlay-gradient":""}},"ast-content-background-meta":{"desktop":{"background-color":"var(--ast-global-color-5)","background-image":"","background-repeat":"repeat","background-position":"center center","background-size":"auto","background-attachment":"scroll","background-type":"","background-media":"","overlay-type":"","overlay-color":"","overlay-opacity":"","overlay-gradient":""},"tablet":{"background-color":"var(--ast-global-color-5)","background-image":"","background-repeat":"repeat","background-position":"center center","background-size":"auto","background-attachment":"scroll","background-type":"","background-media":"","overlay-type":"","overlay-color":"","overlay-opacity":"","overlay-gradient":""},"mobile":{"background-color":"var(--ast-global-color-5)","background-image":"","background-repeat":"repeat","background-position":"center center","background-size":"auto","background-attachment":"scroll","background-type":"","background-media":"","overlay-type":"","overlay-color":"","overlay-opacity":"","overlay-gradient":""}},"_glsr_average":0,"_glsr_ranking":0,"_glsr_reviews":0},"product_brand":[],"product_cat":[294,35,108,84,31,41,24],"product_tag":[],"class_list":{"0":"post-22703","1":"product","2":"type-product","3":"status-publish","4":"has-post-thumbnail","6":"product_cat-collectionfun","7":"product_cat-grandes-tailles","8":"product_cat-nouveautes-de-la-semaine","9":"product_cat-nouvellecollection","10":"product_cat-robes","11":"product_cat-robes-grandes-tailles","12":"product_cat-vetements","13":"desktop-align-left","14":"tablet-align-left","15":"mobile-align-left","17":"first","18":"outofstock","19":"shipping-taxable","20":"purchasable","21":"product-type-simple"},"jetpack_sharing_enabled":true,"_links":{"self":[{"href":"https:\/\/www.dressing-fashion.fr\/index.php\/wp-json\/wp\/v2\/product\/22703","targetHints":{"allow":["GET"]}}],"collection":[{"href":"https:\/\/www.dressing-fashion.fr\/index.php\/wp-json\/wp\/v2\/product"}],"about":[{"href":"https:\/\/www.dressing-fashion.fr\/index.php\/wp-json\/wp\/v2\/types\/product"}],"replies":[{"embeddable":true,"href":"https:\/\/www.dressing-fashion.fr\/index.php\/wp-json\/wp\/v2\/comments?post=22703"}],"version-history":[{"count":2,"href":"https:\/\/www.dressing-fashion.fr\/index.php\/wp-json\/wp\/v2\/product\/22703\/revisions"}],"predecessor-version":[{"id":24513,"href":"https:\/\/www.dressing-fashion.fr\/index.php\/wp-json\/wp\/v2\/product\/22703\/revisions\/24513"}],"wp:featuredmedia":[{"embeddable":true,"href":"https:\/\/www.dressing-fashion.fr\/index.php\/wp-json\/wp\/v2\/media\/22708"}],"wp:attachment":[{"href":"https:\/\/www.dressing-fashion.fr\/index.php\/wp-json\/wp\/v2\/media?parent=22703"}],"wp:term":[{"taxonomy":"product_brand","embeddable":true,"href":"https:\/\/www.dressing-fashion.fr\/index.php\/wp-json\/wp\/v2\/product_brand?post=22703"},{"taxonomy":"product_cat","embeddable":true,"href":"https:\/\/www.dressing-fashion.fr\/index.php\/wp-json\/wp\/v2\/product_cat?post=22703"},{"taxonomy":"product_tag","embeddable":true,"href":"https:\/\/www.dressing-fashion.fr\/index.php\/wp-json\/wp\/v2\/product_tag?post=22703"}],"curies":[{"name":"wp","href":"https:\/\/api.w.org\/{rel}","templated":true}]}}