{"id":22413,"date":"2024-09-15T16:32:08","date_gmt":"2024-09-15T14:32:08","guid":{"rendered":"https:\/\/www.dressing-fashion.fr\/?post_type=product&#038;p=22413"},"modified":"2025-01-05T18:01:31","modified_gmt":"2025-01-05T17:01:31","slug":"veste-crane","status":"publish","type":"product","link":"https:\/\/www.dressing-fashion.fr\/index.php\/produit\/veste-crane\/","title":{"rendered":"Veste Cr\u00e2ne"},"content":{"rendered":"<p>&nbsp;<\/p>\n<p>Veste Cr\u00e2ne<\/p>\n<p>Cette veste style su\u00e9dine beige et noire arbore un design artistique audacieux avec des motifs urbains, dont un cr\u00e2ne color\u00e9 \u00e0 l&rsquo;arri\u00e8re, des \u00e9claboussures de peinture, et des inscriptions comme \u00ab\u00a0LOVE\u00a0\u00bb et \u00ab\u00a0ROCK STAR\u00a0\u00bb. Le m\u00e9lange de style vintage et street art lui donne un caract\u00e8re unique et rebelle, parfait pour un look affirm\u00e9.<\/p>\n<ul>\n<li>Manches longues<\/li>\n<li>Couleur beige<\/li>\n<li>Tr\u00e8s chic<\/li>\n<li>Poches sur les c\u00f4t\u00e9s<\/li>\n<li>Taille unique qui correspond jusqu&rsquo;\u00e0 la taille 46\/48<\/li>\n<\/ul>\n<p>Mati\u00e8re : 95% Polyester 5% Elasthanne<\/p>\n<p>Le mannequin mesure 1m73 et taille un 46\/48.<\/p>\n<p>Les accessoires sont vendus s\u00e9par\u00e9ment.<\/p>\n<p>Lavage en machine \u00e0 froid \u2013 Programme d\u00e9licat \u2013 Eau de javel interdite<\/p>\n","protected":false},"excerpt":{"rendered":"<p>&nbsp; Veste Cr\u00e2ne Cette veste style su\u00e9dine beige et noire arbore un design artistique audacieux avec des motifs urbains, dont un cr\u00e2ne color\u00e9 \u00e0 l&rsquo;arri\u00e8re, des \u00e9claboussures de peinture, et des inscriptions comme \u00ab\u00a0LOVE\u00a0\u00bb et \u00ab\u00a0ROCK STAR\u00a0\u00bb. Le m\u00e9lange de style vintage et street art lui donne un caract\u00e8re unique et rebelle, parfait pour un [&hellip;]<\/p>\n","protected":false},"featured_media":22673,"comment_status":"open","ping_status":"closed","template":"","meta":{"site-sidebar-layout":"default","site-content-layout":"default","ast-site-content-layout":"default","site-content-style":"default","site-sidebar-style":"default","ast-global-header-display":"","ast-banner-title-visibility":"","ast-main-header-display":"","ast-hfb-above-header-display":"","ast-hfb-below-header-display":"","ast-hfb-mobile-header-display":"","site-post-title":"","ast-breadcrumbs-content":"","ast-featured-img":"","footer-sml-layout":"","ast-disable-related-posts":"","theme-transparent-header-meta":"default","adv-header-id-meta":"","stick-header-meta":"","header-above-stick-meta":"","header-main-stick-meta":"","header-below-stick-meta":"","astra-migrate-meta-layouts":"set","ast-page-background-enabled":"default","ast-page-background-meta":{"desktop":{"background-color":"","background-image":"","background-repeat":"repeat","background-position":"center center","background-size":"auto","background-attachment":"scroll","background-type":"","background-media":"","overlay-type":"","overlay-color":"","overlay-opacity":"","overlay-gradient":""},"tablet":{"background-color":"","background-image":"","background-repeat":"repeat","background-position":"center center","background-size":"auto","background-attachment":"scroll","background-type":"","background-media":"","overlay-type":"","overlay-color":"","overlay-opacity":"","overlay-gradient":""},"mobile":{"background-color":"","background-image":"","background-repeat":"repeat","background-position":"center center","background-size":"auto","background-attachment":"scroll","background-type":"","background-media":"","overlay-type":"","overlay-color":"","overlay-opacity":"","overlay-gradient":""}},"ast-content-background-meta":{"desktop":{"background-color":"var(--ast-global-color-5)","background-image":"","background-repeat":"repeat","background-position":"center center","background-size":"auto","background-attachment":"scroll","background-type":"","background-media":"","overlay-type":"","overlay-color":"","overlay-opacity":"","overlay-gradient":""},"tablet":{"background-color":"var(--ast-global-color-5)","background-image":"","background-repeat":"repeat","background-position":"center center","background-size":"auto","background-attachment":"scroll","background-type":"","background-media":"","overlay-type":"","overlay-color":"","overlay-opacity":"","overlay-gradient":""},"mobile":{"background-color":"var(--ast-global-color-5)","background-image":"","background-repeat":"repeat","background-position":"center center","background-size":"auto","background-attachment":"scroll","background-type":"","background-media":"","overlay-type":"","overlay-color":"","overlay-opacity":"","overlay-gradient":""}},"_glsr_average":0,"_glsr_ranking":0,"_glsr_reviews":0},"product_brand":[],"product_cat":[294,35,108,84,34,24],"product_tag":[],"class_list":{"0":"post-22413","1":"product","2":"type-product","3":"status-publish","4":"has-post-thumbnail","6":"product_cat-collectionfun","7":"product_cat-grandes-tailles","8":"product_cat-nouveautes-de-la-semaine","9":"product_cat-nouvellecollection","10":"product_cat-vestesetblazers","11":"product_cat-vetements","12":"desktop-align-left","13":"tablet-align-left","14":"mobile-align-left","16":"first","17":"instock","18":"sale","19":"shipping-taxable","20":"purchasable","21":"product-type-simple"},"jetpack_sharing_enabled":true,"_links":{"self":[{"href":"https:\/\/www.dressing-fashion.fr\/index.php\/wp-json\/wp\/v2\/product\/22413","targetHints":{"allow":["GET"]}}],"collection":[{"href":"https:\/\/www.dressing-fashion.fr\/index.php\/wp-json\/wp\/v2\/product"}],"about":[{"href":"https:\/\/www.dressing-fashion.fr\/index.php\/wp-json\/wp\/v2\/types\/product"}],"replies":[{"embeddable":true,"href":"https:\/\/www.dressing-fashion.fr\/index.php\/wp-json\/wp\/v2\/comments?post=22413"}],"version-history":[{"count":3,"href":"https:\/\/www.dressing-fashion.fr\/index.php\/wp-json\/wp\/v2\/product\/22413\/revisions"}],"predecessor-version":[{"id":22674,"href":"https:\/\/www.dressing-fashion.fr\/index.php\/wp-json\/wp\/v2\/product\/22413\/revisions\/22674"}],"wp:featuredmedia":[{"embeddable":true,"href":"https:\/\/www.dressing-fashion.fr\/index.php\/wp-json\/wp\/v2\/media\/22673"}],"wp:attachment":[{"href":"https:\/\/www.dressing-fashion.fr\/index.php\/wp-json\/wp\/v2\/media?parent=22413"}],"wp:term":[{"taxonomy":"product_brand","embeddable":true,"href":"https:\/\/www.dressing-fashion.fr\/index.php\/wp-json\/wp\/v2\/product_brand?post=22413"},{"taxonomy":"product_cat","embeddable":true,"href":"https:\/\/www.dressing-fashion.fr\/index.php\/wp-json\/wp\/v2\/product_cat?post=22413"},{"taxonomy":"product_tag","embeddable":true,"href":"https:\/\/www.dressing-fashion.fr\/index.php\/wp-json\/wp\/v2\/product_tag?post=22413"}],"curies":[{"name":"wp","href":"https:\/\/api.w.org\/{rel}","templated":true}]}}