{"id":22116,"date":"2024-08-28T14:21:45","date_gmt":"2024-08-28T12:21:45","guid":{"rendered":"https:\/\/www.dressing-fashion.fr\/?post_type=product&#038;p=22116"},"modified":"2025-03-02T22:39:03","modified_gmt":"2025-03-02T21:39:03","slug":"blazer-a-fleurs","status":"publish","type":"product","link":"https:\/\/www.dressing-fashion.fr\/index.php\/produit\/blazer-a-fleurs\/","title":{"rendered":"Blazer \u00e0 Fleurs"},"content":{"rendered":"<p>Mesdames, messieurs, pr\u00e9parez-vous \u00e0 \u00eatre \u00e9blouis ! J&rsquo;ai trouv\u00e9 LA pi\u00e8ce qui va r\u00e9volutionner votre garde-robe. Imaginez un blazer qui allie style, confort et inclusivit\u00e9. Ce n&rsquo;est pas un r\u00eave, c&rsquo;est une r\u00e9alit\u00e9 ! Avec son motif branch\u00e9 qui attire tous les regards, ce blazer est disponible jusqu&rsquo;\u00e0 la taille 52. Fini les limites, place \u00e0 la mode pour tous ! Que vous soyez en r\u00e9union ou en soir\u00e9e, cette veste sera votre meilleur alli\u00e9. Elle s&rsquo;adapte \u00e0 toutes les morphologies et sublime chaque silhouette. Vous voulez faire sensation ? Osez ce blazer unique qui marie \u00e9l\u00e9gance et tendance. Ne vous contentez plus du basique, embrassez l&rsquo;extraordinaire ! Avec cette pi\u00e8ce, vous ne passerez pas inaper\u00e7u. Alors, pr\u00eat \u00e0 upgrader votre style ?<\/p>\n<ul>\n<li>Manches longues<\/li>\n<li>Tr\u00e8s chic<\/li>\n<li>Fausse poche sur les c\u00f4t\u00e9s<\/li>\n<li>Tour de Poitrine 132 cm<\/li>\n<li>Longueur 70 cm<\/li>\n<li>Tour de bras 40 cm<\/li>\n<li>Taille unique qui correspond jusqu&rsquo;\u00e0 la taille 52<\/li>\n<\/ul>\n<p>Mati\u00e8re : 50% Polyester 50% Viscose<\/p>\n<p>Le mannequin mesure 1m73 et taille un 46\/48.<\/p>\n<p>Les accessoires sont vendus s\u00e9par\u00e9ment.<\/p>\n<p>Lavage en machine \u00e0 froid \u2013 Programme d\u00e9licat \u2013 Eau de javel interdite<\/p>\n","protected":false},"excerpt":{"rendered":"<p>Mesdames, messieurs, pr\u00e9parez-vous \u00e0 \u00eatre \u00e9blouis ! J&rsquo;ai trouv\u00e9 LA pi\u00e8ce qui va r\u00e9volutionner votre garde-robe. Imaginez un blazer qui allie style, confort et inclusivit\u00e9. Ce n&rsquo;est pas un r\u00eave, c&rsquo;est une r\u00e9alit\u00e9 ! Avec son motif branch\u00e9 qui attire tous les regards, ce blazer est disponible jusqu&rsquo;\u00e0 la taille 52. Fini les limites, place [&hellip;]<\/p>\n","protected":false},"featured_media":22117,"comment_status":"open","ping_status":"closed","template":"","meta":{"site-sidebar-layout":"default","site-content-layout":"default","ast-site-content-layout":"default","site-content-style":"default","site-sidebar-style":"default","ast-global-header-display":"","ast-banner-title-visibility":"","ast-main-header-display":"","ast-hfb-above-header-display":"","ast-hfb-below-header-display":"","ast-hfb-mobile-header-display":"","site-post-title":"","ast-breadcrumbs-content":"","ast-featured-img":"","footer-sml-layout":"","ast-disable-related-posts":"","theme-transparent-header-meta":"default","adv-header-id-meta":"","stick-header-meta":"","header-above-stick-meta":"","header-main-stick-meta":"","header-below-stick-meta":"","astra-migrate-meta-layouts":"set","ast-page-background-enabled":"default","ast-page-background-meta":{"desktop":{"background-color":"","background-image":"","background-repeat":"repeat","background-position":"center center","background-size":"auto","background-attachment":"scroll","background-type":"","background-media":"","overlay-type":"","overlay-color":"","overlay-opacity":"","overlay-gradient":""},"tablet":{"background-color":"","background-image":"","background-repeat":"repeat","background-position":"center center","background-size":"auto","background-attachment":"scroll","background-type":"","background-media":"","overlay-type":"","overlay-color":"","overlay-opacity":"","overlay-gradient":""},"mobile":{"background-color":"","background-image":"","background-repeat":"repeat","background-position":"center center","background-size":"auto","background-attachment":"scroll","background-type":"","background-media":"","overlay-type":"","overlay-color":"","overlay-opacity":"","overlay-gradient":""}},"ast-content-background-meta":{"desktop":{"background-color":"var(--ast-global-color-5)","background-image":"","background-repeat":"repeat","background-position":"center center","background-size":"auto","background-attachment":"scroll","background-type":"","background-media":"","overlay-type":"","overlay-color":"","overlay-opacity":"","overlay-gradient":""},"tablet":{"background-color":"var(--ast-global-color-5)","background-image":"","background-repeat":"repeat","background-position":"center center","background-size":"auto","background-attachment":"scroll","background-type":"","background-media":"","overlay-type":"","overlay-color":"","overlay-opacity":"","overlay-gradient":""},"mobile":{"background-color":"var(--ast-global-color-5)","background-image":"","background-repeat":"repeat","background-position":"center center","background-size":"auto","background-attachment":"scroll","background-type":"","background-media":"","overlay-type":"","overlay-color":"","overlay-opacity":"","overlay-gradient":""}},"_glsr_average":0,"_glsr_ranking":0,"_glsr_reviews":0},"product_brand":[],"product_cat":[294,35,108,84,34,24],"product_tag":[],"class_list":{"0":"post-22116","1":"product","2":"type-product","3":"status-publish","4":"has-post-thumbnail","6":"product_cat-collectionfun","7":"product_cat-grandes-tailles","8":"product_cat-nouveautes-de-la-semaine","9":"product_cat-nouvellecollection","10":"product_cat-vestesetblazers","11":"product_cat-vetements","12":"desktop-align-left","13":"tablet-align-left","14":"mobile-align-left","16":"first","17":"outofstock","18":"sale","19":"shipping-taxable","20":"purchasable","21":"product-type-simple"},"jetpack_sharing_enabled":true,"_links":{"self":[{"href":"https:\/\/www.dressing-fashion.fr\/index.php\/wp-json\/wp\/v2\/product\/22116","targetHints":{"allow":["GET"]}}],"collection":[{"href":"https:\/\/www.dressing-fashion.fr\/index.php\/wp-json\/wp\/v2\/product"}],"about":[{"href":"https:\/\/www.dressing-fashion.fr\/index.php\/wp-json\/wp\/v2\/types\/product"}],"replies":[{"embeddable":true,"href":"https:\/\/www.dressing-fashion.fr\/index.php\/wp-json\/wp\/v2\/comments?post=22116"}],"version-history":[{"count":1,"href":"https:\/\/www.dressing-fashion.fr\/index.php\/wp-json\/wp\/v2\/product\/22116\/revisions"}],"predecessor-version":[{"id":22122,"href":"https:\/\/www.dressing-fashion.fr\/index.php\/wp-json\/wp\/v2\/product\/22116\/revisions\/22122"}],"wp:featuredmedia":[{"embeddable":true,"href":"https:\/\/www.dressing-fashion.fr\/index.php\/wp-json\/wp\/v2\/media\/22117"}],"wp:attachment":[{"href":"https:\/\/www.dressing-fashion.fr\/index.php\/wp-json\/wp\/v2\/media?parent=22116"}],"wp:term":[{"taxonomy":"product_brand","embeddable":true,"href":"https:\/\/www.dressing-fashion.fr\/index.php\/wp-json\/wp\/v2\/product_brand?post=22116"},{"taxonomy":"product_cat","embeddable":true,"href":"https:\/\/www.dressing-fashion.fr\/index.php\/wp-json\/wp\/v2\/product_cat?post=22116"},{"taxonomy":"product_tag","embeddable":true,"href":"https:\/\/www.dressing-fashion.fr\/index.php\/wp-json\/wp\/v2\/product_tag?post=22116"}],"curies":[{"name":"wp","href":"https:\/\/api.w.org\/{rel}","templated":true}]}}