{"id":21211,"date":"2024-05-28T21:36:29","date_gmt":"2024-05-28T19:36:29","guid":{"rendered":"https:\/\/www.dressing-fashion.fr\/?post_type=product&#038;p=21211"},"modified":"2026-02-22T18:21:47","modified_gmt":"2026-02-22T17:21:47","slug":"ensemble-diva","status":"publish","type":"product","link":"https:\/\/www.dressing-fashion.fr\/index.php\/produit\/ensemble-diva\/","title":{"rendered":"Ensemble Diva"},"content":{"rendered":"<p>Ensemble Diva<br \/>\nJoli ensemble, tr\u00e8s belle qualit\u00e9 et tissu agr\u00e9able \u00e0 porter, mati\u00e8re extensible( polyester et viscose).<br \/>\nCet ensemble se compose d&rsquo;une robe tunique asym\u00e9trique ample( large \u00e0 la poitrine : taille unique jusqu&rsquo;au 56\/58 pour la tunique),manches courtes larges, col arrondi . Et un pantalon large tout \u00e9lastiqu\u00e9 \u00e0 la taille ( taille unique jusqu&rsquo;au 50\/52 pour le pantalon)<\/p>\n<p>Variez votre tenue en ne portant que la robe ou l&rsquo;ensemble robe+pantalon<\/p>\n<p>Id\u00e9ale pour vos c\u00e9r\u00e9monies vous ne passerez pas inaper\u00e7ue!!!!<\/p>\n<p>Plusieurs coloris au choix<\/p>\n<ul>\n<li>Agr\u00e9able \u00e0 porter<\/li>\n<li>Col rond<\/li>\n<li>Manches courtes<\/li>\n<li>Tour de poitrine 160 cm<\/li>\n<li>Pantalon correspond du 46 au 52<\/li>\n<li>Tunique correspond jusqu\u2019au 56\/58<\/li>\n<\/ul>\n<p>Mati\u00e8re :\u00a0 \u00a045% Viscose 50% Polyester 5% Elasthanne<\/p>\n<p>Le mannequin mesure 1m66 et taille un 44.<\/p>\n<p>Les accessoires sont vendus s\u00e9par\u00e9ment.<\/p>\n<p>Lavage en machine \u00e0 froid \u2013 Programme d\u00e9licat \u2013 Eau de javel interdite<\/p>\n","protected":false},"excerpt":{"rendered":"<p>Ensemble Diva Joli ensemble, tr\u00e8s belle qualit\u00e9 et tissu agr\u00e9able \u00e0 porter, mati\u00e8re extensible( polyester et viscose). Cet ensemble se compose d&rsquo;une robe tunique asym\u00e9trique ample( large \u00e0 la poitrine : taille unique jusqu&rsquo;au 56\/58 pour la tunique),manches courtes larges, col arrondi . Et un pantalon large tout \u00e9lastiqu\u00e9 \u00e0 la taille ( taille unique [&hellip;]<\/p>\n","protected":false},"featured_media":21229,"comment_status":"open","ping_status":"closed","template":"","meta":{"site-sidebar-layout":"default","site-content-layout":"default","ast-site-content-layout":"default","site-content-style":"default","site-sidebar-style":"default","ast-global-header-display":"","ast-banner-title-visibility":"","ast-main-header-display":"","ast-hfb-above-header-display":"","ast-hfb-below-header-display":"","ast-hfb-mobile-header-display":"","site-post-title":"","ast-breadcrumbs-content":"","ast-featured-img":"","footer-sml-layout":"","ast-disable-related-posts":"","theme-transparent-header-meta":"default","adv-header-id-meta":"","stick-header-meta":"","header-above-stick-meta":"","header-main-stick-meta":"","header-below-stick-meta":"","astra-migrate-meta-layouts":"set","ast-page-background-enabled":"default","ast-page-background-meta":{"desktop":{"background-color":"","background-image":"","background-repeat":"repeat","background-position":"center center","background-size":"auto","background-attachment":"scroll","background-type":"","background-media":"","overlay-type":"","overlay-color":"","overlay-opacity":"","overlay-gradient":""},"tablet":{"background-color":"","background-image":"","background-repeat":"repeat","background-position":"center center","background-size":"auto","background-attachment":"scroll","background-type":"","background-media":"","overlay-type":"","overlay-color":"","overlay-opacity":"","overlay-gradient":""},"mobile":{"background-color":"","background-image":"","background-repeat":"repeat","background-position":"center center","background-size":"auto","background-attachment":"scroll","background-type":"","background-media":"","overlay-type":"","overlay-color":"","overlay-opacity":"","overlay-gradient":""}},"ast-content-background-meta":{"desktop":{"background-color":"var(--ast-global-color-5)","background-image":"","background-repeat":"repeat","background-position":"center center","background-size":"auto","background-attachment":"scroll","background-type":"","background-media":"","overlay-type":"","overlay-color":"","overlay-opacity":"","overlay-gradient":""},"tablet":{"background-color":"var(--ast-global-color-5)","background-image":"","background-repeat":"repeat","background-position":"center center","background-size":"auto","background-attachment":"scroll","background-type":"","background-media":"","overlay-type":"","overlay-color":"","overlay-opacity":"","overlay-gradient":""},"mobile":{"background-color":"var(--ast-global-color-5)","background-image":"","background-repeat":"repeat","background-position":"center center","background-size":"auto","background-attachment":"scroll","background-type":"","background-media":"","overlay-type":"","overlay-color":"","overlay-opacity":"","overlay-gradient":""}},"_glsr_average":0,"_glsr_ranking":0,"_glsr_reviews":0},"product_brand":[],"product_cat":[227,35,108,84,24],"product_tag":[],"class_list":{"0":"post-21211","1":"product","2":"type-product","3":"status-publish","4":"has-post-thumbnail","6":"product_cat-ensemble","7":"product_cat-grandes-tailles","8":"product_cat-nouveautes-de-la-semaine","9":"product_cat-nouvellecollection","10":"product_cat-vetements","11":"desktop-align-left","12":"tablet-align-left","13":"mobile-align-left","15":"first","16":"outofstock","17":"shipping-taxable","18":"product-type-variable"},"jetpack_sharing_enabled":true,"_links":{"self":[{"href":"https:\/\/www.dressing-fashion.fr\/index.php\/wp-json\/wp\/v2\/product\/21211","targetHints":{"allow":["GET"]}}],"collection":[{"href":"https:\/\/www.dressing-fashion.fr\/index.php\/wp-json\/wp\/v2\/product"}],"about":[{"href":"https:\/\/www.dressing-fashion.fr\/index.php\/wp-json\/wp\/v2\/types\/product"}],"replies":[{"embeddable":true,"href":"https:\/\/www.dressing-fashion.fr\/index.php\/wp-json\/wp\/v2\/comments?post=21211"}],"version-history":[{"count":1,"href":"https:\/\/www.dressing-fashion.fr\/index.php\/wp-json\/wp\/v2\/product\/21211\/revisions"}],"predecessor-version":[{"id":21247,"href":"https:\/\/www.dressing-fashion.fr\/index.php\/wp-json\/wp\/v2\/product\/21211\/revisions\/21247"}],"wp:featuredmedia":[{"embeddable":true,"href":"https:\/\/www.dressing-fashion.fr\/index.php\/wp-json\/wp\/v2\/media\/21229"}],"wp:attachment":[{"href":"https:\/\/www.dressing-fashion.fr\/index.php\/wp-json\/wp\/v2\/media?parent=21211"}],"wp:term":[{"taxonomy":"product_brand","embeddable":true,"href":"https:\/\/www.dressing-fashion.fr\/index.php\/wp-json\/wp\/v2\/product_brand?post=21211"},{"taxonomy":"product_cat","embeddable":true,"href":"https:\/\/www.dressing-fashion.fr\/index.php\/wp-json\/wp\/v2\/product_cat?post=21211"},{"taxonomy":"product_tag","embeddable":true,"href":"https:\/\/www.dressing-fashion.fr\/index.php\/wp-json\/wp\/v2\/product_tag?post=21211"}],"curies":[{"name":"wp","href":"https:\/\/api.w.org\/{rel}","templated":true}]}}