{"id":20630,"date":"2024-03-31T11:59:34","date_gmt":"2024-03-31T09:59:34","guid":{"rendered":"https:\/\/www.dressing-fashion.fr\/?post_type=product&#038;p=20630"},"modified":"2024-06-03T11:21:56","modified_gmt":"2024-06-03T09:21:56","slug":"doudoune-maya-orange","status":"publish","type":"product","link":"https:\/\/www.dressing-fashion.fr\/index.php\/produit\/doudoune-maya-orange\/","title":{"rendered":"Doudoune Maya Orange"},"content":{"rendered":"<p>Magnifique doudoune sans manches avec applications 3 marguerites, mod\u00e8le super tendance en ce moment, fermeture \u00e9clair sur le devant.<br \/>\nId\u00e9ale pour\u00a0 le printemps.<br \/>\nTaille unique jusqu&rsquo;au 46\/48<br \/>\nTour de poitrine 117cm<\/p>\n<ul>\n<li>Sans Manches<\/li>\n<li>Fermeture \u00e9clair<\/li>\n<li>Taille unique qui correspond jusqu&rsquo;au 46\/48<\/li>\n<li>Longueur 63cm<\/li>\n<\/ul>\n<p>Mati\u00e8re : 100% Polyester<\/p>\n<p>Le mannequin mesure 1m66 et taille un 44<\/p>\n<p>&nbsp;<\/p>\n<p>Les accessoires sont vendus s\u00e9par\u00e9ment.<\/p>\n<p>Lavage\u00a0 \u00e0 main \u2013\u00a0 Eau de javel interdite<\/p>\n","protected":false},"excerpt":{"rendered":"<p>Magnifique doudoune sans manches avec applications 3 marguerites, mod\u00e8le super tendance en ce moment, fermeture \u00e9clair sur le devant. Id\u00e9ale pour\u00a0 le printemps. Taille unique jusqu&rsquo;au 46\/48 Tour de poitrine 117cm Sans Manches Fermeture \u00e9clair Taille unique qui correspond jusqu&rsquo;au 46\/48 Longueur 63cm Mati\u00e8re : 100% Polyester Le mannequin mesure 1m66 et taille un 44 [&hellip;]<\/p>\n","protected":false},"featured_media":20634,"comment_status":"open","ping_status":"closed","template":"","meta":{"site-sidebar-layout":"default","site-content-layout":"default","ast-site-content-layout":"default","site-content-style":"default","site-sidebar-style":"default","ast-global-header-display":"","ast-banner-title-visibility":"","ast-main-header-display":"","ast-hfb-above-header-display":"","ast-hfb-below-header-display":"","ast-hfb-mobile-header-display":"","site-post-title":"","ast-breadcrumbs-content":"","ast-featured-img":"","footer-sml-layout":"","ast-disable-related-posts":"","theme-transparent-header-meta":"default","adv-header-id-meta":"","stick-header-meta":"","header-above-stick-meta":"","header-main-stick-meta":"","header-below-stick-meta":"","astra-migrate-meta-layouts":"set","ast-page-background-enabled":"default","ast-page-background-meta":{"desktop":{"background-color":"","background-image":"","background-repeat":"repeat","background-position":"center center","background-size":"auto","background-attachment":"scroll","background-type":"","background-media":"","overlay-type":"","overlay-color":"","overlay-opacity":"","overlay-gradient":""},"tablet":{"background-color":"","background-image":"","background-repeat":"repeat","background-position":"center center","background-size":"auto","background-attachment":"scroll","background-type":"","background-media":"","overlay-type":"","overlay-color":"","overlay-opacity":"","overlay-gradient":""},"mobile":{"background-color":"","background-image":"","background-repeat":"repeat","background-position":"center center","background-size":"auto","background-attachment":"scroll","background-type":"","background-media":"","overlay-type":"","overlay-color":"","overlay-opacity":"","overlay-gradient":""}},"ast-content-background-meta":{"desktop":{"background-color":"var(--ast-global-color-5)","background-image":"","background-repeat":"repeat","background-position":"center center","background-size":"auto","background-attachment":"scroll","background-type":"","background-media":"","overlay-type":"","overlay-color":"","overlay-opacity":"","overlay-gradient":""},"tablet":{"background-color":"var(--ast-global-color-5)","background-image":"","background-repeat":"repeat","background-position":"center center","background-size":"auto","background-attachment":"scroll","background-type":"","background-media":"","overlay-type":"","overlay-color":"","overlay-opacity":"","overlay-gradient":""},"mobile":{"background-color":"var(--ast-global-color-5)","background-image":"","background-repeat":"repeat","background-position":"center center","background-size":"auto","background-attachment":"scroll","background-type":"","background-media":"","overlay-type":"","overlay-color":"","overlay-opacity":"","overlay-gradient":""}},"_glsr_average":0,"_glsr_ranking":0,"_glsr_reviews":0},"product_brand":[],"product_cat":[108,84,34,24],"product_tag":[],"class_list":{"0":"post-20630","1":"product","2":"type-product","3":"status-publish","4":"has-post-thumbnail","6":"product_cat-nouveautes-de-la-semaine","7":"product_cat-nouvellecollection","8":"product_cat-vestesetblazers","9":"product_cat-vetements","10":"desktop-align-left","11":"tablet-align-left","12":"mobile-align-left","14":"first","15":"outofstock","16":"sale","17":"shipping-taxable","18":"purchasable","19":"product-type-simple"},"jetpack_sharing_enabled":true,"_links":{"self":[{"href":"https:\/\/www.dressing-fashion.fr\/index.php\/wp-json\/wp\/v2\/product\/20630","targetHints":{"allow":["GET"]}}],"collection":[{"href":"https:\/\/www.dressing-fashion.fr\/index.php\/wp-json\/wp\/v2\/product"}],"about":[{"href":"https:\/\/www.dressing-fashion.fr\/index.php\/wp-json\/wp\/v2\/types\/product"}],"replies":[{"embeddable":true,"href":"https:\/\/www.dressing-fashion.fr\/index.php\/wp-json\/wp\/v2\/comments?post=20630"}],"version-history":[{"count":1,"href":"https:\/\/www.dressing-fashion.fr\/index.php\/wp-json\/wp\/v2\/product\/20630\/revisions"}],"predecessor-version":[{"id":20635,"href":"https:\/\/www.dressing-fashion.fr\/index.php\/wp-json\/wp\/v2\/product\/20630\/revisions\/20635"}],"wp:featuredmedia":[{"embeddable":true,"href":"https:\/\/www.dressing-fashion.fr\/index.php\/wp-json\/wp\/v2\/media\/20634"}],"wp:attachment":[{"href":"https:\/\/www.dressing-fashion.fr\/index.php\/wp-json\/wp\/v2\/media?parent=20630"}],"wp:term":[{"taxonomy":"product_brand","embeddable":true,"href":"https:\/\/www.dressing-fashion.fr\/index.php\/wp-json\/wp\/v2\/product_brand?post=20630"},{"taxonomy":"product_cat","embeddable":true,"href":"https:\/\/www.dressing-fashion.fr\/index.php\/wp-json\/wp\/v2\/product_cat?post=20630"},{"taxonomy":"product_tag","embeddable":true,"href":"https:\/\/www.dressing-fashion.fr\/index.php\/wp-json\/wp\/v2\/product_tag?post=20630"}],"curies":[{"name":"wp","href":"https:\/\/api.w.org\/{rel}","templated":true}]}}