{"id":16703,"date":"2023-10-05T17:34:33","date_gmt":"2023-10-05T15:34:33","guid":{"rendered":"https:\/\/www.dressing-fashion.fr\/?post_type=product&#038;p=16703"},"modified":"2023-10-12T11:16:47","modified_gmt":"2023-10-12T09:16:47","slug":"pull-love","status":"publish","type":"product","link":"https:\/\/www.dressing-fashion.fr\/index.php\/produit\/pull-love\/","title":{"rendered":"Pull Love"},"content":{"rendered":"<p>&nbsp;<\/p>\n<p>Pull oversize Love<br \/>\nManches longues, effet Couture ext\u00e9rieur aux \u00e9paules, grand col en V.<br \/>\nTaille unique<br \/>\nPull beige \u00e9criture orange<\/p>\n<p>&nbsp;<\/p>\n<ul>\n<li>Coupe Oversize<\/li>\n<li>Manches longues<\/li>\n<li>Mati\u00e8re 50% acrylic, 20% polyamid, 10% viscosa, 10% lana, 10% mohair<\/li>\n<li>Taille unique qui correspond du 38 au 54<\/li>\n<li>140cm de tour de poitrine<\/li>\n<li>Le mannequin mesure 1m66 et taille un 44<\/li>\n<li>Les accessoires sont vendus s\u00e9par\u00e9ment.<\/li>\n<\/ul>\n<p>Lavage \u00e0 main e\u2013 Eau de javel interdite<\/p>\n","protected":false},"excerpt":{"rendered":"<p>&nbsp; Pull oversize Love Manches longues, effet Couture ext\u00e9rieur aux \u00e9paules, grand col en V. Taille unique Pull beige \u00e9criture orange &nbsp; Coupe Oversize Manches longues Mati\u00e8re 50% acrylic, 20% polyamid, 10% viscosa, 10% lana, 10% mohair Taille unique qui correspond du 38 au 54 140cm de tour de poitrine Le mannequin mesure 1m66 et [&hellip;]<\/p>\n","protected":false},"featured_media":16707,"comment_status":"open","ping_status":"closed","template":"","meta":{"site-sidebar-layout":"default","site-content-layout":"default","ast-site-content-layout":"default","site-content-style":"default","site-sidebar-style":"default","ast-global-header-display":"","ast-banner-title-visibility":"","ast-main-header-display":"","ast-hfb-above-header-display":"","ast-hfb-below-header-display":"","ast-hfb-mobile-header-display":"","site-post-title":"","ast-breadcrumbs-content":"","ast-featured-img":"","footer-sml-layout":"","ast-disable-related-posts":"","theme-transparent-header-meta":"default","adv-header-id-meta":"","stick-header-meta":"","header-above-stick-meta":"","header-main-stick-meta":"","header-below-stick-meta":"","astra-migrate-meta-layouts":"set","ast-page-background-enabled":"default","ast-page-background-meta":{"desktop":{"background-color":"","background-image":"","background-repeat":"repeat","background-position":"center center","background-size":"auto","background-attachment":"scroll","background-type":"","background-media":"","overlay-type":"","overlay-color":"","overlay-opacity":"","overlay-gradient":""},"tablet":{"background-color":"","background-image":"","background-repeat":"repeat","background-position":"center center","background-size":"auto","background-attachment":"scroll","background-type":"","background-media":"","overlay-type":"","overlay-color":"","overlay-opacity":"","overlay-gradient":""},"mobile":{"background-color":"","background-image":"","background-repeat":"repeat","background-position":"center center","background-size":"auto","background-attachment":"scroll","background-type":"","background-media":"","overlay-type":"","overlay-color":"","overlay-opacity":"","overlay-gradient":""}},"ast-content-background-meta":{"desktop":{"background-color":"var(--ast-global-color-5)","background-image":"","background-repeat":"repeat","background-position":"center center","background-size":"auto","background-attachment":"scroll","background-type":"","background-media":"","overlay-type":"","overlay-color":"","overlay-opacity":"","overlay-gradient":""},"tablet":{"background-color":"var(--ast-global-color-5)","background-image":"","background-repeat":"repeat","background-position":"center center","background-size":"auto","background-attachment":"scroll","background-type":"","background-media":"","overlay-type":"","overlay-color":"","overlay-opacity":"","overlay-gradient":""},"mobile":{"background-color":"var(--ast-global-color-5)","background-image":"","background-repeat":"repeat","background-position":"center center","background-size":"auto","background-attachment":"scroll","background-type":"","background-media":"","overlay-type":"","overlay-color":"","overlay-opacity":"","overlay-gradient":""}},"_glsr_average":0,"_glsr_ranking":0,"_glsr_reviews":0},"product_brand":[],"product_cat":[35,108,84,40],"product_tag":[],"class_list":{"0":"post-16703","1":"product","2":"type-product","3":"status-publish","4":"has-post-thumbnail","6":"product_cat-grandes-tailles","7":"product_cat-nouveautes-de-la-semaine","8":"product_cat-nouvellecollection","9":"product_cat-pullsetgilets","10":"desktop-align-left","11":"tablet-align-left","12":"mobile-align-left","14":"first","15":"outofstock","16":"shipping-taxable","17":"purchasable","18":"product-type-simple"},"jetpack_sharing_enabled":true,"_links":{"self":[{"href":"https:\/\/www.dressing-fashion.fr\/index.php\/wp-json\/wp\/v2\/product\/16703","targetHints":{"allow":["GET"]}}],"collection":[{"href":"https:\/\/www.dressing-fashion.fr\/index.php\/wp-json\/wp\/v2\/product"}],"about":[{"href":"https:\/\/www.dressing-fashion.fr\/index.php\/wp-json\/wp\/v2\/types\/product"}],"replies":[{"embeddable":true,"href":"https:\/\/www.dressing-fashion.fr\/index.php\/wp-json\/wp\/v2\/comments?post=16703"}],"version-history":[{"count":1,"href":"https:\/\/www.dressing-fashion.fr\/index.php\/wp-json\/wp\/v2\/product\/16703\/revisions"}],"predecessor-version":[{"id":16713,"href":"https:\/\/www.dressing-fashion.fr\/index.php\/wp-json\/wp\/v2\/product\/16703\/revisions\/16713"}],"wp:featuredmedia":[{"embeddable":true,"href":"https:\/\/www.dressing-fashion.fr\/index.php\/wp-json\/wp\/v2\/media\/16707"}],"wp:attachment":[{"href":"https:\/\/www.dressing-fashion.fr\/index.php\/wp-json\/wp\/v2\/media?parent=16703"}],"wp:term":[{"taxonomy":"product_brand","embeddable":true,"href":"https:\/\/www.dressing-fashion.fr\/index.php\/wp-json\/wp\/v2\/product_brand?post=16703"},{"taxonomy":"product_cat","embeddable":true,"href":"https:\/\/www.dressing-fashion.fr\/index.php\/wp-json\/wp\/v2\/product_cat?post=16703"},{"taxonomy":"product_tag","embeddable":true,"href":"https:\/\/www.dressing-fashion.fr\/index.php\/wp-json\/wp\/v2\/product_tag?post=16703"}],"curies":[{"name":"wp","href":"https:\/\/api.w.org\/{rel}","templated":true}]}}