{"id":10531,"date":"2022-10-21T17:51:00","date_gmt":"2022-10-21T15:51:00","guid":{"rendered":"https:\/\/www.dressing-fashion.fr\/?post_type=product&#038;p=10531"},"modified":"2023-05-23T14:13:35","modified_gmt":"2023-05-23T12:13:35","slug":"robe-sweat-shirt-desenho-wonderwoman","status":"publish","type":"product","link":"https:\/\/www.dressing-fashion.fr\/index.php\/produit\/robe-sweat-shirt-desenho-wonderwoman\/","title":{"rendered":"Robe Sweat-shirt Desenho Wonderwoman"},"content":{"rendered":"<p>Le sweat-shirt Robe est synonyme de confort et de polyvalence.<br \/>\nAppr\u00e9ci\u00e9 des amateurs de mode, le style de cette robe est intemporel et permet d&rsquo;obtenir des looks originaux. Et avec cette article tr\u00e8s originale, vous pouvez composer des looks d\u00e9contract\u00e9s.<br \/>\nCette robe sweat-shirt est dot\u00e9e d&rsquo;une capuche, ce qui rend le look plus beau et plus d\u00e9contract\u00e9.<\/p>\n<ul>\n<li>Agr\u00e9able \u00e0 porter<\/li>\n<li>Col rond<\/li>\n<li>Capuche<\/li>\n<li>Manches longues<\/li>\n<li>Poches<\/li>\n<li>Peut-\u00eatre port\u00e9 comme une robe sweat-shirt<\/li>\n<li>Taille unique qui correspond jusqu\u2019au 48<\/li>\n<\/ul>\n<p>Mati\u00e8re : 95% Coton 5% Elasthanne<\/p>\n<p>Le mannequin mesure 1m66 et taille un 42\/44.<\/p>\n<p>Les accessoires sont vendus s\u00e9par\u00e9ment.<\/p>\n<p>Lavage en machine \u00e0 froid \u2013 Programme d\u00e9licat \u2013 Eau de javel interdite<\/p>\n","protected":false},"excerpt":{"rendered":"<p>Le sweat-shirt Robe est synonyme de confort et de polyvalence. Appr\u00e9ci\u00e9 des amateurs de mode, le style de cette robe est intemporel et permet d&rsquo;obtenir des looks originaux. Et avec cette article tr\u00e8s originale, vous pouvez composer des looks d\u00e9contract\u00e9s. Cette robe sweat-shirt est dot\u00e9e d&rsquo;une capuche, ce qui rend le look plus beau et [&hellip;]<\/p>\n","protected":false},"featured_media":10517,"comment_status":"open","ping_status":"closed","template":"","meta":{"site-sidebar-layout":"default","site-content-layout":"default","ast-site-content-layout":"default","site-content-style":"default","site-sidebar-style":"default","ast-global-header-display":"","ast-banner-title-visibility":"","ast-main-header-display":"","ast-hfb-above-header-display":"","ast-hfb-below-header-display":"","ast-hfb-mobile-header-display":"","site-post-title":"","ast-breadcrumbs-content":"","ast-featured-img":"","footer-sml-layout":"","ast-disable-related-posts":"","theme-transparent-header-meta":"default","adv-header-id-meta":"","stick-header-meta":"","header-above-stick-meta":"","header-main-stick-meta":"","header-below-stick-meta":"","astra-migrate-meta-layouts":"default","ast-page-background-enabled":"default","ast-page-background-meta":{"desktop":{"background-color":"","background-image":"","background-repeat":"repeat","background-position":"center center","background-size":"auto","background-attachment":"scroll","background-type":"","background-media":"","overlay-type":"","overlay-color":"","overlay-opacity":"","overlay-gradient":""},"tablet":{"background-color":"","background-image":"","background-repeat":"repeat","background-position":"center center","background-size":"auto","background-attachment":"scroll","background-type":"","background-media":"","overlay-type":"","overlay-color":"","overlay-opacity":"","overlay-gradient":""},"mobile":{"background-color":"","background-image":"","background-repeat":"repeat","background-position":"center center","background-size":"auto","background-attachment":"scroll","background-type":"","background-media":"","overlay-type":"","overlay-color":"","overlay-opacity":"","overlay-gradient":""}},"ast-content-background-meta":{"desktop":{"background-color":"var(--ast-global-color-5)","background-image":"","background-repeat":"repeat","background-position":"center center","background-size":"auto","background-attachment":"scroll","background-type":"","background-media":"","overlay-type":"","overlay-color":"","overlay-opacity":"","overlay-gradient":""},"tablet":{"background-color":"var(--ast-global-color-5)","background-image":"","background-repeat":"repeat","background-position":"center center","background-size":"auto","background-attachment":"scroll","background-type":"","background-media":"","overlay-type":"","overlay-color":"","overlay-opacity":"","overlay-gradient":""},"mobile":{"background-color":"var(--ast-global-color-5)","background-image":"","background-repeat":"repeat","background-position":"center center","background-size":"auto","background-attachment":"scroll","background-type":"","background-media":"","overlay-type":"","overlay-color":"","overlay-opacity":"","overlay-gradient":""}},"_glsr_average":0,"_glsr_ranking":0,"_glsr_reviews":0},"product_brand":[],"product_cat":[59,26,35,40,31,41,33,24],"product_tag":[],"class_list":{"0":"post-10531","1":"product","2":"type-product","3":"status-publish","4":"has-post-thumbnail","6":"product_cat-bon-plan","7":"product_cat-gilets-et-pulls","8":"product_cat-grandes-tailles","9":"product_cat-pullsetgilets","10":"product_cat-robes","11":"product_cat-robes-grandes-tailles","12":"product_cat-sweats","13":"product_cat-vetements","14":"desktop-align-left","15":"tablet-align-left","16":"mobile-align-left","18":"first","19":"outofstock","20":"sale","21":"shipping-taxable","22":"purchasable","23":"product-type-simple"},"jetpack_sharing_enabled":true,"_links":{"self":[{"href":"https:\/\/www.dressing-fashion.fr\/index.php\/wp-json\/wp\/v2\/product\/10531","targetHints":{"allow":["GET"]}}],"collection":[{"href":"https:\/\/www.dressing-fashion.fr\/index.php\/wp-json\/wp\/v2\/product"}],"about":[{"href":"https:\/\/www.dressing-fashion.fr\/index.php\/wp-json\/wp\/v2\/types\/product"}],"replies":[{"embeddable":true,"href":"https:\/\/www.dressing-fashion.fr\/index.php\/wp-json\/wp\/v2\/comments?post=10531"}],"version-history":[{"count":1,"href":"https:\/\/www.dressing-fashion.fr\/index.php\/wp-json\/wp\/v2\/product\/10531\/revisions"}],"predecessor-version":[{"id":11108,"href":"https:\/\/www.dressing-fashion.fr\/index.php\/wp-json\/wp\/v2\/product\/10531\/revisions\/11108"}],"wp:featuredmedia":[{"embeddable":true,"href":"https:\/\/www.dressing-fashion.fr\/index.php\/wp-json\/wp\/v2\/media\/10517"}],"wp:attachment":[{"href":"https:\/\/www.dressing-fashion.fr\/index.php\/wp-json\/wp\/v2\/media?parent=10531"}],"wp:term":[{"taxonomy":"product_brand","embeddable":true,"href":"https:\/\/www.dressing-fashion.fr\/index.php\/wp-json\/wp\/v2\/product_brand?post=10531"},{"taxonomy":"product_cat","embeddable":true,"href":"https:\/\/www.dressing-fashion.fr\/index.php\/wp-json\/wp\/v2\/product_cat?post=10531"},{"taxonomy":"product_tag","embeddable":true,"href":"https:\/\/www.dressing-fashion.fr\/index.php\/wp-json\/wp\/v2\/product_tag?post=10531"}],"curies":[{"name":"wp","href":"https:\/\/api.w.org\/{rel}","templated":true}]}}